{"id":30863,"date":"2020-06-04T17:06:11","date_gmt":"2020-06-04T14:06:11","guid":{"rendered":"https:\/\/beta.masko.lv\/face-mask-development\/"},"modified":"2021-09-02T17:41:10","modified_gmt":"2021-09-02T14:41:10","slug":"face-mask-development","status":"publish","type":"page","link":"https:\/\/beta.masko.lv\/en\/individual-designs\/face-mask-development\/","title":{"rendered":"Face mask development"},"content":{"rendered":"<p>We offer a great opportunity to express yourself. If you want an individual design for a face mask, then you have come to the right place. We will make a face mask or several that will suit your wishes, theme of the event or industry. See information below to get started<\/p>\n<div class=\"wysiwyg-gallery d-flex flex-wrap\">\n            <div class=\"single-gallery-element position-relative overflow-hidden transition-default\">\n            <a href=\"\" data-toggle=\"modal\" data-target=\"#galleryImages0\" data-counter=\"0\" class=\"slider-image-link\">\n                <img src=\"https:\/\/beta.masko.lv\/wp-content\/uploads\/2021\/09\/maska-belgija-768x819.jpg\" class=\"gallery-image position-absolute w-100 h-100\" alt=\"\">\n                            <\/a>\n        <\/div>\n                <div class=\"single-gallery-element position-relative overflow-hidden transition-default\">\n            <a href=\"\" data-toggle=\"modal\" data-target=\"#galleryImages0\" data-counter=\"1\" class=\"slider-image-link\">\n                <img src=\"https:\/\/beta.masko.lv\/wp-content\/uploads\/2021\/09\/maska73-768x819.jpg\" class=\"gallery-image position-absolute w-100 h-100\" alt=\"\">\n                            <\/a>\n        <\/div>\n                <div class=\"single-gallery-element position-relative overflow-hidden transition-default\">\n            <a href=\"\" data-toggle=\"modal\" data-target=\"#galleryImages0\" data-counter=\"2\" class=\"slider-image-link\">\n                <img src=\"https:\/\/beta.masko.lv\/wp-content\/uploads\/2021\/09\/maska82-768x819.jpg\" class=\"gallery-image position-absolute w-100 h-100\" alt=\"\">\n                                    <div class=\"darkness-effect position-absolute w-100 h-100\"><\/div>\n                    <div class=\"number-additional position-absolute\">+9<\/div>\n                            <\/a>\n        <\/div>\n        <\/div>\n<div class=\"image-modal-window\">\n    <div class=\"modal\" id=\"galleryImages0\" tabindex=\"-1\">\n        <div class=\"modal-dialog d-inline-block w-100\">\n            <div class=\"modal-content d-block\">\n                <div id=\"imagesSlider0\" class=\"carousel slide\" data-ride=\"carousel\" data-interval=\"false\">\n                    <div class=\"carousel-inner\">\n                                                    <div class=\"carousel-item active\" data-counter=\"0\">\n                                <div class=\"align-modal-helper d-flex flex-wrap align-items-center justify-content-center\">\n                                    <img src=\"https:\/\/beta.masko.lv\/wp-content\/uploads\/2021\/09\/maska-belgija-938x1000.jpg\" class=\"slide-image\"  alt=\"\">\n                                                                    <\/div>\n                            <\/div>\n                                                        <div class=\"carousel-item \" data-counter=\"1\">\n                                <div class=\"align-modal-helper d-flex flex-wrap align-items-center justify-content-center\">\n                                    <img src=\"https:\/\/beta.masko.lv\/wp-content\/uploads\/2021\/09\/maska73-938x1000.jpg\" class=\"slide-image\"  alt=\"\">\n                                                                    <\/div>\n                            <\/div>\n                                                        <div class=\"carousel-item \" data-counter=\"2\">\n                                <div class=\"align-modal-helper d-flex flex-wrap align-items-center justify-content-center\">\n                                    <img src=\"https:\/\/beta.masko.lv\/wp-content\/uploads\/2021\/09\/maska82-938x1000.jpg\" class=\"slide-image\"  alt=\"\">\n                                                                    <\/div>\n                            <\/div>\n                                                        <div class=\"carousel-item \" data-counter=\"3\">\n                                <div class=\"align-modal-helper d-flex flex-wrap align-items-center justify-content-center\">\n                                    <img src=\"https:\/\/beta.masko.lv\/wp-content\/uploads\/2021\/09\/maska19-1-937x1000.jpg\" class=\"slide-image\"  alt=\"\">\n                                                                    <\/div>\n                            <\/div>\n                                                        <div class=\"carousel-item \" data-counter=\"4\">\n                                <div class=\"align-modal-helper d-flex flex-wrap align-items-center justify-content-center\">\n                                    <img src=\"https:\/\/beta.masko.lv\/wp-content\/uploads\/2021\/09\/maska44-1-937x1000.jpg\" class=\"slide-image\"  alt=\"\">\n                                                                    <\/div>\n                            <\/div>\n                                                        <div class=\"carousel-item \" data-counter=\"5\">\n                                <div class=\"align-modal-helper d-flex flex-wrap align-items-center justify-content-center\">\n                                    <img src=\"https:\/\/beta.masko.lv\/wp-content\/uploads\/2021\/09\/maska69-1-937x1000.jpg\" class=\"slide-image\"  alt=\"\">\n                                                                    <\/div>\n                            <\/div>\n                                                        <div class=\"carousel-item \" data-counter=\"6\">\n                                <div class=\"align-modal-helper d-flex flex-wrap align-items-center justify-content-center\">\n                                    <img src=\"https:\/\/beta.masko.lv\/wp-content\/uploads\/2021\/09\/maska81-937x1000.jpg\" class=\"slide-image\"  alt=\"\">\n                                                                    <\/div>\n                            <\/div>\n                                                        <div class=\"carousel-item \" data-counter=\"7\">\n                                <div class=\"align-modal-helper d-flex flex-wrap align-items-center justify-content-center\">\n                                    <img src=\"https:\/\/beta.masko.lv\/wp-content\/uploads\/2021\/09\/maska78-937x1000.jpg\" class=\"slide-image\"  alt=\"\">\n                                                                    <\/div>\n                            <\/div>\n                                                        <div class=\"carousel-item \" data-counter=\"8\">\n                                <div class=\"align-modal-helper d-flex flex-wrap align-items-center justify-content-center\">\n                                    <img src=\"https:\/\/beta.masko.lv\/wp-content\/uploads\/2021\/09\/maska75-937x1000.jpg\" class=\"slide-image\"  alt=\"\">\n                                                                    <\/div>\n                            <\/div>\n                                                        <div class=\"carousel-item \" data-counter=\"9\">\n                                <div class=\"align-modal-helper d-flex flex-wrap align-items-center justify-content-center\">\n                                    <img src=\"https:\/\/beta.masko.lv\/wp-content\/uploads\/2021\/09\/zala-sejas-maska.jpg\" class=\"slide-image\"  alt=\"\">\n                                                                    <\/div>\n                            <\/div>\n                                                        <div class=\"carousel-item \" data-counter=\"10\">\n                                <div class=\"align-modal-helper d-flex flex-wrap align-items-center justify-content-center\">\n                                    <img src=\"https:\/\/beta.masko.lv\/wp-content\/uploads\/2021\/09\/maska87-937x1000.jpg\" class=\"slide-image\"  alt=\"\">\n                                                                    <\/div>\n                            <\/div>\n                                                        <div class=\"carousel-item \" data-counter=\"11\">\n                                <div class=\"align-modal-helper d-flex flex-wrap align-items-center justify-content-center\">\n                                    <img src=\"https:\/\/beta.masko.lv\/wp-content\/uploads\/2021\/09\/maska88-937x1000.jpg\" class=\"slide-image\"  alt=\"\">\n                                                                    <\/div>\n                            <\/div>\n                                                <\/div>\n                <\/div>\n            <\/div>\n        <\/div>\n                    <a class=\"carousel-control-prev position-absolute\" href=\"#imagesSlider0\" role=\"button\" data-slide=\"prev\">\n                <img src=\"https:\/\/beta.masko.lv\/wp-content\/themes\/Masko\/images\/arrow-left-white.svg\">\n            <\/a>\n            <a class=\"carousel-control-next position-absolute\" href=\"#imagesSlider0\" role=\"button\" data-slide=\"next\">\n                <img src=\"https:\/\/beta.masko.lv\/wp-content\/themes\/Masko\/images\/arrow-right-white.svg\">\n            <\/a>\n                <button class=\"modal-cross position-absolute\" data-dismiss=\"modal\">\n            <img src=\"https:\/\/beta.masko.lv\/wp-content\/themes\/Masko\/images\/cross.svg\">\n        <\/button>\n    <\/div>\n<\/div>\n<h2>What information and files do we need?<\/h2>\n<ul>\n<li>Find a picture or text you want on the mask<\/li>\n<li>Make sure the image resolution is high, and the width is at least 1200px<\/li>\n<li>If you have selected a picture online, download it and save it to your computer or other device<\/li>\n<li>If you cannot download the image, copy the link to the image<\/li>\n<li>Choose the size of your face mask. See sizes<\/li>\n<\/ul>\n<h2>Sizes<\/h2>\n<p>Masks are available in 3 sizes \u2013 S, M, L. In the illustration below, you can see the size of masks. All sizes have adjustable straps. If you have any questions, please contact us via <strong>masko@masko.lv or by calling: +371 25 185 864<\/strong><\/p>\n<p><img loading=\"lazy\" class=\"alignnone wp-image-2223 size-large\" src=\"https:\/\/beta.masko.lv\/wp-content\/uploads\/2021\/09\/sejas-masku-izmeri-1024x576.jpg\" alt=\"\" width=\"1024\" height=\"576\" \/><\/p>\n<h2>Where to send all the information?<\/h2>\n<p>Send the information with the selected image, text or even other wishes to masko@masko.lv, and we will contact you as soon as possible.<\/p>\n<h2>Want to buy a face mask with a ready-made design?<\/h2>\n<p>&nbsp;<\/p>\n    <a class=\"default-link\" target=\"_blank\" href=\"https:\/\/beta.masko.lv\/en\/catalog\/\">To the catalog<\/a>\n    \n","protected":false},"excerpt":{"rendered":"<p>We offer a great opportunity to express yourself. If you want an individual design for a face mask, then you have come to the right place. We will make a face mask or several that will suit your wishes, theme of the event or industry. See information below to get started What information and files&#8230;<\/p>\n","protected":false},"author":2,"featured_media":30976,"parent":5365,"menu_order":0,"comment_status":"closed","ping_status":"closed","template":"individual.php","meta":[],"acf":[],"yoast_head":"<!-- This site is optimized with the Yoast SEO plugin v19.11 - https:\/\/yoast.com\/wordpress\/plugins\/seo\/ -->\n<title>Face mask development - Spilvendr\u0101nas | Sejas maskas | Tekstila preces<\/title>\n<meta name=\"robots\" content=\"noindex, follow, max-snippet:-1, max-image-preview:large, max-video-preview:-1\" \/>\n<meta property=\"og:locale\" content=\"en_US\" \/>\n<meta property=\"og:type\" content=\"article\" \/>\n<meta property=\"og:title\" content=\"Face mask development - Spilvendr\u0101nas | Sejas maskas | Tekstila preces\" \/>\n<meta property=\"og:description\" content=\"We offer a great opportunity to express yourself. If you want an individual design for a face mask, then you have come to the right place. We will make a face mask or several that will suit your wishes, theme of the event or industry. See information below to get started What information and files...\" \/>\n<meta property=\"og:url\" content=\"https:\/\/beta.masko.lv\/en\/individual-designs\/face-mask-development\/\" \/>\n<meta property=\"og:site_name\" content=\"Spilvendr\u0101nas | Sejas maskas | Tekstila preces\" \/>\n<meta property=\"article:publisher\" content=\"https:\/\/www.facebook.com\/Masko-112631173864447\/\" \/>\n<meta property=\"article:modified_time\" content=\"2021-09-02T14:41:10+00:00\" \/>\n<meta property=\"og:image\" content=\"https:\/\/beta.masko.lv\/wp-content\/uploads\/2021\/09\/maska-belgija.jpg\" \/>\n\t<meta property=\"og:image:width\" content=\"1221\" \/>\n\t<meta property=\"og:image:height\" content=\"1302\" \/>\n\t<meta property=\"og:image:type\" content=\"image\/jpeg\" \/>\n<meta name=\"twitter:card\" content=\"summary_large_image\" \/>\n<meta name=\"twitter:label1\" content=\"Est. reading time\" \/>\n\t<meta name=\"twitter:data1\" content=\"1 minute\" \/>\n<script type=\"application\/ld+json\" class=\"yoast-schema-graph\">{\"@context\":\"https:\/\/schema.org\",\"@graph\":[{\"@type\":\"WebPage\",\"@id\":\"https:\/\/beta.masko.lv\/en\/individual-designs\/face-mask-development\/\",\"url\":\"https:\/\/beta.masko.lv\/en\/individual-designs\/face-mask-development\/\",\"name\":\"Face mask development - Spilvendr\u0101nas | Sejas maskas | Tekstila preces\",\"isPartOf\":{\"@id\":\"https:\/\/beta.masko.lv\/#website\"},\"datePublished\":\"2020-06-04T14:06:11+00:00\",\"dateModified\":\"2021-09-02T14:41:10+00:00\",\"breadcrumb\":{\"@id\":\"https:\/\/beta.masko.lv\/en\/individual-designs\/face-mask-development\/#breadcrumb\"},\"inLanguage\":\"en-US\",\"potentialAction\":[{\"@type\":\"ReadAction\",\"target\":[\"https:\/\/beta.masko.lv\/en\/individual-designs\/face-mask-development\/\"]}]},{\"@type\":\"BreadcrumbList\",\"@id\":\"https:\/\/beta.masko.lv\/en\/individual-designs\/face-mask-development\/#breadcrumb\",\"itemListElement\":[{\"@type\":\"ListItem\",\"position\":1,\"name\":\"Home\",\"item\":\"https:\/\/beta.masko.lv\/en\/\"},{\"@type\":\"ListItem\",\"position\":2,\"name\":\"Individual designs\",\"item\":\"https:\/\/beta.masko.lv\/en\/individual-designs\/\"},{\"@type\":\"ListItem\",\"position\":3,\"name\":\"Face mask development\"}]},{\"@type\":\"WebSite\",\"@id\":\"https:\/\/beta.masko.lv\/#website\",\"url\":\"https:\/\/beta.masko.lv\/\",\"name\":\"Spilvendr\u0101nas | Sejas maskas | Tekstila preces\",\"description\":\"Ra\u017eojam no auduma da\u017e\u0101da veida maskas\",\"publisher\":{\"@id\":\"https:\/\/beta.masko.lv\/#organization\"},\"potentialAction\":[{\"@type\":\"SearchAction\",\"target\":{\"@type\":\"EntryPoint\",\"urlTemplate\":\"https:\/\/beta.masko.lv\/?s={search_term_string}\"},\"query-input\":\"required name=search_term_string\"}],\"inLanguage\":\"en-US\"},{\"@type\":\"Organization\",\"@id\":\"https:\/\/beta.masko.lv\/#organization\",\"name\":\"SIA Mix Max\",\"url\":\"https:\/\/beta.masko.lv\/\",\"logo\":{\"@type\":\"ImageObject\",\"inLanguage\":\"en-US\",\"@id\":\"https:\/\/beta.masko.lv\/#\/schema\/logo\/image\/\",\"url\":\"https:\/\/beta.masko.lv\/wp-content\/uploads\/2020\/04\/masko-favicon.png\",\"contentUrl\":\"https:\/\/beta.masko.lv\/wp-content\/uploads\/2020\/04\/masko-favicon.png\",\"width\":512,\"height\":512,\"caption\":\"SIA Mix Max\"},\"image\":{\"@id\":\"https:\/\/beta.masko.lv\/#\/schema\/logo\/image\/\"},\"sameAs\":[\"https:\/\/www.instagram.com\/masko.lv\/\",\"https:\/\/www.pinterest.com\/maskostudio\/\",\"https:\/\/www.facebook.com\/Masko-112631173864447\/\"]}]}<\/script>\n<!-- \/ Yoast SEO plugin. -->","yoast_head_json":{"title":"Face mask development - Spilvendr\u0101nas | Sejas maskas | Tekstila preces","robots":{"index":"noindex","follow":"follow","max-snippet":"max-snippet:-1","max-image-preview":"max-image-preview:large","max-video-preview":"max-video-preview:-1"},"og_locale":"en_US","og_type":"article","og_title":"Face mask development - Spilvendr\u0101nas | Sejas maskas | Tekstila preces","og_description":"We offer a great opportunity to express yourself. If you want an individual design for a face mask, then you have come to the right place. We will make a face mask or several that will suit your wishes, theme of the event or industry. See information below to get started What information and files...","og_url":"https:\/\/beta.masko.lv\/en\/individual-designs\/face-mask-development\/","og_site_name":"Spilvendr\u0101nas | Sejas maskas | Tekstila preces","article_publisher":"https:\/\/www.facebook.com\/Masko-112631173864447\/","article_modified_time":"2021-09-02T14:41:10+00:00","og_image":[{"width":1221,"height":1302,"url":"https:\/\/beta.masko.lv\/wp-content\/uploads\/2021\/09\/maska-belgija.jpg","type":"image\/jpeg"}],"twitter_card":"summary_large_image","twitter_misc":{"Est. reading time":"1 minute"},"schema":{"@context":"https:\/\/schema.org","@graph":[{"@type":"WebPage","@id":"https:\/\/beta.masko.lv\/en\/individual-designs\/face-mask-development\/","url":"https:\/\/beta.masko.lv\/en\/individual-designs\/face-mask-development\/","name":"Face mask development - Spilvendr\u0101nas | Sejas maskas | Tekstila preces","isPartOf":{"@id":"https:\/\/beta.masko.lv\/#website"},"datePublished":"2020-06-04T14:06:11+00:00","dateModified":"2021-09-02T14:41:10+00:00","breadcrumb":{"@id":"https:\/\/beta.masko.lv\/en\/individual-designs\/face-mask-development\/#breadcrumb"},"inLanguage":"en-US","potentialAction":[{"@type":"ReadAction","target":["https:\/\/beta.masko.lv\/en\/individual-designs\/face-mask-development\/"]}]},{"@type":"BreadcrumbList","@id":"https:\/\/beta.masko.lv\/en\/individual-designs\/face-mask-development\/#breadcrumb","itemListElement":[{"@type":"ListItem","position":1,"name":"Home","item":"https:\/\/beta.masko.lv\/en\/"},{"@type":"ListItem","position":2,"name":"Individual designs","item":"https:\/\/beta.masko.lv\/en\/individual-designs\/"},{"@type":"ListItem","position":3,"name":"Face mask development"}]},{"@type":"WebSite","@id":"https:\/\/beta.masko.lv\/#website","url":"https:\/\/beta.masko.lv\/","name":"Spilvendr\u0101nas | Sejas maskas | Tekstila preces","description":"Ra\u017eojam no auduma da\u017e\u0101da veida maskas","publisher":{"@id":"https:\/\/beta.masko.lv\/#organization"},"potentialAction":[{"@type":"SearchAction","target":{"@type":"EntryPoint","urlTemplate":"https:\/\/beta.masko.lv\/?s={search_term_string}"},"query-input":"required name=search_term_string"}],"inLanguage":"en-US"},{"@type":"Organization","@id":"https:\/\/beta.masko.lv\/#organization","name":"SIA Mix Max","url":"https:\/\/beta.masko.lv\/","logo":{"@type":"ImageObject","inLanguage":"en-US","@id":"https:\/\/beta.masko.lv\/#\/schema\/logo\/image\/","url":"https:\/\/beta.masko.lv\/wp-content\/uploads\/2020\/04\/masko-favicon.png","contentUrl":"https:\/\/beta.masko.lv\/wp-content\/uploads\/2020\/04\/masko-favicon.png","width":512,"height":512,"caption":"SIA Mix Max"},"image":{"@id":"https:\/\/beta.masko.lv\/#\/schema\/logo\/image\/"},"sameAs":["https:\/\/www.instagram.com\/masko.lv\/","https:\/\/www.pinterest.com\/maskostudio\/","https:\/\/www.facebook.com\/Masko-112631173864447\/"]}]}},"_links":{"self":[{"href":"https:\/\/beta.masko.lv\/en\/wp-json\/wp\/v2\/pages\/30863"}],"collection":[{"href":"https:\/\/beta.masko.lv\/en\/wp-json\/wp\/v2\/pages"}],"about":[{"href":"https:\/\/beta.masko.lv\/en\/wp-json\/wp\/v2\/types\/page"}],"author":[{"embeddable":true,"href":"https:\/\/beta.masko.lv\/en\/wp-json\/wp\/v2\/users\/2"}],"replies":[{"embeddable":true,"href":"https:\/\/beta.masko.lv\/en\/wp-json\/wp\/v2\/comments?post=30863"}],"version-history":[{"count":1,"href":"https:\/\/beta.masko.lv\/en\/wp-json\/wp\/v2\/pages\/30863\/revisions"}],"predecessor-version":[{"id":30975,"href":"https:\/\/beta.masko.lv\/en\/wp-json\/wp\/v2\/pages\/30863\/revisions\/30975"}],"up":[{"embeddable":true,"href":"https:\/\/beta.masko.lv\/en\/wp-json\/wp\/v2\/pages\/5365"}],"wp:featuredmedia":[{"embeddable":true,"href":"https:\/\/beta.masko.lv\/en\/wp-json\/wp\/v2\/media\/30976"}],"wp:attachment":[{"href":"https:\/\/beta.masko.lv\/en\/wp-json\/wp\/v2\/media?parent=30863"}],"curies":[{"name":"wp","href":"https:\/\/api.w.org\/{rel}","templated":true}]}}