{"id":36335,"date":"2022-02-24T15:24:42","date_gmt":"2022-02-24T13:24:42","guid":{"rendered":"https:\/\/beta.masko.lv\/?page_id=36335"},"modified":"2022-02-24T15:25:07","modified_gmt":"2022-02-24T13:25:07","slug":"flags","status":"publish","type":"page","link":"https:\/\/beta.masko.lv\/en\/flags\/","title":{"rendered":"Flags"},"content":{"rendered":"","protected":false},"excerpt":{"rendered":"","protected":false},"author":2,"featured_media":0,"parent":0,"menu_order":0,"comment_status":"closed","ping_status":"closed","template":"","meta":[],"acf":[],"yoast_head":"<!-- This site is optimized with the Yoast SEO plugin v19.11 - https:\/\/yoast.com\/wordpress\/plugins\/seo\/ -->\n<title>Flags - Spilvendr\u0101nas | Sejas maskas | Tekstila preces<\/title>\n<meta name=\"robots\" content=\"noindex, follow, max-snippet:-1, max-image-preview:large, max-video-preview:-1\" \/>\n<meta property=\"og:locale\" content=\"en_US\" \/>\n<meta property=\"og:type\" content=\"article\" \/>\n<meta property=\"og:title\" content=\"Flags - Spilvendr\u0101nas | Sejas maskas | Tekstila preces\" \/>\n<meta property=\"og:url\" content=\"https:\/\/beta.masko.lv\/en\/flags\/\" \/>\n<meta property=\"og:site_name\" content=\"Spilvendr\u0101nas | Sejas maskas | Tekstila preces\" \/>\n<meta property=\"article:publisher\" content=\"https:\/\/www.facebook.com\/Masko-112631173864447\/\" \/>\n<meta property=\"article:modified_time\" content=\"2022-02-24T13:25:07+00:00\" \/>\n<meta name=\"twitter:card\" content=\"summary_large_image\" \/>\n<script type=\"application\/ld+json\" class=\"yoast-schema-graph\">{\"@context\":\"https:\/\/schema.org\",\"@graph\":[{\"@type\":\"WebPage\",\"@id\":\"https:\/\/beta.masko.lv\/en\/flags\/\",\"url\":\"https:\/\/beta.masko.lv\/en\/flags\/\",\"name\":\"Flags - Spilvendr\u0101nas | Sejas maskas | Tekstila preces\",\"isPartOf\":{\"@id\":\"https:\/\/beta.masko.lv\/#website\"},\"datePublished\":\"2022-02-24T13:24:42+00:00\",\"dateModified\":\"2022-02-24T13:25:07+00:00\",\"breadcrumb\":{\"@id\":\"https:\/\/beta.masko.lv\/en\/flags\/#breadcrumb\"},\"inLanguage\":\"en-US\",\"potentialAction\":[{\"@type\":\"ReadAction\",\"target\":[\"https:\/\/beta.masko.lv\/en\/flags\/\"]}]},{\"@type\":\"BreadcrumbList\",\"@id\":\"https:\/\/beta.masko.lv\/en\/flags\/#breadcrumb\",\"itemListElement\":[{\"@type\":\"ListItem\",\"position\":1,\"name\":\"Home\",\"item\":\"https:\/\/beta.masko.lv\/en\/\"},{\"@type\":\"ListItem\",\"position\":2,\"name\":\"Flags\"}]},{\"@type\":\"WebSite\",\"@id\":\"https:\/\/beta.masko.lv\/#website\",\"url\":\"https:\/\/beta.masko.lv\/\",\"name\":\"Spilvendr\u0101nas | Sejas maskas | Tekstila preces\",\"description\":\"Ra\u017eojam no auduma da\u017e\u0101da veida maskas\",\"publisher\":{\"@id\":\"https:\/\/beta.masko.lv\/#organization\"},\"potentialAction\":[{\"@type\":\"SearchAction\",\"target\":{\"@type\":\"EntryPoint\",\"urlTemplate\":\"https:\/\/beta.masko.lv\/?s={search_term_string}\"},\"query-input\":\"required name=search_term_string\"}],\"inLanguage\":\"en-US\"},{\"@type\":\"Organization\",\"@id\":\"https:\/\/beta.masko.lv\/#organization\",\"name\":\"SIA Mix Max\",\"url\":\"https:\/\/beta.masko.lv\/\",\"logo\":{\"@type\":\"ImageObject\",\"inLanguage\":\"en-US\",\"@id\":\"https:\/\/beta.masko.lv\/#\/schema\/logo\/image\/\",\"url\":\"https:\/\/beta.masko.lv\/wp-content\/uploads\/2020\/04\/masko-favicon.png\",\"contentUrl\":\"https:\/\/beta.masko.lv\/wp-content\/uploads\/2020\/04\/masko-favicon.png\",\"width\":512,\"height\":512,\"caption\":\"SIA Mix Max\"},\"image\":{\"@id\":\"https:\/\/beta.masko.lv\/#\/schema\/logo\/image\/\"},\"sameAs\":[\"https:\/\/www.instagram.com\/masko.lv\/\",\"https:\/\/www.pinterest.com\/maskostudio\/\",\"https:\/\/www.facebook.com\/Masko-112631173864447\/\"]}]}<\/script>\n<!-- \/ Yoast SEO plugin. -->","yoast_head_json":{"title":"Flags - Spilvendr\u0101nas | Sejas maskas | Tekstila preces","robots":{"index":"noindex","follow":"follow","max-snippet":"max-snippet:-1","max-image-preview":"max-image-preview:large","max-video-preview":"max-video-preview:-1"},"og_locale":"en_US","og_type":"article","og_title":"Flags - Spilvendr\u0101nas | Sejas maskas | Tekstila preces","og_url":"https:\/\/beta.masko.lv\/en\/flags\/","og_site_name":"Spilvendr\u0101nas | Sejas maskas | Tekstila preces","article_publisher":"https:\/\/www.facebook.com\/Masko-112631173864447\/","article_modified_time":"2022-02-24T13:25:07+00:00","twitter_card":"summary_large_image","schema":{"@context":"https:\/\/schema.org","@graph":[{"@type":"WebPage","@id":"https:\/\/beta.masko.lv\/en\/flags\/","url":"https:\/\/beta.masko.lv\/en\/flags\/","name":"Flags - Spilvendr\u0101nas | Sejas maskas | Tekstila preces","isPartOf":{"@id":"https:\/\/beta.masko.lv\/#website"},"datePublished":"2022-02-24T13:24:42+00:00","dateModified":"2022-02-24T13:25:07+00:00","breadcrumb":{"@id":"https:\/\/beta.masko.lv\/en\/flags\/#breadcrumb"},"inLanguage":"en-US","potentialAction":[{"@type":"ReadAction","target":["https:\/\/beta.masko.lv\/en\/flags\/"]}]},{"@type":"BreadcrumbList","@id":"https:\/\/beta.masko.lv\/en\/flags\/#breadcrumb","itemListElement":[{"@type":"ListItem","position":1,"name":"Home","item":"https:\/\/beta.masko.lv\/en\/"},{"@type":"ListItem","position":2,"name":"Flags"}]},{"@type":"WebSite","@id":"https:\/\/beta.masko.lv\/#website","url":"https:\/\/beta.masko.lv\/","name":"Spilvendr\u0101nas | Sejas maskas | Tekstila preces","description":"Ra\u017eojam no auduma da\u017e\u0101da veida maskas","publisher":{"@id":"https:\/\/beta.masko.lv\/#organization"},"potentialAction":[{"@type":"SearchAction","target":{"@type":"EntryPoint","urlTemplate":"https:\/\/beta.masko.lv\/?s={search_term_string}"},"query-input":"required name=search_term_string"}],"inLanguage":"en-US"},{"@type":"Organization","@id":"https:\/\/beta.masko.lv\/#organization","name":"SIA Mix Max","url":"https:\/\/beta.masko.lv\/","logo":{"@type":"ImageObject","inLanguage":"en-US","@id":"https:\/\/beta.masko.lv\/#\/schema\/logo\/image\/","url":"https:\/\/beta.masko.lv\/wp-content\/uploads\/2020\/04\/masko-favicon.png","contentUrl":"https:\/\/beta.masko.lv\/wp-content\/uploads\/2020\/04\/masko-favicon.png","width":512,"height":512,"caption":"SIA Mix Max"},"image":{"@id":"https:\/\/beta.masko.lv\/#\/schema\/logo\/image\/"},"sameAs":["https:\/\/www.instagram.com\/masko.lv\/","https:\/\/www.pinterest.com\/maskostudio\/","https:\/\/www.facebook.com\/Masko-112631173864447\/"]}]}},"_links":{"self":[{"href":"https:\/\/beta.masko.lv\/en\/wp-json\/wp\/v2\/pages\/36335"}],"collection":[{"href":"https:\/\/beta.masko.lv\/en\/wp-json\/wp\/v2\/pages"}],"about":[{"href":"https:\/\/beta.masko.lv\/en\/wp-json\/wp\/v2\/types\/page"}],"author":[{"embeddable":true,"href":"https:\/\/beta.masko.lv\/en\/wp-json\/wp\/v2\/users\/2"}],"replies":[{"embeddable":true,"href":"https:\/\/beta.masko.lv\/en\/wp-json\/wp\/v2\/comments?post=36335"}],"version-history":[{"count":1,"href":"https:\/\/beta.masko.lv\/en\/wp-json\/wp\/v2\/pages\/36335\/revisions"}],"predecessor-version":[{"id":36336,"href":"https:\/\/beta.masko.lv\/en\/wp-json\/wp\/v2\/pages\/36335\/revisions\/36336"}],"wp:attachment":[{"href":"https:\/\/beta.masko.lv\/en\/wp-json\/wp\/v2\/media?parent=36335"}],"curies":[{"name":"wp","href":"https:\/\/api.w.org\/{rel}","templated":true}]}}