{"id":5365,"date":"2020-06-04T20:00:32","date_gmt":"2020-06-04T17:00:32","guid":{"rendered":"https:\/\/beta.masko.lv\/individuali-dizaini\/"},"modified":"2022-01-13T12:16:03","modified_gmt":"2022-01-13T10:16:03","slug":"individual-designs","status":"publish","type":"page","link":"https:\/\/beta.masko.lv\/en\/individual-designs\/","title":{"rendered":"Individual designs"},"content":{"rendered":"<h2>Individual production<\/h2>\n<p>We offer a great opportunity to express yourself. If you want to develop an individual design for a face mask, then you are in the right place. We will make a face mask or more that will be tailored to your wishes, event theme or business sector. Development of individual design of one mask: 10 EUR (includes model and mask itself)<\/p>\n<h2>What information and files do you need?<\/h2>\n<ul>\n<li>Find any picture or text you want on the mask<\/li>\n<li>Make sure the image resolution is high and reaches at least 1200px width<\/li>\n<li>If you have selected a picture online, download it and save it to your computer or other device.<\/li>\n<li>If you are unable to download the image, copy the link for the image<\/li>\n<li>Choose a face mask size. See sizes<\/li>\n<\/ul>\n<h2>Where to send all the information?<\/h2>\n<p>Send information with the selected image, text or even other wishes to masko@masko.lv<\/p>\n<h2>Size chart<\/h2>\n","protected":false},"excerpt":{"rendered":"<p>Individual production We offer a great opportunity to express yourself. If you want to develop an individual design for a face mask, then you are in the right place. We will make a face mask or more that will be tailored to your wishes, event theme or business sector. Development of individual design of one&#8230;<\/p>\n","protected":false},"author":1,"featured_media":0,"parent":0,"menu_order":0,"comment_status":"closed","ping_status":"closed","template":"individual.php","meta":[],"acf":[],"yoast_head":"<!-- This site is optimized with the Yoast SEO plugin v19.11 - https:\/\/yoast.com\/wordpress\/plugins\/seo\/ -->\n<title>Individual designs - Spilvendr\u0101nas | Sejas maskas | Tekstila preces<\/title>\n<meta name=\"robots\" content=\"noindex, follow, max-snippet:-1, max-image-preview:large, max-video-preview:-1\" \/>\n<meta property=\"og:locale\" content=\"en_US\" \/>\n<meta property=\"og:type\" content=\"article\" \/>\n<meta property=\"og:title\" content=\"Individual designs - Spilvendr\u0101nas | Sejas maskas | Tekstila preces\" \/>\n<meta property=\"og:description\" content=\"Individual production We offer a great opportunity to express yourself. If you want to develop an individual design for a face mask, then you are in the right place. We will make a face mask or more that will be tailored to your wishes, event theme or business sector. Development of individual design of one...\" \/>\n<meta property=\"og:url\" content=\"https:\/\/beta.masko.lv\/en\/individual-designs\/\" \/>\n<meta property=\"og:site_name\" content=\"Spilvendr\u0101nas | Sejas maskas | Tekstila preces\" \/>\n<meta property=\"article:publisher\" content=\"https:\/\/www.facebook.com\/Masko-112631173864447\/\" \/>\n<meta property=\"article:modified_time\" content=\"2022-01-13T10:16:03+00:00\" \/>\n<meta name=\"twitter:card\" content=\"summary_large_image\" \/>\n<meta name=\"twitter:label1\" content=\"Est. reading time\" \/>\n\t<meta name=\"twitter:data1\" content=\"1 minute\" \/>\n<script type=\"application\/ld+json\" class=\"yoast-schema-graph\">{\"@context\":\"https:\/\/schema.org\",\"@graph\":[{\"@type\":\"WebPage\",\"@id\":\"https:\/\/beta.masko.lv\/en\/individual-designs\/\",\"url\":\"https:\/\/beta.masko.lv\/en\/individual-designs\/\",\"name\":\"Individual designs - Spilvendr\u0101nas | Sejas maskas | Tekstila preces\",\"isPartOf\":{\"@id\":\"https:\/\/beta.masko.lv\/#website\"},\"datePublished\":\"2020-06-04T17:00:32+00:00\",\"dateModified\":\"2022-01-13T10:16:03+00:00\",\"breadcrumb\":{\"@id\":\"https:\/\/beta.masko.lv\/en\/individual-designs\/#breadcrumb\"},\"inLanguage\":\"en-US\",\"potentialAction\":[{\"@type\":\"ReadAction\",\"target\":[\"https:\/\/beta.masko.lv\/en\/individual-designs\/\"]}]},{\"@type\":\"BreadcrumbList\",\"@id\":\"https:\/\/beta.masko.lv\/en\/individual-designs\/#breadcrumb\",\"itemListElement\":[{\"@type\":\"ListItem\",\"position\":1,\"name\":\"Home\",\"item\":\"https:\/\/beta.masko.lv\/en\/\"},{\"@type\":\"ListItem\",\"position\":2,\"name\":\"Individual designs\"}]},{\"@type\":\"WebSite\",\"@id\":\"https:\/\/beta.masko.lv\/#website\",\"url\":\"https:\/\/beta.masko.lv\/\",\"name\":\"Spilvendr\u0101nas | Sejas maskas | Tekstila preces\",\"description\":\"Ra\u017eojam no auduma da\u017e\u0101da veida maskas\",\"publisher\":{\"@id\":\"https:\/\/beta.masko.lv\/#organization\"},\"potentialAction\":[{\"@type\":\"SearchAction\",\"target\":{\"@type\":\"EntryPoint\",\"urlTemplate\":\"https:\/\/beta.masko.lv\/?s={search_term_string}\"},\"query-input\":\"required name=search_term_string\"}],\"inLanguage\":\"en-US\"},{\"@type\":\"Organization\",\"@id\":\"https:\/\/beta.masko.lv\/#organization\",\"name\":\"SIA Mix Max\",\"url\":\"https:\/\/beta.masko.lv\/\",\"logo\":{\"@type\":\"ImageObject\",\"inLanguage\":\"en-US\",\"@id\":\"https:\/\/beta.masko.lv\/#\/schema\/logo\/image\/\",\"url\":\"https:\/\/beta.masko.lv\/wp-content\/uploads\/2020\/04\/masko-favicon.png\",\"contentUrl\":\"https:\/\/beta.masko.lv\/wp-content\/uploads\/2020\/04\/masko-favicon.png\",\"width\":512,\"height\":512,\"caption\":\"SIA Mix Max\"},\"image\":{\"@id\":\"https:\/\/beta.masko.lv\/#\/schema\/logo\/image\/\"},\"sameAs\":[\"https:\/\/www.instagram.com\/masko.lv\/\",\"https:\/\/www.pinterest.com\/maskostudio\/\",\"https:\/\/www.facebook.com\/Masko-112631173864447\/\"]}]}<\/script>\n<!-- \/ Yoast SEO plugin. -->","yoast_head_json":{"title":"Individual designs - Spilvendr\u0101nas | Sejas maskas | Tekstila preces","robots":{"index":"noindex","follow":"follow","max-snippet":"max-snippet:-1","max-image-preview":"max-image-preview:large","max-video-preview":"max-video-preview:-1"},"og_locale":"en_US","og_type":"article","og_title":"Individual designs - Spilvendr\u0101nas | Sejas maskas | Tekstila preces","og_description":"Individual production We offer a great opportunity to express yourself. If you want to develop an individual design for a face mask, then you are in the right place. We will make a face mask or more that will be tailored to your wishes, event theme or business sector. Development of individual design of one...","og_url":"https:\/\/beta.masko.lv\/en\/individual-designs\/","og_site_name":"Spilvendr\u0101nas | Sejas maskas | Tekstila preces","article_publisher":"https:\/\/www.facebook.com\/Masko-112631173864447\/","article_modified_time":"2022-01-13T10:16:03+00:00","twitter_card":"summary_large_image","twitter_misc":{"Est. reading time":"1 minute"},"schema":{"@context":"https:\/\/schema.org","@graph":[{"@type":"WebPage","@id":"https:\/\/beta.masko.lv\/en\/individual-designs\/","url":"https:\/\/beta.masko.lv\/en\/individual-designs\/","name":"Individual designs - Spilvendr\u0101nas | Sejas maskas | Tekstila preces","isPartOf":{"@id":"https:\/\/beta.masko.lv\/#website"},"datePublished":"2020-06-04T17:00:32+00:00","dateModified":"2022-01-13T10:16:03+00:00","breadcrumb":{"@id":"https:\/\/beta.masko.lv\/en\/individual-designs\/#breadcrumb"},"inLanguage":"en-US","potentialAction":[{"@type":"ReadAction","target":["https:\/\/beta.masko.lv\/en\/individual-designs\/"]}]},{"@type":"BreadcrumbList","@id":"https:\/\/beta.masko.lv\/en\/individual-designs\/#breadcrumb","itemListElement":[{"@type":"ListItem","position":1,"name":"Home","item":"https:\/\/beta.masko.lv\/en\/"},{"@type":"ListItem","position":2,"name":"Individual designs"}]},{"@type":"WebSite","@id":"https:\/\/beta.masko.lv\/#website","url":"https:\/\/beta.masko.lv\/","name":"Spilvendr\u0101nas | Sejas maskas | Tekstila preces","description":"Ra\u017eojam no auduma da\u017e\u0101da veida maskas","publisher":{"@id":"https:\/\/beta.masko.lv\/#organization"},"potentialAction":[{"@type":"SearchAction","target":{"@type":"EntryPoint","urlTemplate":"https:\/\/beta.masko.lv\/?s={search_term_string}"},"query-input":"required name=search_term_string"}],"inLanguage":"en-US"},{"@type":"Organization","@id":"https:\/\/beta.masko.lv\/#organization","name":"SIA Mix Max","url":"https:\/\/beta.masko.lv\/","logo":{"@type":"ImageObject","inLanguage":"en-US","@id":"https:\/\/beta.masko.lv\/#\/schema\/logo\/image\/","url":"https:\/\/beta.masko.lv\/wp-content\/uploads\/2020\/04\/masko-favicon.png","contentUrl":"https:\/\/beta.masko.lv\/wp-content\/uploads\/2020\/04\/masko-favicon.png","width":512,"height":512,"caption":"SIA Mix Max"},"image":{"@id":"https:\/\/beta.masko.lv\/#\/schema\/logo\/image\/"},"sameAs":["https:\/\/www.instagram.com\/masko.lv\/","https:\/\/www.pinterest.com\/maskostudio\/","https:\/\/www.facebook.com\/Masko-112631173864447\/"]}]}},"_links":{"self":[{"href":"https:\/\/beta.masko.lv\/en\/wp-json\/wp\/v2\/pages\/5365"}],"collection":[{"href":"https:\/\/beta.masko.lv\/en\/wp-json\/wp\/v2\/pages"}],"about":[{"href":"https:\/\/beta.masko.lv\/en\/wp-json\/wp\/v2\/types\/page"}],"author":[{"embeddable":true,"href":"https:\/\/beta.masko.lv\/en\/wp-json\/wp\/v2\/users\/1"}],"replies":[{"embeddable":true,"href":"https:\/\/beta.masko.lv\/en\/wp-json\/wp\/v2\/comments?post=5365"}],"version-history":[{"count":8,"href":"https:\/\/beta.masko.lv\/en\/wp-json\/wp\/v2\/pages\/5365\/revisions"}],"predecessor-version":[{"id":34434,"href":"https:\/\/beta.masko.lv\/en\/wp-json\/wp\/v2\/pages\/5365\/revisions\/34434"}],"wp:attachment":[{"href":"https:\/\/beta.masko.lv\/en\/wp-json\/wp\/v2\/media?parent=5365"}],"curies":[{"name":"wp","href":"https:\/\/api.w.org\/{rel}","templated":true}]}}