{"id":2977,"date":"2020-04-02T12:53:27","date_gmt":"2020-04-02T09:53:27","guid":{"rendered":"https:\/\/beta.masko.lv\/sikdatnes\/"},"modified":"2020-06-04T05:51:14","modified_gmt":"2020-06-04T02:51:14","slug":"kupsised","status":"publish","type":"page","link":"https:\/\/beta.masko.lv\/et\/kupsised\/","title":{"rendered":"K\u00fcpsised"},"content":{"rendered":"<p><strong>K\u00fcpsiste kasutamine<\/strong><\/p>\n<p>Teavitame teid, et sellel veebilehel kasutatakse k\u00fcpsiseid, et parandada veebilehe kogemust ja funktsionaalsust ning tagada selle toimimine. Allj\u00e4rgnevalt saate lugeda t\u00e4psemalt meie veebilehel kasutatud k\u00fcpsiste kohta.<\/p>\n<p><strong>Mis on k\u00fcpsised?<\/strong><\/p>\n<p>K\u00fcpsised on v\u00e4ikesed tekstifailid, mille veebibrauser (nt Internet Explorer, Firefox, Safari jne) salvestab teie seadmesse (arvuti, mobiiltelefon, tahvelarvuti) brauseri tuvastamiseks v\u00f5i teabe v\u00f5i s\u00e4tete salvestamiseks brauserisse. Sel viisil v\u00f5imaldavad k\u00fcpsised veebilehel salvestada kasutaja individuaalseid s\u00e4tteid, teda \u00e4ra tunda ja asjakohaselt reageerida. Kasutaja saab k\u00fcpsiste kasutamist keelata v\u00f5i piirata, kuid ilma k\u00fcpsisteta ei pruugi olla v\u00f5imalik kasutada k\u00f5iki veebilehe funktsioone.<\/p>\n<p><strong>Milliseid k\u00fcpsiseid ja millistel eesm\u00e4rkidel me kasutame?<\/strong><\/p>\n<p>S\u00f5ltuvalt t\u00e4idetavatest funktsioonidest ja kasutuseesm\u00e4rgist kogume ja kasutame sellel veebilehel erinevaid k\u00fcpsiseid.<\/p>\n<p><strong>N\u00f5utavad k\u00fcpsised<\/strong><\/p>\n<p>Need k\u00fcpsised on vajalikud selleks, et kasutaja saaks veebilehte vabalt k\u00fclastada ja sirvida ning kasutada selle funktsioone, sealhulgas saada teavet teenuste ja nende ostmise kohta, ning et meie meeskond saaks t\u00e4ita teie taotluseid. Need k\u00fcpsised tuvastavad kasutaja seadme, kuid ei paljasta identiteeti, samuti ei koguta ega kompileerita teie isikuandmeid. Ilma nende k\u00fcpsisteta ei saa veebileht korralikult toimida, n\u00e4iteks pakkuda kasutajale n\u00f5utud teavet v\u00f5i osutada e-poes soovitud teenuseid v\u00f5i v\u00f5imaldada video vaatamist. Need k\u00fcpsised salvestatakse isiklikku seadmesse, kuni klient sulgeb veebibrauseri. Vastavalt info\u00fchiskonna teenuste seadusele m\u00e4\u00e4ratakse n\u00f5utavad k\u00fcpsised automaatselt. Kui aga klient otsustab k\u00fcpsised keelata isikliku brauseri pakutavate valikute abil, p\u00f6\u00f6rame t\u00e4helepanu asjaolule, et sel juhul ei saa veebileht korralikult toimida.<\/p>\n<p><strong>Funktsionaalsed k\u00fcpsised<\/strong><\/p>\n<p>T\u00e4nu funktsionaalsetele k\u00fcpsistele j\u00e4tab veebileht meelde klientide valitud s\u00e4tted ja tehtud valikud, tagades sel viisil, et hiljem saavad kliendid veebilehel h\u00f5lpsalt navigeerida. Need k\u00fcpsised salvestatakse teie seadmesse alaliselt.<\/p>\n<p><strong>Anal\u00fc\u00fctilised k\u00fcpsised<\/strong><\/p>\n<p>Need k\u00fcpsised koguvad teavet selle kohta, kuidas kasutajad veebilehte kasutavad, ja need tuvastavad k\u00f5ige sagedamini k\u00fclastatavad jaotised (sh sisu, mille kasutaja valib veebilehe sirvimisel). Teavet kasutatakse anal\u00fc\u00fctilistel eesm\u00e4rkidel, et teada saada, millised on lehe kasutajate huvid ja kuidas saaks lehe funktsionaalsust parandada, et muuta see kasutajas\u00f5bralikumaks. Anal\u00fc\u00fctilised k\u00fcpsised tuvastavad ainult klientide seadmed, kuid ei paljasta nende identiteeti.<\/p>\n<p>M\u00f5nel juhul haldavad teatud anal\u00fc\u00fctilisi k\u00fcpsiseid meie nimel kolmandad osapooled (nt Google Analytics, Facebook) vastavalt meie juhistele ja ainult nimetatud eesm\u00e4rkidel.<\/p>\n<p><strong>Sihtk\u00fcpsised (reklaamk\u00fcpsised)<\/strong><\/p>\n<p>Neid k\u00fcpsiseid kasutatakse selleks, et koguda teavet teiste veebilehtede kohta, mida kliendid on k\u00fclastanud, ning et pakkuda meie teenuseid v\u00f5i meie koost\u00f6\u00f6partnerite teenuseid v\u00f5i selleks, et tegeleda erinevate pakkumiste v\u00f5i teenustega, mis vastavad kasutajate huvidele. Tavaliselt paigutavad selliseid k\u00fcpsiseid kolmandad osapooled, n\u00e4iteks Google AdWords, Facebook, vastavalt meie nimetatud eesm\u00e4rkidele. Sihtk\u00fcpsised salvestatakse p\u00fcsivalt teie seadmesse.<\/p>\n<p><strong>K\u00fcpsiste kinnitamine ja piiramine<\/strong><\/p>\n<p>Kui klient k\u00fclastab meie veebilehte, kuvatakse aken, mis teavitab k\u00fcpsiste kasutamisest. Kl\u00f5psates nuppu \u201eN\u00f5ustun\u201c, kinnitate, et lugesite l\u00e4bi meie lehel oleva teabe k\u00fcpsiste ja nende kasutuseesm\u00e4rkide kohta. Kliendid saavad k\u00fcpsiseid piirata ja kustutada k\u00f5igi veebibrauserite turvaseadistustes. Pange siiski t\u00e4hele, et kui otsustate teatud k\u00fcpsised keelata, ei saa veebileht korralikult toimida.<\/p>\n","protected":false},"excerpt":{"rendered":"<p>K\u00fcpsiste kasutamine Teavitame teid, et sellel veebilehel kasutatakse k\u00fcpsiseid, et parandada veebilehe kogemust ja funktsionaalsust ning tagada selle toimimine. Allj\u00e4rgnevalt saate lugeda t\u00e4psemalt meie veebilehel kasutatud k\u00fcpsiste kohta. Mis on k\u00fcpsised? K\u00fcpsised on v\u00e4ikesed tekstifailid, mille veebibrauser (nt Internet Explorer, Firefox, Safari jne) salvestab teie seadmesse (arvuti, mobiiltelefon, tahvelarvuti) brauseri tuvastamiseks v\u00f5i teabe v\u00f5i s\u00e4tete&#8230;<\/p>\n","protected":false},"author":1,"featured_media":0,"parent":0,"menu_order":0,"comment_status":"closed","ping_status":"closed","template":"","meta":[],"acf":[],"yoast_head":"<!-- This site is optimized with the Yoast SEO plugin v19.11 - https:\/\/yoast.com\/wordpress\/plugins\/seo\/ -->\n<title>K\u00fcpsised - N\u00e4omaskid Magamismaskid Spordimaskid<\/title>\n<meta name=\"robots\" content=\"noindex, follow, max-snippet:-1, max-image-preview:large, max-video-preview:-1\" \/>\n<meta property=\"og:locale\" content=\"et_EE\" \/>\n<meta property=\"og:type\" content=\"article\" \/>\n<meta property=\"og:title\" content=\"K\u00fcpsised - N\u00e4omaskid Magamismaskid Spordimaskid\" \/>\n<meta property=\"og:description\" content=\"K\u00fcpsiste kasutamine Teavitame teid, et sellel veebilehel kasutatakse k\u00fcpsiseid, et parandada veebilehe kogemust ja funktsionaalsust ning tagada selle toimimine. Allj\u00e4rgnevalt saate lugeda t\u00e4psemalt meie veebilehel kasutatud k\u00fcpsiste kohta. Mis on k\u00fcpsised? K\u00fcpsised on v\u00e4ikesed tekstifailid, mille veebibrauser (nt Internet Explorer, Firefox, Safari jne) salvestab teie seadmesse (arvuti, mobiiltelefon, tahvelarvuti) brauseri tuvastamiseks v\u00f5i teabe v\u00f5i s\u00e4tete...\" \/>\n<meta property=\"og:url\" content=\"https:\/\/beta.masko.lv\/et\/kupsised\/\" \/>\n<meta property=\"og:site_name\" content=\"N\u00e4omaskid Magamismaskid Spordimaskid\" \/>\n<meta property=\"article:publisher\" content=\"https:\/\/www.facebook.com\/Masko-112631173864447\/\" \/>\n<meta property=\"article:modified_time\" content=\"2020-06-04T02:51:14+00:00\" \/>\n<meta name=\"twitter:card\" content=\"summary_large_image\" \/>\n<meta name=\"twitter:label1\" content=\"Est. reading time\" \/>\n\t<meta name=\"twitter:data1\" content=\"3 minutit\" \/>\n<script type=\"application\/ld+json\" class=\"yoast-schema-graph\">{\"@context\":\"https:\/\/schema.org\",\"@graph\":[{\"@type\":\"WebPage\",\"@id\":\"https:\/\/beta.masko.lv\/et\/kupsised\/\",\"url\":\"https:\/\/beta.masko.lv\/et\/kupsised\/\",\"name\":\"K\u00fcpsised - N\u00e4omaskid Magamismaskid Spordimaskid\",\"isPartOf\":{\"@id\":\"https:\/\/beta.masko.lv\/#website\"},\"datePublished\":\"2020-04-02T09:53:27+00:00\",\"dateModified\":\"2020-06-04T02:51:14+00:00\",\"breadcrumb\":{\"@id\":\"https:\/\/beta.masko.lv\/et\/kupsised\/#breadcrumb\"},\"inLanguage\":\"et\",\"potentialAction\":[{\"@type\":\"ReadAction\",\"target\":[\"https:\/\/beta.masko.lv\/et\/kupsised\/\"]}]},{\"@type\":\"BreadcrumbList\",\"@id\":\"https:\/\/beta.masko.lv\/et\/kupsised\/#breadcrumb\",\"itemListElement\":[{\"@type\":\"ListItem\",\"position\":1,\"name\":\"Home\",\"item\":\"https:\/\/beta.masko.lv\/et\/\"},{\"@type\":\"ListItem\",\"position\":2,\"name\":\"K\u00fcpsised\"}]},{\"@type\":\"WebSite\",\"@id\":\"https:\/\/beta.masko.lv\/#website\",\"url\":\"https:\/\/beta.masko.lv\/\",\"name\":\"Spilvendr\u0101nas | Sejas maskas | Tekstila preces\",\"description\":\"Valmistame kangast erinevat t\u00fc\u00fcpi maske\",\"publisher\":{\"@id\":\"https:\/\/beta.masko.lv\/#organization\"},\"potentialAction\":[{\"@type\":\"SearchAction\",\"target\":{\"@type\":\"EntryPoint\",\"urlTemplate\":\"https:\/\/beta.masko.lv\/?s={search_term_string}\"},\"query-input\":\"required name=search_term_string\"}],\"inLanguage\":\"et\"},{\"@type\":\"Organization\",\"@id\":\"https:\/\/beta.masko.lv\/#organization\",\"name\":\"SIA Mix Max\",\"url\":\"https:\/\/beta.masko.lv\/\",\"logo\":{\"@type\":\"ImageObject\",\"inLanguage\":\"et\",\"@id\":\"https:\/\/beta.masko.lv\/#\/schema\/logo\/image\/\",\"url\":\"https:\/\/beta.masko.lv\/wp-content\/uploads\/2020\/04\/masko-favicon.png\",\"contentUrl\":\"https:\/\/beta.masko.lv\/wp-content\/uploads\/2020\/04\/masko-favicon.png\",\"width\":512,\"height\":512,\"caption\":\"SIA Mix Max\"},\"image\":{\"@id\":\"https:\/\/beta.masko.lv\/#\/schema\/logo\/image\/\"},\"sameAs\":[\"https:\/\/www.instagram.com\/masko.lv\/\",\"https:\/\/www.pinterest.com\/maskostudio\/\",\"https:\/\/www.facebook.com\/Masko-112631173864447\/\"]}]}<\/script>\n<!-- \/ Yoast SEO plugin. -->","yoast_head_json":{"title":"K\u00fcpsised - N\u00e4omaskid Magamismaskid Spordimaskid","robots":{"index":"noindex","follow":"follow","max-snippet":"max-snippet:-1","max-image-preview":"max-image-preview:large","max-video-preview":"max-video-preview:-1"},"og_locale":"et_EE","og_type":"article","og_title":"K\u00fcpsised - N\u00e4omaskid Magamismaskid Spordimaskid","og_description":"K\u00fcpsiste kasutamine Teavitame teid, et sellel veebilehel kasutatakse k\u00fcpsiseid, et parandada veebilehe kogemust ja funktsionaalsust ning tagada selle toimimine. Allj\u00e4rgnevalt saate lugeda t\u00e4psemalt meie veebilehel kasutatud k\u00fcpsiste kohta. Mis on k\u00fcpsised? K\u00fcpsised on v\u00e4ikesed tekstifailid, mille veebibrauser (nt Internet Explorer, Firefox, Safari jne) salvestab teie seadmesse (arvuti, mobiiltelefon, tahvelarvuti) brauseri tuvastamiseks v\u00f5i teabe v\u00f5i s\u00e4tete...","og_url":"https:\/\/beta.masko.lv\/et\/kupsised\/","og_site_name":"N\u00e4omaskid Magamismaskid Spordimaskid","article_publisher":"https:\/\/www.facebook.com\/Masko-112631173864447\/","article_modified_time":"2020-06-04T02:51:14+00:00","twitter_card":"summary_large_image","twitter_misc":{"Est. reading time":"3 minutit"},"schema":{"@context":"https:\/\/schema.org","@graph":[{"@type":"WebPage","@id":"https:\/\/beta.masko.lv\/et\/kupsised\/","url":"https:\/\/beta.masko.lv\/et\/kupsised\/","name":"K\u00fcpsised - N\u00e4omaskid Magamismaskid Spordimaskid","isPartOf":{"@id":"https:\/\/beta.masko.lv\/#website"},"datePublished":"2020-04-02T09:53:27+00:00","dateModified":"2020-06-04T02:51:14+00:00","breadcrumb":{"@id":"https:\/\/beta.masko.lv\/et\/kupsised\/#breadcrumb"},"inLanguage":"et","potentialAction":[{"@type":"ReadAction","target":["https:\/\/beta.masko.lv\/et\/kupsised\/"]}]},{"@type":"BreadcrumbList","@id":"https:\/\/beta.masko.lv\/et\/kupsised\/#breadcrumb","itemListElement":[{"@type":"ListItem","position":1,"name":"Home","item":"https:\/\/beta.masko.lv\/et\/"},{"@type":"ListItem","position":2,"name":"K\u00fcpsised"}]},{"@type":"WebSite","@id":"https:\/\/beta.masko.lv\/#website","url":"https:\/\/beta.masko.lv\/","name":"Spilvendr\u0101nas | Sejas maskas | Tekstila preces","description":"Valmistame kangast erinevat t\u00fc\u00fcpi maske","publisher":{"@id":"https:\/\/beta.masko.lv\/#organization"},"potentialAction":[{"@type":"SearchAction","target":{"@type":"EntryPoint","urlTemplate":"https:\/\/beta.masko.lv\/?s={search_term_string}"},"query-input":"required name=search_term_string"}],"inLanguage":"et"},{"@type":"Organization","@id":"https:\/\/beta.masko.lv\/#organization","name":"SIA Mix Max","url":"https:\/\/beta.masko.lv\/","logo":{"@type":"ImageObject","inLanguage":"et","@id":"https:\/\/beta.masko.lv\/#\/schema\/logo\/image\/","url":"https:\/\/beta.masko.lv\/wp-content\/uploads\/2020\/04\/masko-favicon.png","contentUrl":"https:\/\/beta.masko.lv\/wp-content\/uploads\/2020\/04\/masko-favicon.png","width":512,"height":512,"caption":"SIA Mix Max"},"image":{"@id":"https:\/\/beta.masko.lv\/#\/schema\/logo\/image\/"},"sameAs":["https:\/\/www.instagram.com\/masko.lv\/","https:\/\/www.pinterest.com\/maskostudio\/","https:\/\/www.facebook.com\/Masko-112631173864447\/"]}]}},"_links":{"self":[{"href":"https:\/\/beta.masko.lv\/et\/wp-json\/wp\/v2\/pages\/2977"}],"collection":[{"href":"https:\/\/beta.masko.lv\/et\/wp-json\/wp\/v2\/pages"}],"about":[{"href":"https:\/\/beta.masko.lv\/et\/wp-json\/wp\/v2\/types\/page"}],"author":[{"embeddable":true,"href":"https:\/\/beta.masko.lv\/et\/wp-json\/wp\/v2\/users\/1"}],"replies":[{"embeddable":true,"href":"https:\/\/beta.masko.lv\/et\/wp-json\/wp\/v2\/comments?post=2977"}],"version-history":[{"count":3,"href":"https:\/\/beta.masko.lv\/et\/wp-json\/wp\/v2\/pages\/2977\/revisions"}],"predecessor-version":[{"id":4972,"href":"https:\/\/beta.masko.lv\/et\/wp-json\/wp\/v2\/pages\/2977\/revisions\/4972"}],"wp:attachment":[{"href":"https:\/\/beta.masko.lv\/et\/wp-json\/wp\/v2\/media?parent=2977"}],"curies":[{"name":"wp","href":"https:\/\/api.w.org\/{rel}","templated":true}]}}