{"id":2981,"date":"2020-04-02T12:52:39","date_gmt":"2020-04-02T09:52:39","guid":{"rendered":"https:\/\/beta.masko.lv\/privatuma-politika-un-noteikumi\/"},"modified":"2021-05-29T17:25:02","modified_gmt":"2021-05-29T14:25:02","slug":"privaatsuseeskirjad-ja-tingimused","status":"publish","type":"page","link":"https:\/\/beta.masko.lv\/et\/privaatsuseeskirjad-ja-tingimused\/","title":{"rendered":"Privaatsuspoliitika ja -tingimused"},"content":{"rendered":"<h3>Privaatsuspoliitika<\/h3>\n<p>Privaatsuspoliitika eesm\u00e4rk on teavitada meie kliente sellest, millist teavet ja mis eesm\u00e4rgil v\u00f5ime teie kohta koguda, kui kasutate meie veebilehte \u2013 www.masko.lv, ja kuidas seda teavet t\u00f6\u00f6deldakse.<\/p>\n<p>Veebilehe www.masko.lv omanik ja hooldaja on MixMax Ltd., registreerimisnumber: LV40103263078, aadress: Zemit\u0101na 9, Riia, LV-1012.<br \/>\nEttev\u00f5tte Mix Max Ltd. veebilehele www.masko.lv sisestatud andmeid kasutatakse vastastikuseks suhtlemiseks, et pakkuda soovitud teenuseid. Ettev\u00f5tte Mix Max Ltd. veebileht www.masko.lv t\u00f6\u00f6tleb ja salvestab kliendi esitatud andmeid koosk\u00f5las Euroopa Liidu \u00f5igusaktide n\u00f5uetega isikuandmete kaitse kohta.<\/p>\n<p>Andmete esitamisega n\u00f5ustub isik, et andmeid t\u00f6\u00f6deldakse ja s\u00e4ilitatakse kuni k\u00f5igi lepinguliste suhete t\u00e4itmiseni, samuti regulatiivsetes \u00f5igusaktides t\u00e4psustatud juhtudel p\u00e4rast esialgset andmet\u00f6\u00f6tlust nii kaua, kui see on vajalik.<\/p>\n<p>Esitatud andmeid ei edastata kolmandatele osapooltele, v\u00e4lja arvatud juhul, kui selline kohustus on kehtestatud regulatiivsete \u00f5igusaktidega. K\u00f5igil klientidel on \u00f5igus igal ajal n\u00f5uda andmete uuendamist, isikuandmete kasutamise kohta k\u00e4ivat teavet ning n\u00f5uda andmete kustutamist.<\/p>\n<p>Isiklike kontaktandmete sisestamisega n\u00f5ustub klient, et neid andmeid kasutatakse j\u00e4rgmistel eesm\u00e4rkidel: et kasutada ettev\u00f5tte Mix Max Ltd. poolt pakutavaid teenuseid, et saada teavet teenuste kohta ja et suhelda ettev\u00f5ttega.<\/p>\n<p>Isikuandmeid s\u00e4ilitatakse kolm aastat alates andmete saamise kuup\u00e4evast. Andmesubjektil on \u201e\u00f5igus olla unustatud\u201c, esitades vastava taotluse e-posti aadressil masko@masko.lv<\/p>\n<h2><\/h2>\n<h3>Tingimused<\/h3>\n<p><strong>Kaupade tarnimine<\/strong><br \/>\nTarneajad v\u00f5ivad erineda veebilehel n\u00e4idatutest. Tarneaeg v\u00f5ib olla 1 kuni 5 t\u00f6\u00f6p\u00e4eva. P\u00e4rast tellimuse esitamist v\u00f5tab meie spetsialist kliendiga \u00fchendust. Tellimuse esitamisel saab klient valida tarneviisi.<\/p>\n<p><strong>Saatmiskulu<\/strong><br \/>\nSaatmiskulu s\u00f5ltub valitud tarneviisist. Tarnemeetodid: Omniva pakiautomaat v\u00f5i kuller.<\/p>\n<p><strong>Tellimuse esitamine<\/strong><br \/>\nTellimuse esitamiseks valige tooted meie veebilehelt. Toodetel v\u00f5ivad olla erinevad muudatused ja suurused. Tellimuse esitamisel t\u00e4psustage kindlasti soovitud suurus ja muudatused.<\/p>\n<p><strong>Garantii<\/strong><br \/>\nMeie veebilehelt ostetud toodete garantii on kuus kuud. P\u00e4rast ostu kehtib garantii tingimusel, et teil on alles tellimuse arve, mille saite e-kirjaga e-posti aadressile, mille andsite meile tellimuse vormistamisel. Ostu tagastamise korral tuleb see toimetada ettev\u00f5tte MixMax Ltd. kontorisse Zemit\u0101nu iela 9, et saaksime toote defekti isiklikult \u00fcle vaadata ja hinnata toote tagastamise p\u00f5hjust. Kui defekt on t\u00f6\u00f6stuslik, pakutakse kliendile v\u00f5imalust, et toode parandatakse v\u00f5i vahetatakse teise sarnase toote vastu. Kui toode ei ole kahjustatud v\u00f5i on saanud kahjustada kliendi s\u00fc\u00fc l\u00e4bi, hinnatakse igat juhtumit eraldi. Toote parandamine garantii raames v\u00f5i uue toote valmistamine v\u00f5ib v\u00f5tta kuni 5 t\u00f6\u00f6p\u00e4eva.<\/p>\n","protected":false},"excerpt":{"rendered":"<p>Privaatsuspoliitika Privaatsuspoliitika eesm\u00e4rk on teavitada meie kliente sellest, millist teavet ja mis eesm\u00e4rgil v\u00f5ime teie kohta koguda, kui kasutate meie veebilehte \u2013 www.masko.lv, ja kuidas seda teavet t\u00f6\u00f6deldakse. Veebilehe www.masko.lv omanik ja hooldaja on MixMax Ltd., registreerimisnumber: LV40103263078, aadress: Zemit\u0101na 9, Riia, LV-1012. Ettev\u00f5tte Mix Max Ltd. veebilehele www.masko.lv sisestatud andmeid kasutatakse vastastikuseks suhtlemiseks, et&#8230;<\/p>\n","protected":false},"author":1,"featured_media":0,"parent":0,"menu_order":0,"comment_status":"closed","ping_status":"closed","template":"","meta":[],"acf":[],"yoast_head":"<!-- This site is optimized with the Yoast SEO plugin v19.11 - https:\/\/yoast.com\/wordpress\/plugins\/seo\/ -->\n<title>Privaatsuspoliitika ja -tingimused - N\u00e4omaskid Magamismaskid Spordimaskid<\/title>\n<meta name=\"robots\" content=\"noindex, follow, max-snippet:-1, max-image-preview:large, max-video-preview:-1\" \/>\n<meta property=\"og:locale\" content=\"et_EE\" \/>\n<meta property=\"og:type\" content=\"article\" \/>\n<meta property=\"og:title\" content=\"Privaatsuspoliitika ja -tingimused - N\u00e4omaskid Magamismaskid Spordimaskid\" \/>\n<meta property=\"og:description\" content=\"Privaatsuspoliitika Privaatsuspoliitika eesm\u00e4rk on teavitada meie kliente sellest, millist teavet ja mis eesm\u00e4rgil v\u00f5ime teie kohta koguda, kui kasutate meie veebilehte \u2013 www.masko.lv, ja kuidas seda teavet t\u00f6\u00f6deldakse. Veebilehe www.masko.lv omanik ja hooldaja on MixMax Ltd., registreerimisnumber: LV40103263078, aadress: Zemit\u0101na 9, Riia, LV-1012. Ettev\u00f5tte Mix Max Ltd. veebilehele www.masko.lv sisestatud andmeid kasutatakse vastastikuseks suhtlemiseks, et...\" \/>\n<meta property=\"og:url\" content=\"https:\/\/beta.masko.lv\/et\/privaatsuseeskirjad-ja-tingimused\/\" \/>\n<meta property=\"og:site_name\" content=\"N\u00e4omaskid Magamismaskid Spordimaskid\" \/>\n<meta property=\"article:publisher\" content=\"https:\/\/www.facebook.com\/Masko-112631173864447\/\" \/>\n<meta property=\"article:modified_time\" content=\"2021-05-29T14:25:02+00:00\" \/>\n<meta name=\"twitter:card\" content=\"summary_large_image\" \/>\n<meta name=\"twitter:label1\" content=\"Est. reading time\" \/>\n\t<meta name=\"twitter:data1\" content=\"2 minutit\" \/>\n<script type=\"application\/ld+json\" class=\"yoast-schema-graph\">{\"@context\":\"https:\/\/schema.org\",\"@graph\":[{\"@type\":\"WebPage\",\"@id\":\"https:\/\/beta.masko.lv\/et\/privaatsuseeskirjad-ja-tingimused\/\",\"url\":\"https:\/\/beta.masko.lv\/et\/privaatsuseeskirjad-ja-tingimused\/\",\"name\":\"Privaatsuspoliitika ja -tingimused - N\u00e4omaskid Magamismaskid Spordimaskid\",\"isPartOf\":{\"@id\":\"https:\/\/beta.masko.lv\/#website\"},\"datePublished\":\"2020-04-02T09:52:39+00:00\",\"dateModified\":\"2021-05-29T14:25:02+00:00\",\"breadcrumb\":{\"@id\":\"https:\/\/beta.masko.lv\/et\/privaatsuseeskirjad-ja-tingimused\/#breadcrumb\"},\"inLanguage\":\"et\",\"potentialAction\":[{\"@type\":\"ReadAction\",\"target\":[\"https:\/\/beta.masko.lv\/et\/privaatsuseeskirjad-ja-tingimused\/\"]}]},{\"@type\":\"BreadcrumbList\",\"@id\":\"https:\/\/beta.masko.lv\/et\/privaatsuseeskirjad-ja-tingimused\/#breadcrumb\",\"itemListElement\":[{\"@type\":\"ListItem\",\"position\":1,\"name\":\"Home\",\"item\":\"https:\/\/beta.masko.lv\/et\/\"},{\"@type\":\"ListItem\",\"position\":2,\"name\":\"Privaatsuspoliitika ja -tingimused\"}]},{\"@type\":\"WebSite\",\"@id\":\"https:\/\/beta.masko.lv\/#website\",\"url\":\"https:\/\/beta.masko.lv\/\",\"name\":\"Spilvendr\u0101nas | Sejas maskas | Tekstila preces\",\"description\":\"Valmistame kangast erinevat t\u00fc\u00fcpi maske\",\"publisher\":{\"@id\":\"https:\/\/beta.masko.lv\/#organization\"},\"potentialAction\":[{\"@type\":\"SearchAction\",\"target\":{\"@type\":\"EntryPoint\",\"urlTemplate\":\"https:\/\/beta.masko.lv\/?s={search_term_string}\"},\"query-input\":\"required name=search_term_string\"}],\"inLanguage\":\"et\"},{\"@type\":\"Organization\",\"@id\":\"https:\/\/beta.masko.lv\/#organization\",\"name\":\"SIA Mix Max\",\"url\":\"https:\/\/beta.masko.lv\/\",\"logo\":{\"@type\":\"ImageObject\",\"inLanguage\":\"et\",\"@id\":\"https:\/\/beta.masko.lv\/#\/schema\/logo\/image\/\",\"url\":\"https:\/\/beta.masko.lv\/wp-content\/uploads\/2020\/04\/masko-favicon.png\",\"contentUrl\":\"https:\/\/beta.masko.lv\/wp-content\/uploads\/2020\/04\/masko-favicon.png\",\"width\":512,\"height\":512,\"caption\":\"SIA Mix Max\"},\"image\":{\"@id\":\"https:\/\/beta.masko.lv\/#\/schema\/logo\/image\/\"},\"sameAs\":[\"https:\/\/www.instagram.com\/masko.lv\/\",\"https:\/\/www.pinterest.com\/maskostudio\/\",\"https:\/\/www.facebook.com\/Masko-112631173864447\/\"]}]}<\/script>\n<!-- \/ Yoast SEO plugin. -->","yoast_head_json":{"title":"Privaatsuspoliitika ja -tingimused - N\u00e4omaskid Magamismaskid Spordimaskid","robots":{"index":"noindex","follow":"follow","max-snippet":"max-snippet:-1","max-image-preview":"max-image-preview:large","max-video-preview":"max-video-preview:-1"},"og_locale":"et_EE","og_type":"article","og_title":"Privaatsuspoliitika ja -tingimused - N\u00e4omaskid Magamismaskid Spordimaskid","og_description":"Privaatsuspoliitika Privaatsuspoliitika eesm\u00e4rk on teavitada meie kliente sellest, millist teavet ja mis eesm\u00e4rgil v\u00f5ime teie kohta koguda, kui kasutate meie veebilehte \u2013 www.masko.lv, ja kuidas seda teavet t\u00f6\u00f6deldakse. Veebilehe www.masko.lv omanik ja hooldaja on MixMax Ltd., registreerimisnumber: LV40103263078, aadress: Zemit\u0101na 9, Riia, LV-1012. Ettev\u00f5tte Mix Max Ltd. veebilehele www.masko.lv sisestatud andmeid kasutatakse vastastikuseks suhtlemiseks, et...","og_url":"https:\/\/beta.masko.lv\/et\/privaatsuseeskirjad-ja-tingimused\/","og_site_name":"N\u00e4omaskid Magamismaskid Spordimaskid","article_publisher":"https:\/\/www.facebook.com\/Masko-112631173864447\/","article_modified_time":"2021-05-29T14:25:02+00:00","twitter_card":"summary_large_image","twitter_misc":{"Est. reading time":"2 minutit"},"schema":{"@context":"https:\/\/schema.org","@graph":[{"@type":"WebPage","@id":"https:\/\/beta.masko.lv\/et\/privaatsuseeskirjad-ja-tingimused\/","url":"https:\/\/beta.masko.lv\/et\/privaatsuseeskirjad-ja-tingimused\/","name":"Privaatsuspoliitika ja -tingimused - N\u00e4omaskid Magamismaskid Spordimaskid","isPartOf":{"@id":"https:\/\/beta.masko.lv\/#website"},"datePublished":"2020-04-02T09:52:39+00:00","dateModified":"2021-05-29T14:25:02+00:00","breadcrumb":{"@id":"https:\/\/beta.masko.lv\/et\/privaatsuseeskirjad-ja-tingimused\/#breadcrumb"},"inLanguage":"et","potentialAction":[{"@type":"ReadAction","target":["https:\/\/beta.masko.lv\/et\/privaatsuseeskirjad-ja-tingimused\/"]}]},{"@type":"BreadcrumbList","@id":"https:\/\/beta.masko.lv\/et\/privaatsuseeskirjad-ja-tingimused\/#breadcrumb","itemListElement":[{"@type":"ListItem","position":1,"name":"Home","item":"https:\/\/beta.masko.lv\/et\/"},{"@type":"ListItem","position":2,"name":"Privaatsuspoliitika ja -tingimused"}]},{"@type":"WebSite","@id":"https:\/\/beta.masko.lv\/#website","url":"https:\/\/beta.masko.lv\/","name":"Spilvendr\u0101nas | Sejas maskas | Tekstila preces","description":"Valmistame kangast erinevat t\u00fc\u00fcpi maske","publisher":{"@id":"https:\/\/beta.masko.lv\/#organization"},"potentialAction":[{"@type":"SearchAction","target":{"@type":"EntryPoint","urlTemplate":"https:\/\/beta.masko.lv\/?s={search_term_string}"},"query-input":"required name=search_term_string"}],"inLanguage":"et"},{"@type":"Organization","@id":"https:\/\/beta.masko.lv\/#organization","name":"SIA Mix Max","url":"https:\/\/beta.masko.lv\/","logo":{"@type":"ImageObject","inLanguage":"et","@id":"https:\/\/beta.masko.lv\/#\/schema\/logo\/image\/","url":"https:\/\/beta.masko.lv\/wp-content\/uploads\/2020\/04\/masko-favicon.png","contentUrl":"https:\/\/beta.masko.lv\/wp-content\/uploads\/2020\/04\/masko-favicon.png","width":512,"height":512,"caption":"SIA Mix Max"},"image":{"@id":"https:\/\/beta.masko.lv\/#\/schema\/logo\/image\/"},"sameAs":["https:\/\/www.instagram.com\/masko.lv\/","https:\/\/www.pinterest.com\/maskostudio\/","https:\/\/www.facebook.com\/Masko-112631173864447\/"]}]}},"_links":{"self":[{"href":"https:\/\/beta.masko.lv\/et\/wp-json\/wp\/v2\/pages\/2981"}],"collection":[{"href":"https:\/\/beta.masko.lv\/et\/wp-json\/wp\/v2\/pages"}],"about":[{"href":"https:\/\/beta.masko.lv\/et\/wp-json\/wp\/v2\/types\/page"}],"author":[{"embeddable":true,"href":"https:\/\/beta.masko.lv\/et\/wp-json\/wp\/v2\/users\/1"}],"replies":[{"embeddable":true,"href":"https:\/\/beta.masko.lv\/et\/wp-json\/wp\/v2\/comments?post=2981"}],"version-history":[{"count":4,"href":"https:\/\/beta.masko.lv\/et\/wp-json\/wp\/v2\/pages\/2981\/revisions"}],"predecessor-version":[{"id":16926,"href":"https:\/\/beta.masko.lv\/et\/wp-json\/wp\/v2\/pages\/2981\/revisions\/16926"}],"wp:attachment":[{"href":"https:\/\/beta.masko.lv\/et\/wp-json\/wp\/v2\/media?parent=2981"}],"curies":[{"name":"wp","href":"https:\/\/api.w.org\/{rel}","templated":true}]}}