{"id":3008,"date":"2020-04-02T11:27:31","date_gmt":"2020-04-02T08:27:31","guid":{"rendered":"https:\/\/beta.masko.lv\/sakums\/"},"modified":"2022-02-11T10:22:21","modified_gmt":"2022-02-11T08:22:21","slug":"sakums","status":"publish","type":"page","link":"https:\/\/beta.masko.lv\/et\/","title":{"rendered":"Algus"},"content":{"rendered":"","protected":false},"excerpt":{"rendered":"","protected":false},"author":1,"featured_media":0,"parent":0,"menu_order":1,"comment_status":"closed","ping_status":"closed","template":"index.php","meta":[],"acf":[],"yoast_head":"<!-- This site is optimized with the Yoast SEO plugin v19.11 - https:\/\/yoast.com\/wordpress\/plugins\/seo\/ -->\n<title>N\u00e4omaskid Magamismaskid Spordimaskid<\/title>\n<meta name=\"description\" content=\"Ra\u017eojam no auduma da\u017e\u0101da veida maskas\" \/>\n<meta name=\"robots\" content=\"noindex, follow, max-snippet:-1, max-image-preview:large, max-video-preview:-1\" \/>\n<meta property=\"og:locale\" content=\"et_EE\" \/>\n<meta property=\"og:type\" content=\"article\" \/>\n<meta property=\"og:title\" content=\"N\u00e4omaskid Magamismaskid Spordimaskid\" \/>\n<meta property=\"og:description\" content=\"Ra\u017eojam no auduma da\u017e\u0101da veida maskas\" \/>\n<meta property=\"og:url\" content=\"https:\/\/beta.masko.lv\/et\/\" \/>\n<meta property=\"og:site_name\" content=\"N\u00e4omaskid Magamismaskid Spordimaskid\" \/>\n<meta property=\"article:publisher\" content=\"https:\/\/www.facebook.com\/Masko-112631173864447\/\" \/>\n<meta property=\"article:modified_time\" content=\"2022-02-11T08:22:21+00:00\" \/>\n<meta name=\"twitter:card\" content=\"summary_large_image\" \/>\n<script type=\"application\/ld+json\" class=\"yoast-schema-graph\">{\"@context\":\"https:\/\/schema.org\",\"@graph\":[{\"@type\":\"WebPage\",\"@id\":\"https:\/\/beta.masko.lv\/et\/\",\"url\":\"https:\/\/beta.masko.lv\/et\/\",\"name\":\"N\u00e4omaskid Magamismaskid Spordimaskid\",\"isPartOf\":{\"@id\":\"https:\/\/beta.masko.lv\/#website\"},\"datePublished\":\"2020-04-02T08:27:31+00:00\",\"dateModified\":\"2022-02-11T08:22:21+00:00\",\"description\":\"Ra\u017eojam no auduma da\u017e\u0101da veida maskas\",\"breadcrumb\":{\"@id\":\"https:\/\/beta.masko.lv\/et\/#breadcrumb\"},\"inLanguage\":\"et\",\"potentialAction\":[{\"@type\":\"ReadAction\",\"target\":[\"https:\/\/beta.masko.lv\/et\/\"]}]},{\"@type\":\"BreadcrumbList\",\"@id\":\"https:\/\/beta.masko.lv\/et\/#breadcrumb\",\"itemListElement\":[{\"@type\":\"ListItem\",\"position\":1,\"name\":\"Home\",\"item\":\"https:\/\/beta.masko.lv\/et\/\"},{\"@type\":\"ListItem\",\"position\":2,\"name\":\"Algus\"}]},{\"@type\":\"WebSite\",\"@id\":\"https:\/\/beta.masko.lv\/#website\",\"url\":\"https:\/\/beta.masko.lv\/\",\"name\":\"Spilvendr\u0101nas | Sejas maskas | Tekstila preces\",\"description\":\"Valmistame kangast erinevat t\u00fc\u00fcpi maske\",\"publisher\":{\"@id\":\"https:\/\/beta.masko.lv\/#organization\"},\"potentialAction\":[{\"@type\":\"SearchAction\",\"target\":{\"@type\":\"EntryPoint\",\"urlTemplate\":\"https:\/\/beta.masko.lv\/?s={search_term_string}\"},\"query-input\":\"required name=search_term_string\"}],\"inLanguage\":\"et\"},{\"@type\":\"Organization\",\"@id\":\"https:\/\/beta.masko.lv\/#organization\",\"name\":\"SIA Mix Max\",\"url\":\"https:\/\/beta.masko.lv\/\",\"logo\":{\"@type\":\"ImageObject\",\"inLanguage\":\"et\",\"@id\":\"https:\/\/beta.masko.lv\/#\/schema\/logo\/image\/\",\"url\":\"https:\/\/beta.masko.lv\/wp-content\/uploads\/2020\/04\/masko-favicon.png\",\"contentUrl\":\"https:\/\/beta.masko.lv\/wp-content\/uploads\/2020\/04\/masko-favicon.png\",\"width\":512,\"height\":512,\"caption\":\"SIA Mix Max\"},\"image\":{\"@id\":\"https:\/\/beta.masko.lv\/#\/schema\/logo\/image\/\"},\"sameAs\":[\"https:\/\/www.instagram.com\/masko.lv\/\",\"https:\/\/www.pinterest.com\/maskostudio\/\",\"https:\/\/www.facebook.com\/Masko-112631173864447\/\"]}]}<\/script>\n<!-- \/ Yoast SEO plugin. -->","yoast_head_json":{"title":"N\u00e4omaskid Magamismaskid Spordimaskid","description":"Ra\u017eojam no auduma da\u017e\u0101da veida maskas","robots":{"index":"noindex","follow":"follow","max-snippet":"max-snippet:-1","max-image-preview":"max-image-preview:large","max-video-preview":"max-video-preview:-1"},"og_locale":"et_EE","og_type":"article","og_title":"N\u00e4omaskid Magamismaskid Spordimaskid","og_description":"Ra\u017eojam no auduma da\u017e\u0101da veida maskas","og_url":"https:\/\/beta.masko.lv\/et\/","og_site_name":"N\u00e4omaskid Magamismaskid Spordimaskid","article_publisher":"https:\/\/www.facebook.com\/Masko-112631173864447\/","article_modified_time":"2022-02-11T08:22:21+00:00","twitter_card":"summary_large_image","schema":{"@context":"https:\/\/schema.org","@graph":[{"@type":"WebPage","@id":"https:\/\/beta.masko.lv\/et\/","url":"https:\/\/beta.masko.lv\/et\/","name":"N\u00e4omaskid Magamismaskid Spordimaskid","isPartOf":{"@id":"https:\/\/beta.masko.lv\/#website"},"datePublished":"2020-04-02T08:27:31+00:00","dateModified":"2022-02-11T08:22:21+00:00","description":"Ra\u017eojam no auduma da\u017e\u0101da veida maskas","breadcrumb":{"@id":"https:\/\/beta.masko.lv\/et\/#breadcrumb"},"inLanguage":"et","potentialAction":[{"@type":"ReadAction","target":["https:\/\/beta.masko.lv\/et\/"]}]},{"@type":"BreadcrumbList","@id":"https:\/\/beta.masko.lv\/et\/#breadcrumb","itemListElement":[{"@type":"ListItem","position":1,"name":"Home","item":"https:\/\/beta.masko.lv\/et\/"},{"@type":"ListItem","position":2,"name":"Algus"}]},{"@type":"WebSite","@id":"https:\/\/beta.masko.lv\/#website","url":"https:\/\/beta.masko.lv\/","name":"Spilvendr\u0101nas | Sejas maskas | Tekstila preces","description":"Valmistame kangast erinevat t\u00fc\u00fcpi maske","publisher":{"@id":"https:\/\/beta.masko.lv\/#organization"},"potentialAction":[{"@type":"SearchAction","target":{"@type":"EntryPoint","urlTemplate":"https:\/\/beta.masko.lv\/?s={search_term_string}"},"query-input":"required name=search_term_string"}],"inLanguage":"et"},{"@type":"Organization","@id":"https:\/\/beta.masko.lv\/#organization","name":"SIA Mix Max","url":"https:\/\/beta.masko.lv\/","logo":{"@type":"ImageObject","inLanguage":"et","@id":"https:\/\/beta.masko.lv\/#\/schema\/logo\/image\/","url":"https:\/\/beta.masko.lv\/wp-content\/uploads\/2020\/04\/masko-favicon.png","contentUrl":"https:\/\/beta.masko.lv\/wp-content\/uploads\/2020\/04\/masko-favicon.png","width":512,"height":512,"caption":"SIA Mix Max"},"image":{"@id":"https:\/\/beta.masko.lv\/#\/schema\/logo\/image\/"},"sameAs":["https:\/\/www.instagram.com\/masko.lv\/","https:\/\/www.pinterest.com\/maskostudio\/","https:\/\/www.facebook.com\/Masko-112631173864447\/"]}]}},"_links":{"self":[{"href":"https:\/\/beta.masko.lv\/et\/wp-json\/wp\/v2\/pages\/3008"}],"collection":[{"href":"https:\/\/beta.masko.lv\/et\/wp-json\/wp\/v2\/pages"}],"about":[{"href":"https:\/\/beta.masko.lv\/et\/wp-json\/wp\/v2\/types\/page"}],"author":[{"embeddable":true,"href":"https:\/\/beta.masko.lv\/et\/wp-json\/wp\/v2\/users\/1"}],"replies":[{"embeddable":true,"href":"https:\/\/beta.masko.lv\/et\/wp-json\/wp\/v2\/comments?post=3008"}],"version-history":[{"count":36,"href":"https:\/\/beta.masko.lv\/et\/wp-json\/wp\/v2\/pages\/3008\/revisions"}],"predecessor-version":[{"id":35085,"href":"https:\/\/beta.masko.lv\/et\/wp-json\/wp\/v2\/pages\/3008\/revisions\/35085"}],"wp:attachment":[{"href":"https:\/\/beta.masko.lv\/et\/wp-json\/wp\/v2\/media?parent=3008"}],"curies":[{"name":"wp","href":"https:\/\/api.w.org\/{rel}","templated":true}]}}