{"id":30861,"date":"2020-06-04T17:06:11","date_gmt":"2020-06-04T14:06:11","guid":{"rendered":"https:\/\/beta.masko.lv\/sejas-maskas-izstrade-2\/"},"modified":"2021-09-02T17:41:09","modified_gmt":"2021-09-02T14:41:09","slug":"sejas-maskas-izstrade","status":"publish","type":"page","link":"https:\/\/beta.masko.lv\/et\/individuaalsed-kujundused\/sejas-maskas-izstrade\/","title":{"rendered":"N\u00e4omaskide eriline disainilahendus"},"content":{"rendered":"<p>Pakume enese v\u00e4ljendamiseks suurep\u00e4rast v\u00f5imalust. Kui soovite erilise disainiga n\u00e4omaski, olete saabunud \u00f5igesse kohta. Valmistame \u00fche v\u00f5i mitu n\u00e4omaski, mis sobivad teie soovide, \u00fcrituse stiili v\u00f5i t\u00f6\u00f6stusega. Alustamiseks vaadake allolevat teavet<\/p>\n<div class=\"wysiwyg-gallery d-flex flex-wrap\">\n            <div class=\"single-gallery-element position-relative overflow-hidden transition-default\">\n            <a href=\"\" data-toggle=\"modal\" data-target=\"#galleryImages0\" data-counter=\"0\" class=\"slider-image-link\">\n                <img src=\"https:\/\/beta.masko.lv\/wp-content\/uploads\/2021\/09\/maska84-768x820.jpg\" class=\"gallery-image position-absolute w-100 h-100\" alt=\"\">\n                            <\/a>\n        <\/div>\n                <div class=\"single-gallery-element position-relative overflow-hidden transition-default\">\n            <a href=\"\" data-toggle=\"modal\" data-target=\"#galleryImages0\" data-counter=\"1\" class=\"slider-image-link\">\n                <img src=\"https:\/\/beta.masko.lv\/wp-content\/uploads\/2021\/09\/maska51-1-768x820.jpg\" class=\"gallery-image position-absolute w-100 h-100\" alt=\"\">\n                            <\/a>\n        <\/div>\n                <div class=\"single-gallery-element position-relative overflow-hidden transition-default\">\n            <a href=\"\" data-toggle=\"modal\" data-target=\"#galleryImages0\" data-counter=\"2\" class=\"slider-image-link\">\n                <img src=\"https:\/\/beta.masko.lv\/wp-content\/uploads\/2021\/09\/maska19-1-768x820.jpg\" class=\"gallery-image position-absolute w-100 h-100\" alt=\"\">\n                                    <div class=\"darkness-effect position-absolute w-100 h-100\"><\/div>\n                    <div class=\"number-additional position-absolute\">+4<\/div>\n                            <\/a>\n        <\/div>\n        <\/div>\n<div class=\"image-modal-window\">\n    <div class=\"modal\" id=\"galleryImages0\" tabindex=\"-1\">\n        <div class=\"modal-dialog d-inline-block w-100\">\n            <div class=\"modal-content d-block\">\n                <div id=\"imagesSlider0\" class=\"carousel slide\" data-ride=\"carousel\" data-interval=\"false\">\n                    <div class=\"carousel-inner\">\n                                                    <div class=\"carousel-item active\" data-counter=\"0\">\n                                <div class=\"align-modal-helper d-flex flex-wrap align-items-center justify-content-center\">\n                                    <img src=\"https:\/\/beta.masko.lv\/wp-content\/uploads\/2021\/09\/maska84-937x1000.jpg\" class=\"slide-image\"  alt=\"\">\n                                                                    <\/div>\n                            <\/div>\n                                                        <div class=\"carousel-item \" data-counter=\"1\">\n                                <div class=\"align-modal-helper d-flex flex-wrap align-items-center justify-content-center\">\n                                    <img src=\"https:\/\/beta.masko.lv\/wp-content\/uploads\/2021\/09\/maska51-1-937x1000.jpg\" class=\"slide-image\"  alt=\"\">\n                                                                    <\/div>\n                            <\/div>\n                                                        <div class=\"carousel-item \" data-counter=\"2\">\n                                <div class=\"align-modal-helper d-flex flex-wrap align-items-center justify-content-center\">\n                                    <img src=\"https:\/\/beta.masko.lv\/wp-content\/uploads\/2021\/09\/maska19-1-937x1000.jpg\" class=\"slide-image\"  alt=\"\">\n                                                                    <\/div>\n                            <\/div>\n                                                        <div class=\"carousel-item \" data-counter=\"3\">\n                                <div class=\"align-modal-helper d-flex flex-wrap align-items-center justify-content-center\">\n                                    <img src=\"https:\/\/beta.masko.lv\/wp-content\/uploads\/2021\/09\/maska44-1-937x1000.jpg\" class=\"slide-image\"  alt=\"\">\n                                                                    <\/div>\n                            <\/div>\n                                                        <div class=\"carousel-item \" data-counter=\"4\">\n                                <div class=\"align-modal-helper d-flex flex-wrap align-items-center justify-content-center\">\n                                    <img src=\"https:\/\/beta.masko.lv\/wp-content\/uploads\/2021\/09\/maska69-1-937x1000.jpg\" class=\"slide-image\"  alt=\"\">\n                                                                    <\/div>\n                            <\/div>\n                                                        <div class=\"carousel-item \" data-counter=\"5\">\n                                <div class=\"align-modal-helper d-flex flex-wrap align-items-center justify-content-center\">\n                                    <img src=\"https:\/\/beta.masko.lv\/wp-content\/uploads\/2021\/09\/maska65-1-937x1000.jpg\" class=\"slide-image\"  alt=\"\">\n                                                                    <\/div>\n                            <\/div>\n                                                        <div class=\"carousel-item \" data-counter=\"6\">\n                                <div class=\"align-modal-helper d-flex flex-wrap align-items-center justify-content-center\">\n                                    <img src=\"https:\/\/beta.masko.lv\/wp-content\/uploads\/2021\/09\/maska87-1-937x1000.jpg\" class=\"slide-image\"  alt=\"\">\n                                                                    <\/div>\n                            <\/div>\n                                                <\/div>\n                <\/div>\n            <\/div>\n        <\/div>\n                    <a class=\"carousel-control-prev position-absolute\" href=\"#imagesSlider0\" role=\"button\" data-slide=\"prev\">\n                <img src=\"https:\/\/beta.masko.lv\/wp-content\/themes\/Masko\/images\/arrow-left-white.svg\">\n            <\/a>\n            <a class=\"carousel-control-next position-absolute\" href=\"#imagesSlider0\" role=\"button\" data-slide=\"next\">\n                <img src=\"https:\/\/beta.masko.lv\/wp-content\/themes\/Masko\/images\/arrow-right-white.svg\">\n            <\/a>\n                <button class=\"modal-cross position-absolute\" data-dismiss=\"modal\">\n            <img src=\"https:\/\/beta.masko.lv\/wp-content\/themes\/Masko\/images\/cross.svg\">\n        <\/button>\n    <\/div>\n<\/div>\n<h2>Mis teavet ja millised faile me vajame?<\/h2>\n<ul>\n<li>Valige pilt v\u00f5i tekst, mida maskile soovite<\/li>\n<li>Veenduge, et pildiresolutsioon on k\u00f5rge ja laius v\u00e4hemalt 1200px<\/li>\n<li>Kui valisite sidusa pildi, laadige see alla ja salvestage see arvutisse v\u00f5i muuse seadmesse<\/li>\n<li>Kui teil ei ole v\u00f5imalik pilti alla laadida, kopeerige pildi link<\/li>\n<li>Valige enda n\u00e4omaski suurus. Vaadake suurusi<\/li>\n<\/ul>\n<h2>Kuhu kogu teave saata?<\/h2>\n<p>Saatke teave valitud pildi, teksti v\u00f5i m\u00f5ne muu sooviga e-posti aadressile masko@masko.lv ning v\u00f5tame teiega esimesel v\u00f5imalusel \u00fchendust.<\/p>\n<h2>Soovite valmiskujundusega n\u00e4omaski?<\/h2>\n<p>&nbsp;<\/p>\n    <a class=\"default-link\" target=\"_blank\" href=\"https:\/\/beta.masko.lv\/et\/kataloog\/\">Kataloogi juurde<\/a>\n    \n<p>&nbsp;<\/p>\n<h2>Suurused:<\/h2>\n<p>Maskid on saadaval kolmes suuruses: S, M L. K\u00fcsimuste korral v\u00f5tke \u00fchendust, kirjutades e-posti aadressile masko@masko.lv v\u00f5i helistage numbrile +371 25 185 864<br \/>\n<img loading=\"lazy\" class=\"alignnone wp-image-2735 size-full\" src=\"https:\/\/beta.masko.lv\/wp-content\/uploads\/2021\/09\/sejas-masku-izmeri.jpg\" alt=\"\" width=\"1920\" height=\"1080\" \/><\/p>\n","protected":false},"excerpt":{"rendered":"<p>Pakume enese v\u00e4ljendamiseks suurep\u00e4rast v\u00f5imalust. Kui soovite erilise disainiga n\u00e4omaski, olete saabunud \u00f5igesse kohta. Valmistame \u00fche v\u00f5i mitu n\u00e4omaski, mis sobivad teie soovide, \u00fcrituse stiili v\u00f5i t\u00f6\u00f6stusega. Alustamiseks vaadake allolevat teavet Mis teavet ja millised faile me vajame? Valige pilt v\u00f5i tekst, mida maskile soovite Veenduge, et pildiresolutsioon on k\u00f5rge ja laius v\u00e4hemalt 1200px Kui&#8230;<\/p>\n","protected":false},"author":2,"featured_media":30945,"parent":5366,"menu_order":0,"comment_status":"closed","ping_status":"closed","template":"individual.php","meta":[],"acf":[],"yoast_head":"<!-- This site is optimized with the Yoast SEO plugin v19.11 - https:\/\/yoast.com\/wordpress\/plugins\/seo\/ -->\n<title>N\u00e4omaskide eriline disainilahendus - N\u00e4omaskid Magamismaskid Spordimaskid<\/title>\n<meta name=\"robots\" content=\"noindex, follow, max-snippet:-1, max-image-preview:large, max-video-preview:-1\" \/>\n<meta property=\"og:locale\" content=\"et_EE\" \/>\n<meta property=\"og:type\" content=\"article\" \/>\n<meta property=\"og:title\" content=\"N\u00e4omaskide eriline disainilahendus - N\u00e4omaskid Magamismaskid Spordimaskid\" \/>\n<meta property=\"og:description\" content=\"Pakume enese v\u00e4ljendamiseks suurep\u00e4rast v\u00f5imalust. Kui soovite erilise disainiga n\u00e4omaski, olete saabunud \u00f5igesse kohta. Valmistame \u00fche v\u00f5i mitu n\u00e4omaski, mis sobivad teie soovide, \u00fcrituse stiili v\u00f5i t\u00f6\u00f6stusega. Alustamiseks vaadake allolevat teavet Mis teavet ja millised faile me vajame? Valige pilt v\u00f5i tekst, mida maskile soovite Veenduge, et pildiresolutsioon on k\u00f5rge ja laius v\u00e4hemalt 1200px Kui...\" \/>\n<meta property=\"og:url\" content=\"https:\/\/beta.masko.lv\/et\/individuaalsed-kujundused\/sejas-maskas-izstrade\/\" \/>\n<meta property=\"og:site_name\" content=\"N\u00e4omaskid Magamismaskid Spordimaskid\" \/>\n<meta property=\"article:publisher\" content=\"https:\/\/www.facebook.com\/Masko-112631173864447\/\" \/>\n<meta property=\"article:modified_time\" content=\"2021-09-02T14:41:09+00:00\" \/>\n<meta property=\"og:image\" content=\"https:\/\/beta.masko.lv\/wp-content\/uploads\/2021\/09\/maska84.jpg\" \/>\n\t<meta property=\"og:image:width\" content=\"950\" \/>\n\t<meta property=\"og:image:height\" content=\"1014\" \/>\n\t<meta property=\"og:image:type\" content=\"image\/jpeg\" \/>\n<meta name=\"twitter:card\" content=\"summary_large_image\" \/>\n<meta name=\"twitter:label1\" content=\"Est. reading time\" \/>\n\t<meta name=\"twitter:data1\" content=\"1 minut\" \/>\n<script type=\"application\/ld+json\" class=\"yoast-schema-graph\">{\"@context\":\"https:\/\/schema.org\",\"@graph\":[{\"@type\":\"WebPage\",\"@id\":\"https:\/\/beta.masko.lv\/et\/individuaalsed-kujundused\/sejas-maskas-izstrade\/\",\"url\":\"https:\/\/beta.masko.lv\/et\/individuaalsed-kujundused\/sejas-maskas-izstrade\/\",\"name\":\"N\u00e4omaskide eriline disainilahendus - N\u00e4omaskid Magamismaskid Spordimaskid\",\"isPartOf\":{\"@id\":\"https:\/\/beta.masko.lv\/#website\"},\"datePublished\":\"2020-06-04T14:06:11+00:00\",\"dateModified\":\"2021-09-02T14:41:09+00:00\",\"breadcrumb\":{\"@id\":\"https:\/\/beta.masko.lv\/et\/individuaalsed-kujundused\/sejas-maskas-izstrade\/#breadcrumb\"},\"inLanguage\":\"et\",\"potentialAction\":[{\"@type\":\"ReadAction\",\"target\":[\"https:\/\/beta.masko.lv\/et\/individuaalsed-kujundused\/sejas-maskas-izstrade\/\"]}]},{\"@type\":\"BreadcrumbList\",\"@id\":\"https:\/\/beta.masko.lv\/et\/individuaalsed-kujundused\/sejas-maskas-izstrade\/#breadcrumb\",\"itemListElement\":[{\"@type\":\"ListItem\",\"position\":1,\"name\":\"Home\",\"item\":\"https:\/\/beta.masko.lv\/et\/\"},{\"@type\":\"ListItem\",\"position\":2,\"name\":\"Individuaalsed kujundused\",\"item\":\"https:\/\/beta.masko.lv\/et\/individuaalsed-kujundused\/\"},{\"@type\":\"ListItem\",\"position\":3,\"name\":\"N\u00e4omaskide eriline disainilahendus\"}]},{\"@type\":\"WebSite\",\"@id\":\"https:\/\/beta.masko.lv\/#website\",\"url\":\"https:\/\/beta.masko.lv\/\",\"name\":\"Spilvendr\u0101nas | Sejas maskas | Tekstila preces\",\"description\":\"Valmistame kangast erinevat t\u00fc\u00fcpi maske\",\"publisher\":{\"@id\":\"https:\/\/beta.masko.lv\/#organization\"},\"potentialAction\":[{\"@type\":\"SearchAction\",\"target\":{\"@type\":\"EntryPoint\",\"urlTemplate\":\"https:\/\/beta.masko.lv\/?s={search_term_string}\"},\"query-input\":\"required name=search_term_string\"}],\"inLanguage\":\"et\"},{\"@type\":\"Organization\",\"@id\":\"https:\/\/beta.masko.lv\/#organization\",\"name\":\"SIA Mix Max\",\"url\":\"https:\/\/beta.masko.lv\/\",\"logo\":{\"@type\":\"ImageObject\",\"inLanguage\":\"et\",\"@id\":\"https:\/\/beta.masko.lv\/#\/schema\/logo\/image\/\",\"url\":\"https:\/\/beta.masko.lv\/wp-content\/uploads\/2020\/04\/masko-favicon.png\",\"contentUrl\":\"https:\/\/beta.masko.lv\/wp-content\/uploads\/2020\/04\/masko-favicon.png\",\"width\":512,\"height\":512,\"caption\":\"SIA Mix Max\"},\"image\":{\"@id\":\"https:\/\/beta.masko.lv\/#\/schema\/logo\/image\/\"},\"sameAs\":[\"https:\/\/www.instagram.com\/masko.lv\/\",\"https:\/\/www.pinterest.com\/maskostudio\/\",\"https:\/\/www.facebook.com\/Masko-112631173864447\/\"]}]}<\/script>\n<!-- \/ Yoast SEO plugin. -->","yoast_head_json":{"title":"N\u00e4omaskide eriline disainilahendus - N\u00e4omaskid Magamismaskid Spordimaskid","robots":{"index":"noindex","follow":"follow","max-snippet":"max-snippet:-1","max-image-preview":"max-image-preview:large","max-video-preview":"max-video-preview:-1"},"og_locale":"et_EE","og_type":"article","og_title":"N\u00e4omaskide eriline disainilahendus - N\u00e4omaskid Magamismaskid Spordimaskid","og_description":"Pakume enese v\u00e4ljendamiseks suurep\u00e4rast v\u00f5imalust. Kui soovite erilise disainiga n\u00e4omaski, olete saabunud \u00f5igesse kohta. Valmistame \u00fche v\u00f5i mitu n\u00e4omaski, mis sobivad teie soovide, \u00fcrituse stiili v\u00f5i t\u00f6\u00f6stusega. Alustamiseks vaadake allolevat teavet Mis teavet ja millised faile me vajame? Valige pilt v\u00f5i tekst, mida maskile soovite Veenduge, et pildiresolutsioon on k\u00f5rge ja laius v\u00e4hemalt 1200px Kui...","og_url":"https:\/\/beta.masko.lv\/et\/individuaalsed-kujundused\/sejas-maskas-izstrade\/","og_site_name":"N\u00e4omaskid Magamismaskid Spordimaskid","article_publisher":"https:\/\/www.facebook.com\/Masko-112631173864447\/","article_modified_time":"2021-09-02T14:41:09+00:00","og_image":[{"width":950,"height":1014,"url":"https:\/\/beta.masko.lv\/wp-content\/uploads\/2021\/09\/maska84.jpg","type":"image\/jpeg"}],"twitter_card":"summary_large_image","twitter_misc":{"Est. reading time":"1 minut"},"schema":{"@context":"https:\/\/schema.org","@graph":[{"@type":"WebPage","@id":"https:\/\/beta.masko.lv\/et\/individuaalsed-kujundused\/sejas-maskas-izstrade\/","url":"https:\/\/beta.masko.lv\/et\/individuaalsed-kujundused\/sejas-maskas-izstrade\/","name":"N\u00e4omaskide eriline disainilahendus - N\u00e4omaskid Magamismaskid Spordimaskid","isPartOf":{"@id":"https:\/\/beta.masko.lv\/#website"},"datePublished":"2020-06-04T14:06:11+00:00","dateModified":"2021-09-02T14:41:09+00:00","breadcrumb":{"@id":"https:\/\/beta.masko.lv\/et\/individuaalsed-kujundused\/sejas-maskas-izstrade\/#breadcrumb"},"inLanguage":"et","potentialAction":[{"@type":"ReadAction","target":["https:\/\/beta.masko.lv\/et\/individuaalsed-kujundused\/sejas-maskas-izstrade\/"]}]},{"@type":"BreadcrumbList","@id":"https:\/\/beta.masko.lv\/et\/individuaalsed-kujundused\/sejas-maskas-izstrade\/#breadcrumb","itemListElement":[{"@type":"ListItem","position":1,"name":"Home","item":"https:\/\/beta.masko.lv\/et\/"},{"@type":"ListItem","position":2,"name":"Individuaalsed kujundused","item":"https:\/\/beta.masko.lv\/et\/individuaalsed-kujundused\/"},{"@type":"ListItem","position":3,"name":"N\u00e4omaskide eriline disainilahendus"}]},{"@type":"WebSite","@id":"https:\/\/beta.masko.lv\/#website","url":"https:\/\/beta.masko.lv\/","name":"Spilvendr\u0101nas | Sejas maskas | Tekstila preces","description":"Valmistame kangast erinevat t\u00fc\u00fcpi maske","publisher":{"@id":"https:\/\/beta.masko.lv\/#organization"},"potentialAction":[{"@type":"SearchAction","target":{"@type":"EntryPoint","urlTemplate":"https:\/\/beta.masko.lv\/?s={search_term_string}"},"query-input":"required name=search_term_string"}],"inLanguage":"et"},{"@type":"Organization","@id":"https:\/\/beta.masko.lv\/#organization","name":"SIA Mix Max","url":"https:\/\/beta.masko.lv\/","logo":{"@type":"ImageObject","inLanguage":"et","@id":"https:\/\/beta.masko.lv\/#\/schema\/logo\/image\/","url":"https:\/\/beta.masko.lv\/wp-content\/uploads\/2020\/04\/masko-favicon.png","contentUrl":"https:\/\/beta.masko.lv\/wp-content\/uploads\/2020\/04\/masko-favicon.png","width":512,"height":512,"caption":"SIA Mix Max"},"image":{"@id":"https:\/\/beta.masko.lv\/#\/schema\/logo\/image\/"},"sameAs":["https:\/\/www.instagram.com\/masko.lv\/","https:\/\/www.pinterest.com\/maskostudio\/","https:\/\/www.facebook.com\/Masko-112631173864447\/"]}]}},"_links":{"self":[{"href":"https:\/\/beta.masko.lv\/et\/wp-json\/wp\/v2\/pages\/30861"}],"collection":[{"href":"https:\/\/beta.masko.lv\/et\/wp-json\/wp\/v2\/pages"}],"about":[{"href":"https:\/\/beta.masko.lv\/et\/wp-json\/wp\/v2\/types\/page"}],"author":[{"embeddable":true,"href":"https:\/\/beta.masko.lv\/et\/wp-json\/wp\/v2\/users\/2"}],"replies":[{"embeddable":true,"href":"https:\/\/beta.masko.lv\/et\/wp-json\/wp\/v2\/comments?post=30861"}],"version-history":[{"count":1,"href":"https:\/\/beta.masko.lv\/et\/wp-json\/wp\/v2\/pages\/30861\/revisions"}],"predecessor-version":[{"id":30973,"href":"https:\/\/beta.masko.lv\/et\/wp-json\/wp\/v2\/pages\/30861\/revisions\/30973"}],"up":[{"embeddable":true,"href":"https:\/\/beta.masko.lv\/et\/wp-json\/wp\/v2\/pages\/5366"}],"wp:featuredmedia":[{"embeddable":true,"href":"https:\/\/beta.masko.lv\/et\/wp-json\/wp\/v2\/media\/30945"}],"wp:attachment":[{"href":"https:\/\/beta.masko.lv\/et\/wp-json\/wp\/v2\/media?parent=30861"}],"curies":[{"name":"wp","href":"https:\/\/api.w.org\/{rel}","templated":true}]}}