{"id":5366,"date":"2020-06-04T20:00:32","date_gmt":"2020-06-04T17:00:32","guid":{"rendered":"https:\/\/beta.masko.lv\/individuali-dizaini\/"},"modified":"2022-01-13T12:11:48","modified_gmt":"2022-01-13T10:11:48","slug":"individuaalsed-kujundused","status":"publish","type":"page","link":"https:\/\/beta.masko.lv\/et\/individuaalsed-kujundused\/","title":{"rendered":"Individuaalsed kujundused"},"content":{"rendered":"<h2>\u00dcksikkaupade valmistamine<\/h2>\n<p>Pakume suurep\u00e4rast v\u00f5imalust ennast v\u00e4ljendada. Kui soovite n\u00e4omaski jaoks v\u00e4lja t\u00f6\u00f6tada individuaalse disaini, siis olete \u00f5iges kohas. Valmistame n\u00e4omaski v\u00f5i rohkemgi, mis on kohandatud teie soovidele, \u00fcrituse teemale v\u00f5i \u00e4rivaldkonnale. \u00dche maski individuaalse disaini v\u00e4ljat\u00f6\u00f6tamine: 10 EUR (sisaldab mudelit ja maski ennast)<\/p>\n<h2>Millist teavet ja faile vajate?<\/h2>\n<ul>\n<li>Otsige maskilt \u00fcles soovitud pilt v\u00f5i tekst<\/li>\n<li>Veenduge, et pildi eraldusv\u00f5ime oleks k\u00f5rge ja saavutaks v\u00e4hemalt 1200 piksli laiuse<\/li>\n<li>Kui olete v\u00f5rgus pildi valinud, laadige see alla ja salvestage oma arvutisse v\u00f5i muusse seadmesse.<\/li>\n<li>Kui te ei saa pilti alla laadida, kopeerige pildi link<\/li>\n<li>Valige n\u00e4omaski suurus. Vaata suurusi<\/li>\n<\/ul>\n<h2>Kuhu kogu info saata?<\/h2>\n<p>Saada info koos valitud pildi, teksti v\u00f5i ka muude soovidega aadressil masko@masko.lv<\/p>\n<h2>Suuruste tabel<\/h2>\n","protected":false},"excerpt":{"rendered":"<p>\u00dcksikkaupade valmistamine Pakume suurep\u00e4rast v\u00f5imalust ennast v\u00e4ljendada. Kui soovite n\u00e4omaski jaoks v\u00e4lja t\u00f6\u00f6tada individuaalse disaini, siis olete \u00f5iges kohas. Valmistame n\u00e4omaski v\u00f5i rohkemgi, mis on kohandatud teie soovidele, \u00fcrituse teemale v\u00f5i \u00e4rivaldkonnale. \u00dche maski individuaalse disaini v\u00e4ljat\u00f6\u00f6tamine: 10 EUR (sisaldab mudelit ja maski ennast) Millist teavet ja faile vajate? Otsige maskilt \u00fcles soovitud pilt v\u00f5i&#8230;<\/p>\n","protected":false},"author":1,"featured_media":0,"parent":0,"menu_order":0,"comment_status":"closed","ping_status":"closed","template":"individual.php","meta":[],"acf":[],"yoast_head":"<!-- This site is optimized with the Yoast SEO plugin v19.11 - https:\/\/yoast.com\/wordpress\/plugins\/seo\/ -->\n<title>Individuaalsed kujundused - N\u00e4omaskid Magamismaskid Spordimaskid<\/title>\n<meta name=\"robots\" content=\"noindex, follow, max-snippet:-1, max-image-preview:large, max-video-preview:-1\" \/>\n<meta property=\"og:locale\" content=\"et_EE\" \/>\n<meta property=\"og:type\" content=\"article\" \/>\n<meta property=\"og:title\" content=\"Individuaalsed kujundused - N\u00e4omaskid Magamismaskid Spordimaskid\" \/>\n<meta property=\"og:description\" content=\"\u00dcksikkaupade valmistamine Pakume suurep\u00e4rast v\u00f5imalust ennast v\u00e4ljendada. Kui soovite n\u00e4omaski jaoks v\u00e4lja t\u00f6\u00f6tada individuaalse disaini, siis olete \u00f5iges kohas. Valmistame n\u00e4omaski v\u00f5i rohkemgi, mis on kohandatud teie soovidele, \u00fcrituse teemale v\u00f5i \u00e4rivaldkonnale. \u00dche maski individuaalse disaini v\u00e4ljat\u00f6\u00f6tamine: 10 EUR (sisaldab mudelit ja maski ennast) Millist teavet ja faile vajate? Otsige maskilt \u00fcles soovitud pilt v\u00f5i...\" \/>\n<meta property=\"og:url\" content=\"https:\/\/beta.masko.lv\/et\/individuaalsed-kujundused\/\" \/>\n<meta property=\"og:site_name\" content=\"N\u00e4omaskid Magamismaskid Spordimaskid\" \/>\n<meta property=\"article:publisher\" content=\"https:\/\/www.facebook.com\/Masko-112631173864447\/\" \/>\n<meta property=\"article:modified_time\" content=\"2022-01-13T10:11:48+00:00\" \/>\n<meta name=\"twitter:card\" content=\"summary_large_image\" \/>\n<meta name=\"twitter:label1\" content=\"Est. reading time\" \/>\n\t<meta name=\"twitter:data1\" content=\"1 minut\" \/>\n<script type=\"application\/ld+json\" class=\"yoast-schema-graph\">{\"@context\":\"https:\/\/schema.org\",\"@graph\":[{\"@type\":\"WebPage\",\"@id\":\"https:\/\/beta.masko.lv\/et\/individuaalsed-kujundused\/\",\"url\":\"https:\/\/beta.masko.lv\/et\/individuaalsed-kujundused\/\",\"name\":\"Individuaalsed kujundused - N\u00e4omaskid Magamismaskid Spordimaskid\",\"isPartOf\":{\"@id\":\"https:\/\/beta.masko.lv\/#website\"},\"datePublished\":\"2020-06-04T17:00:32+00:00\",\"dateModified\":\"2022-01-13T10:11:48+00:00\",\"breadcrumb\":{\"@id\":\"https:\/\/beta.masko.lv\/et\/individuaalsed-kujundused\/#breadcrumb\"},\"inLanguage\":\"et\",\"potentialAction\":[{\"@type\":\"ReadAction\",\"target\":[\"https:\/\/beta.masko.lv\/et\/individuaalsed-kujundused\/\"]}]},{\"@type\":\"BreadcrumbList\",\"@id\":\"https:\/\/beta.masko.lv\/et\/individuaalsed-kujundused\/#breadcrumb\",\"itemListElement\":[{\"@type\":\"ListItem\",\"position\":1,\"name\":\"Home\",\"item\":\"https:\/\/beta.masko.lv\/et\/\"},{\"@type\":\"ListItem\",\"position\":2,\"name\":\"Individuaalsed kujundused\"}]},{\"@type\":\"WebSite\",\"@id\":\"https:\/\/beta.masko.lv\/#website\",\"url\":\"https:\/\/beta.masko.lv\/\",\"name\":\"Spilvendr\u0101nas | Sejas maskas | Tekstila preces\",\"description\":\"Valmistame kangast erinevat t\u00fc\u00fcpi maske\",\"publisher\":{\"@id\":\"https:\/\/beta.masko.lv\/#organization\"},\"potentialAction\":[{\"@type\":\"SearchAction\",\"target\":{\"@type\":\"EntryPoint\",\"urlTemplate\":\"https:\/\/beta.masko.lv\/?s={search_term_string}\"},\"query-input\":\"required name=search_term_string\"}],\"inLanguage\":\"et\"},{\"@type\":\"Organization\",\"@id\":\"https:\/\/beta.masko.lv\/#organization\",\"name\":\"SIA Mix Max\",\"url\":\"https:\/\/beta.masko.lv\/\",\"logo\":{\"@type\":\"ImageObject\",\"inLanguage\":\"et\",\"@id\":\"https:\/\/beta.masko.lv\/#\/schema\/logo\/image\/\",\"url\":\"https:\/\/beta.masko.lv\/wp-content\/uploads\/2020\/04\/masko-favicon.png\",\"contentUrl\":\"https:\/\/beta.masko.lv\/wp-content\/uploads\/2020\/04\/masko-favicon.png\",\"width\":512,\"height\":512,\"caption\":\"SIA Mix Max\"},\"image\":{\"@id\":\"https:\/\/beta.masko.lv\/#\/schema\/logo\/image\/\"},\"sameAs\":[\"https:\/\/www.instagram.com\/masko.lv\/\",\"https:\/\/www.pinterest.com\/maskostudio\/\",\"https:\/\/www.facebook.com\/Masko-112631173864447\/\"]}]}<\/script>\n<!-- \/ Yoast SEO plugin. -->","yoast_head_json":{"title":"Individuaalsed kujundused - N\u00e4omaskid Magamismaskid Spordimaskid","robots":{"index":"noindex","follow":"follow","max-snippet":"max-snippet:-1","max-image-preview":"max-image-preview:large","max-video-preview":"max-video-preview:-1"},"og_locale":"et_EE","og_type":"article","og_title":"Individuaalsed kujundused - N\u00e4omaskid Magamismaskid Spordimaskid","og_description":"\u00dcksikkaupade valmistamine Pakume suurep\u00e4rast v\u00f5imalust ennast v\u00e4ljendada. Kui soovite n\u00e4omaski jaoks v\u00e4lja t\u00f6\u00f6tada individuaalse disaini, siis olete \u00f5iges kohas. Valmistame n\u00e4omaski v\u00f5i rohkemgi, mis on kohandatud teie soovidele, \u00fcrituse teemale v\u00f5i \u00e4rivaldkonnale. \u00dche maski individuaalse disaini v\u00e4ljat\u00f6\u00f6tamine: 10 EUR (sisaldab mudelit ja maski ennast) Millist teavet ja faile vajate? Otsige maskilt \u00fcles soovitud pilt v\u00f5i...","og_url":"https:\/\/beta.masko.lv\/et\/individuaalsed-kujundused\/","og_site_name":"N\u00e4omaskid Magamismaskid Spordimaskid","article_publisher":"https:\/\/www.facebook.com\/Masko-112631173864447\/","article_modified_time":"2022-01-13T10:11:48+00:00","twitter_card":"summary_large_image","twitter_misc":{"Est. reading time":"1 minut"},"schema":{"@context":"https:\/\/schema.org","@graph":[{"@type":"WebPage","@id":"https:\/\/beta.masko.lv\/et\/individuaalsed-kujundused\/","url":"https:\/\/beta.masko.lv\/et\/individuaalsed-kujundused\/","name":"Individuaalsed kujundused - N\u00e4omaskid Magamismaskid Spordimaskid","isPartOf":{"@id":"https:\/\/beta.masko.lv\/#website"},"datePublished":"2020-06-04T17:00:32+00:00","dateModified":"2022-01-13T10:11:48+00:00","breadcrumb":{"@id":"https:\/\/beta.masko.lv\/et\/individuaalsed-kujundused\/#breadcrumb"},"inLanguage":"et","potentialAction":[{"@type":"ReadAction","target":["https:\/\/beta.masko.lv\/et\/individuaalsed-kujundused\/"]}]},{"@type":"BreadcrumbList","@id":"https:\/\/beta.masko.lv\/et\/individuaalsed-kujundused\/#breadcrumb","itemListElement":[{"@type":"ListItem","position":1,"name":"Home","item":"https:\/\/beta.masko.lv\/et\/"},{"@type":"ListItem","position":2,"name":"Individuaalsed kujundused"}]},{"@type":"WebSite","@id":"https:\/\/beta.masko.lv\/#website","url":"https:\/\/beta.masko.lv\/","name":"Spilvendr\u0101nas | Sejas maskas | Tekstila preces","description":"Valmistame kangast erinevat t\u00fc\u00fcpi maske","publisher":{"@id":"https:\/\/beta.masko.lv\/#organization"},"potentialAction":[{"@type":"SearchAction","target":{"@type":"EntryPoint","urlTemplate":"https:\/\/beta.masko.lv\/?s={search_term_string}"},"query-input":"required name=search_term_string"}],"inLanguage":"et"},{"@type":"Organization","@id":"https:\/\/beta.masko.lv\/#organization","name":"SIA Mix Max","url":"https:\/\/beta.masko.lv\/","logo":{"@type":"ImageObject","inLanguage":"et","@id":"https:\/\/beta.masko.lv\/#\/schema\/logo\/image\/","url":"https:\/\/beta.masko.lv\/wp-content\/uploads\/2020\/04\/masko-favicon.png","contentUrl":"https:\/\/beta.masko.lv\/wp-content\/uploads\/2020\/04\/masko-favicon.png","width":512,"height":512,"caption":"SIA Mix Max"},"image":{"@id":"https:\/\/beta.masko.lv\/#\/schema\/logo\/image\/"},"sameAs":["https:\/\/www.instagram.com\/masko.lv\/","https:\/\/www.pinterest.com\/maskostudio\/","https:\/\/www.facebook.com\/Masko-112631173864447\/"]}]}},"_links":{"self":[{"href":"https:\/\/beta.masko.lv\/et\/wp-json\/wp\/v2\/pages\/5366"}],"collection":[{"href":"https:\/\/beta.masko.lv\/et\/wp-json\/wp\/v2\/pages"}],"about":[{"href":"https:\/\/beta.masko.lv\/et\/wp-json\/wp\/v2\/types\/page"}],"author":[{"embeddable":true,"href":"https:\/\/beta.masko.lv\/et\/wp-json\/wp\/v2\/users\/1"}],"replies":[{"embeddable":true,"href":"https:\/\/beta.masko.lv\/et\/wp-json\/wp\/v2\/comments?post=5366"}],"version-history":[{"count":8,"href":"https:\/\/beta.masko.lv\/et\/wp-json\/wp\/v2\/pages\/5366\/revisions"}],"predecessor-version":[{"id":34431,"href":"https:\/\/beta.masko.lv\/et\/wp-json\/wp\/v2\/pages\/5366\/revisions\/34431"}],"wp:attachment":[{"href":"https:\/\/beta.masko.lv\/et\/wp-json\/wp\/v2\/media?parent=5366"}],"curies":[{"name":"wp","href":"https:\/\/api.w.org\/{rel}","templated":true}]}}