{"id":17499,"date":"2021-06-07T04:10:47","date_gmt":"2021-06-07T01:10:47","guid":{"rendered":"https:\/\/beta.masko.lv\/mans-velmju-saraksts\/"},"modified":"2021-06-07T04:20:52","modified_gmt":"2021-06-07T01:20:52","slug":"mano-noru-sarasas","status":"publish","type":"page","link":"https:\/\/beta.masko.lv\/lt\/mano-noru-sarasas\/","title":{"rendered":"Mano nor\u0173 s\u0105ra\u0161as"},"content":{"rendered":"","protected":false},"excerpt":{"rendered":"","protected":false},"author":1,"featured_media":0,"parent":0,"menu_order":0,"comment_status":"closed","ping_status":"closed","template":"liked-list.php","meta":[],"acf":[],"yoast_head":"<!-- This site is optimized with the Yoast SEO plugin v19.11 - https:\/\/yoast.com\/wordpress\/plugins\/seo\/ -->\n<title>Mano nor\u0173 s\u0105ra\u0161as - Veido kauk\u0117s Miegan\u010dios kauk\u0117s Sportin\u0117s kauk\u0117s<\/title>\n<meta name=\"robots\" content=\"noindex, follow, max-snippet:-1, max-image-preview:large, max-video-preview:-1\" \/>\n<meta property=\"og:locale\" content=\"lt_LT\" \/>\n<meta property=\"og:type\" content=\"article\" \/>\n<meta property=\"og:title\" content=\"Mano nor\u0173 s\u0105ra\u0161as - Veido kauk\u0117s Miegan\u010dios kauk\u0117s Sportin\u0117s kauk\u0117s\" \/>\n<meta property=\"og:url\" content=\"https:\/\/beta.masko.lv\/lt\/mano-noru-sarasas\/\" \/>\n<meta property=\"og:site_name\" content=\"Veido kauk\u0117s Miegan\u010dios kauk\u0117s Sportin\u0117s kauk\u0117s\" \/>\n<meta property=\"article:publisher\" content=\"https:\/\/www.facebook.com\/Masko-112631173864447\/\" \/>\n<meta property=\"article:modified_time\" content=\"2021-06-07T01:20:52+00:00\" \/>\n<meta name=\"twitter:card\" content=\"summary_large_image\" \/>\n<script type=\"application\/ld+json\" class=\"yoast-schema-graph\">{\"@context\":\"https:\/\/schema.org\",\"@graph\":[{\"@type\":\"WebPage\",\"@id\":\"https:\/\/beta.masko.lv\/lt\/mano-noru-sarasas\/\",\"url\":\"https:\/\/beta.masko.lv\/lt\/mano-noru-sarasas\/\",\"name\":\"Mano nor\u0173 s\u0105ra\u0161as - Veido kauk\u0117s Miegan\u010dios kauk\u0117s Sportin\u0117s kauk\u0117s\",\"isPartOf\":{\"@id\":\"https:\/\/beta.masko.lv\/#website\"},\"datePublished\":\"2021-06-07T01:10:47+00:00\",\"dateModified\":\"2021-06-07T01:20:52+00:00\",\"breadcrumb\":{\"@id\":\"https:\/\/beta.masko.lv\/lt\/mano-noru-sarasas\/#breadcrumb\"},\"inLanguage\":\"lt-LT\",\"potentialAction\":[{\"@type\":\"ReadAction\",\"target\":[\"https:\/\/beta.masko.lv\/lt\/mano-noru-sarasas\/\"]}]},{\"@type\":\"BreadcrumbList\",\"@id\":\"https:\/\/beta.masko.lv\/lt\/mano-noru-sarasas\/#breadcrumb\",\"itemListElement\":[{\"@type\":\"ListItem\",\"position\":1,\"name\":\"Home\",\"item\":\"https:\/\/beta.masko.lv\/lt\/\"},{\"@type\":\"ListItem\",\"position\":2,\"name\":\"Mano nor\u0173 s\u0105ra\u0161as\"}]},{\"@type\":\"WebSite\",\"@id\":\"https:\/\/beta.masko.lv\/#website\",\"url\":\"https:\/\/beta.masko.lv\/\",\"name\":\"Spilvendr\u0101nas | Sejas maskas | Tekstila preces\",\"description\":\"I\u0161 audinio gaminame \u012fvairi\u0173 r\u016b\u0161i\u0173 kaukes\",\"publisher\":{\"@id\":\"https:\/\/beta.masko.lv\/#organization\"},\"potentialAction\":[{\"@type\":\"SearchAction\",\"target\":{\"@type\":\"EntryPoint\",\"urlTemplate\":\"https:\/\/beta.masko.lv\/?s={search_term_string}\"},\"query-input\":\"required name=search_term_string\"}],\"inLanguage\":\"lt-LT\"},{\"@type\":\"Organization\",\"@id\":\"https:\/\/beta.masko.lv\/#organization\",\"name\":\"SIA Mix Max\",\"url\":\"https:\/\/beta.masko.lv\/\",\"logo\":{\"@type\":\"ImageObject\",\"inLanguage\":\"lt-LT\",\"@id\":\"https:\/\/beta.masko.lv\/#\/schema\/logo\/image\/\",\"url\":\"https:\/\/beta.masko.lv\/wp-content\/uploads\/2020\/04\/masko-favicon.png\",\"contentUrl\":\"https:\/\/beta.masko.lv\/wp-content\/uploads\/2020\/04\/masko-favicon.png\",\"width\":512,\"height\":512,\"caption\":\"SIA Mix Max\"},\"image\":{\"@id\":\"https:\/\/beta.masko.lv\/#\/schema\/logo\/image\/\"},\"sameAs\":[\"https:\/\/www.instagram.com\/masko.lv\/\",\"https:\/\/www.pinterest.com\/maskostudio\/\",\"https:\/\/www.facebook.com\/Masko-112631173864447\/\"]}]}<\/script>\n<!-- \/ Yoast SEO plugin. -->","yoast_head_json":{"title":"Mano nor\u0173 s\u0105ra\u0161as - Veido kauk\u0117s Miegan\u010dios kauk\u0117s Sportin\u0117s kauk\u0117s","robots":{"index":"noindex","follow":"follow","max-snippet":"max-snippet:-1","max-image-preview":"max-image-preview:large","max-video-preview":"max-video-preview:-1"},"og_locale":"lt_LT","og_type":"article","og_title":"Mano nor\u0173 s\u0105ra\u0161as - Veido kauk\u0117s Miegan\u010dios kauk\u0117s Sportin\u0117s kauk\u0117s","og_url":"https:\/\/beta.masko.lv\/lt\/mano-noru-sarasas\/","og_site_name":"Veido kauk\u0117s Miegan\u010dios kauk\u0117s Sportin\u0117s kauk\u0117s","article_publisher":"https:\/\/www.facebook.com\/Masko-112631173864447\/","article_modified_time":"2021-06-07T01:20:52+00:00","twitter_card":"summary_large_image","schema":{"@context":"https:\/\/schema.org","@graph":[{"@type":"WebPage","@id":"https:\/\/beta.masko.lv\/lt\/mano-noru-sarasas\/","url":"https:\/\/beta.masko.lv\/lt\/mano-noru-sarasas\/","name":"Mano nor\u0173 s\u0105ra\u0161as - Veido kauk\u0117s Miegan\u010dios kauk\u0117s Sportin\u0117s kauk\u0117s","isPartOf":{"@id":"https:\/\/beta.masko.lv\/#website"},"datePublished":"2021-06-07T01:10:47+00:00","dateModified":"2021-06-07T01:20:52+00:00","breadcrumb":{"@id":"https:\/\/beta.masko.lv\/lt\/mano-noru-sarasas\/#breadcrumb"},"inLanguage":"lt-LT","potentialAction":[{"@type":"ReadAction","target":["https:\/\/beta.masko.lv\/lt\/mano-noru-sarasas\/"]}]},{"@type":"BreadcrumbList","@id":"https:\/\/beta.masko.lv\/lt\/mano-noru-sarasas\/#breadcrumb","itemListElement":[{"@type":"ListItem","position":1,"name":"Home","item":"https:\/\/beta.masko.lv\/lt\/"},{"@type":"ListItem","position":2,"name":"Mano nor\u0173 s\u0105ra\u0161as"}]},{"@type":"WebSite","@id":"https:\/\/beta.masko.lv\/#website","url":"https:\/\/beta.masko.lv\/","name":"Spilvendr\u0101nas | Sejas maskas | Tekstila preces","description":"I\u0161 audinio gaminame \u012fvairi\u0173 r\u016b\u0161i\u0173 kaukes","publisher":{"@id":"https:\/\/beta.masko.lv\/#organization"},"potentialAction":[{"@type":"SearchAction","target":{"@type":"EntryPoint","urlTemplate":"https:\/\/beta.masko.lv\/?s={search_term_string}"},"query-input":"required name=search_term_string"}],"inLanguage":"lt-LT"},{"@type":"Organization","@id":"https:\/\/beta.masko.lv\/#organization","name":"SIA Mix Max","url":"https:\/\/beta.masko.lv\/","logo":{"@type":"ImageObject","inLanguage":"lt-LT","@id":"https:\/\/beta.masko.lv\/#\/schema\/logo\/image\/","url":"https:\/\/beta.masko.lv\/wp-content\/uploads\/2020\/04\/masko-favicon.png","contentUrl":"https:\/\/beta.masko.lv\/wp-content\/uploads\/2020\/04\/masko-favicon.png","width":512,"height":512,"caption":"SIA Mix Max"},"image":{"@id":"https:\/\/beta.masko.lv\/#\/schema\/logo\/image\/"},"sameAs":["https:\/\/www.instagram.com\/masko.lv\/","https:\/\/www.pinterest.com\/maskostudio\/","https:\/\/www.facebook.com\/Masko-112631173864447\/"]}]}},"_links":{"self":[{"href":"https:\/\/beta.masko.lv\/lt\/wp-json\/wp\/v2\/pages\/17499"}],"collection":[{"href":"https:\/\/beta.masko.lv\/lt\/wp-json\/wp\/v2\/pages"}],"about":[{"href":"https:\/\/beta.masko.lv\/lt\/wp-json\/wp\/v2\/types\/page"}],"author":[{"embeddable":true,"href":"https:\/\/beta.masko.lv\/lt\/wp-json\/wp\/v2\/users\/1"}],"replies":[{"embeddable":true,"href":"https:\/\/beta.masko.lv\/lt\/wp-json\/wp\/v2\/comments?post=17499"}],"version-history":[{"count":2,"href":"https:\/\/beta.masko.lv\/lt\/wp-json\/wp\/v2\/pages\/17499\/revisions"}],"predecessor-version":[{"id":17518,"href":"https:\/\/beta.masko.lv\/lt\/wp-json\/wp\/v2\/pages\/17499\/revisions\/17518"}],"wp:attachment":[{"href":"https:\/\/beta.masko.lv\/lt\/wp-json\/wp\/v2\/media?parent=17499"}],"curies":[{"name":"wp","href":"https:\/\/api.w.org\/{rel}","templated":true}]}}