{"id":2978,"date":"2020-04-02T12:53:27","date_gmt":"2020-04-02T09:53:27","guid":{"rendered":"https:\/\/beta.masko.lv\/sikdatnes\/"},"modified":"2020-06-15T10:24:53","modified_gmt":"2020-06-15T07:24:53","slug":"slapukai","status":"publish","type":"page","link":"https:\/\/beta.masko.lv\/lt\/slapukai\/","title":{"rendered":"Slapukai"},"content":{"rendered":"<p>Slapuk\u0173 naudojimas<\/p>\n<p>Norime prane\u0161ti, kad, siekiant pagerinti nar\u0161ymo m\u016bs\u0173 interneto svetain\u0117je patirt\u012f ir svetain\u0117s funkcionalum\u0105 bei u\u017etikrinti jos veikim\u0105, \u0161ioje interneto svetain\u0117je naudojami slapukai. Daugiau informacijos apie m\u016bs\u0173 svetain\u0117je naudojamus slapukus pateikta toliau.<\/p>\n<p>Kas yra slapukai?<\/p>\n<p>Slapukai yra ma\u017ei tekstiniai failai, kuriuos interneto nar\u0161ykl\u0117 (pvz., \u201eInternet Explorer\u201c, \u201eFirefox\u201c, \u201eSafari\u201c ir kt.) saugo j\u016bs\u0173 \u012frenginyje (kompiuteryje, mobiliajame telefone, plan\u0161etiniame kompiuteryje), kad b\u016bt\u0173 galima atpa\u017einti nar\u0161ykl\u0119 arba i\u0161saugoti informacij\u0105 ar nustatymus nar\u0161ykl\u0117je. Tokiu b\u016bdu slapukai sudaro s\u0105lygas i\u0161saugoti individualius naudotojo nustatymus interneto svetain\u0117je, atpa\u017einti j\u012f ir atitinkamai reaguoti. Naudotojas gali i\u0161jungti slapukus ar apriboti j\u0173 naudojim\u0105, ta\u010diau be slapuk\u0173 gali b\u016bti ne\u012fmanoma naudotis visomis interneto svetain\u0117s funkcijomis.<\/p>\n<p>Kokius slapukus ir kokiais tikslais mes naudojame?<\/p>\n<p>Atsi\u017evelgiant \u012f vykdomas funkcijas ir naudojimo tiksl\u0105, \u0161ioje svetain\u0117je naudojame \u012fvairius slapukus.<\/p>\n<p>B\u016btinieji slapukai<\/p>\n<p>\u0160ie slapukai yra b\u016btini tam, kad naudotojas gal\u0117t\u0173 laisvai lankytis ir nar\u0161yti interneto svetain\u0117je bei naudotis jos funkcijomis, \u012fskaitant informacijos apie paslaugas gavim\u0105 ir paslaug\u0173 pirkim\u0105, o m\u016bs\u0173 komanda gal\u0117t\u0173 j\u016bs\u0173 pra\u0161ymus vykdyti. \u0160ie slapukai identifikuoja vartotojo \u012frengin\u012f, ta\u010diau neatskleid\u017eia tapatyb\u0117s ir nerenka bei nekaupia asmenin\u0117s informacijos. Be \u0161i\u0173 slapuk\u0173 interneto svetain\u0117 negal\u0117t\u0173 tinkamai veikti, pavyzd\u017eiui, suteikti naudotojo pra\u0161om\u0105 informacij\u0105 ar reikiamas paslaugas elektronin\u0117je parduotuv\u0117je ar galimyb\u0119 per\u017ei\u016br\u0117ti vaizdo \u012fra\u0161\u0105. B\u016btinieji slapukai saugomi asmeniniame \u012frenginyje tol, kol klientas u\u017edaro interneto nar\u0161ykl\u0119. Vadovaujantis Informacin\u0117s visuomen\u0117s paslaug\u0173 \u012fstatymu, b\u016btinieji slapukai nustatomi automati\u0161kai. Nor\u0117tume jus informuoti, kad, jums nusprendus i\u0161jungti slapukus naudojant parinktis asmenin\u0117je nar\u0161ykl\u0117je, interneto svetain\u0117 negal\u0117s tinkamai veikti.<\/p>\n<p>Funkciniai slapukai<\/p>\n<p>Naudojant funkcinius slapukus, informacija apie kliento nustatymus ir pasirinkimus i\u0161lieka svetain\u0117je, taip u\u017etikrinant, kad kit\u0105 kart\u0105 klientas gal\u0117s lengvai nar\u0161yti svetain\u0117je. \u0160ie slapukai yra i\u0161saugomi j\u016bs\u0173 \u012frenginyje.<\/p>\n<p>Analitiniai slapukai<\/p>\n<p>\u0160ie slapukai renka informacij\u0105 apie tai, kaip asmuo naudojasi svetaine, nustato da\u017eniausiai lankomas sritis, \u012fskaitant turin\u012f, kur\u012f asmuo pasirenka nar\u0161ydamas svetain\u0117je. \u0160i informacija naudojama analiz\u0117s tikslais, siekiant i\u0161siai\u0161kinti, kas domina svetain\u0117s lankytojus ir kaip b\u016bt\u0173 galima pagerinti svetain\u0117s funkcionalum\u0105, padaryti j\u0105 patogesn\u0119 naudotojui. Analitiniai slapukai identifikuoja tik klient\u0173 \u012frenginius, ta\u010diau neatskleid\u017eia j\u0173 tapatyb\u0117s.<\/p>\n<p>Kai kuriais atvejais tam tikrus analitinius slapukus m\u016bs\u0173 vardu tvarko tre\u010diosios \u0161alys (pvz. \u201eGoogle Analytics\u201c, \u201eFacebook\u201c). Tai daroma vadovaujantis m\u016bs\u0173 instrukcijomis ir tik nurodytais tikslais.<\/p>\n<p>Tiksliniai (reklaminiai) slapukai<\/p>\n<p>\u0160ie slapukai yra naudojami rinkti informacij\u0105 apie kitas klient\u0173 lankomas interneto svetaines ir si\u016blyti jiems m\u016bs\u0173 paslaugas ar m\u016bs\u0173 partneri\u0173 paslaugas, arba si\u016blyti \u012fvairius pasi\u016blymus ar paslaugas, atitinkan\u010dius vartotoj\u0173 interesus. Paprastai \u0161iuos slapukus, laikantis nurodyt\u0173 tiksl\u0173 ir mums leidus, naudoja tre\u010diosios \u0161alys, tokios kaip \u201eGoogle AdWords\u201c, \u201eFacebook\u201c. Tiksliniai slapukai yra i\u0161saugomi j\u016bs\u0173 \u012frenginyje.<\/p>\n","protected":false},"excerpt":{"rendered":"<p>Slapuk\u0173 naudojimas Norime prane\u0161ti, kad, siekiant pagerinti nar\u0161ymo m\u016bs\u0173 interneto svetain\u0117je patirt\u012f ir svetain\u0117s funkcionalum\u0105 bei u\u017etikrinti jos veikim\u0105, \u0161ioje interneto svetain\u0117je naudojami slapukai. Daugiau informacijos apie m\u016bs\u0173 svetain\u0117je naudojamus slapukus pateikta toliau. Kas yra slapukai? Slapukai yra ma\u017ei tekstiniai failai, kuriuos interneto nar\u0161ykl\u0117 (pvz., \u201eInternet Explorer\u201c, \u201eFirefox\u201c, \u201eSafari\u201c ir kt.) saugo j\u016bs\u0173 \u012frenginyje (kompiuteryje,&#8230;<\/p>\n","protected":false},"author":1,"featured_media":0,"parent":0,"menu_order":0,"comment_status":"closed","ping_status":"closed","template":"","meta":[],"acf":[],"yoast_head":"<!-- This site is optimized with the Yoast SEO plugin v19.11 - https:\/\/yoast.com\/wordpress\/plugins\/seo\/ -->\n<title>Slapukai - Veido kauk\u0117s Miegan\u010dios kauk\u0117s Sportin\u0117s kauk\u0117s<\/title>\n<meta name=\"robots\" content=\"noindex, follow, max-snippet:-1, max-image-preview:large, max-video-preview:-1\" \/>\n<meta property=\"og:locale\" content=\"lt_LT\" \/>\n<meta property=\"og:type\" content=\"article\" \/>\n<meta property=\"og:title\" content=\"Slapukai - Veido kauk\u0117s Miegan\u010dios kauk\u0117s Sportin\u0117s kauk\u0117s\" \/>\n<meta property=\"og:description\" content=\"Slapuk\u0173 naudojimas Norime prane\u0161ti, kad, siekiant pagerinti nar\u0161ymo m\u016bs\u0173 interneto svetain\u0117je patirt\u012f ir svetain\u0117s funkcionalum\u0105 bei u\u017etikrinti jos veikim\u0105, \u0161ioje interneto svetain\u0117je naudojami slapukai. Daugiau informacijos apie m\u016bs\u0173 svetain\u0117je naudojamus slapukus pateikta toliau. Kas yra slapukai? Slapukai yra ma\u017ei tekstiniai failai, kuriuos interneto nar\u0161ykl\u0117 (pvz., \u201eInternet Explorer\u201c, \u201eFirefox\u201c, \u201eSafari\u201c ir kt.) saugo j\u016bs\u0173 \u012frenginyje (kompiuteryje,...\" \/>\n<meta property=\"og:url\" content=\"https:\/\/beta.masko.lv\/lt\/slapukai\/\" \/>\n<meta property=\"og:site_name\" content=\"Veido kauk\u0117s Miegan\u010dios kauk\u0117s Sportin\u0117s kauk\u0117s\" \/>\n<meta property=\"article:publisher\" content=\"https:\/\/www.facebook.com\/Masko-112631173864447\/\" \/>\n<meta property=\"article:modified_time\" content=\"2020-06-15T07:24:53+00:00\" \/>\n<meta name=\"twitter:card\" content=\"summary_large_image\" \/>\n<meta name=\"twitter:label1\" content=\"Est. reading time\" \/>\n\t<meta name=\"twitter:data1\" content=\"2 minut\u0117s\" \/>\n<script type=\"application\/ld+json\" class=\"yoast-schema-graph\">{\"@context\":\"https:\/\/schema.org\",\"@graph\":[{\"@type\":\"WebPage\",\"@id\":\"https:\/\/beta.masko.lv\/lt\/slapukai\/\",\"url\":\"https:\/\/beta.masko.lv\/lt\/slapukai\/\",\"name\":\"Slapukai - Veido kauk\u0117s Miegan\u010dios kauk\u0117s Sportin\u0117s kauk\u0117s\",\"isPartOf\":{\"@id\":\"https:\/\/beta.masko.lv\/#website\"},\"datePublished\":\"2020-04-02T09:53:27+00:00\",\"dateModified\":\"2020-06-15T07:24:53+00:00\",\"breadcrumb\":{\"@id\":\"https:\/\/beta.masko.lv\/lt\/slapukai\/#breadcrumb\"},\"inLanguage\":\"lt-LT\",\"potentialAction\":[{\"@type\":\"ReadAction\",\"target\":[\"https:\/\/beta.masko.lv\/lt\/slapukai\/\"]}]},{\"@type\":\"BreadcrumbList\",\"@id\":\"https:\/\/beta.masko.lv\/lt\/slapukai\/#breadcrumb\",\"itemListElement\":[{\"@type\":\"ListItem\",\"position\":1,\"name\":\"Home\",\"item\":\"https:\/\/beta.masko.lv\/lt\/\"},{\"@type\":\"ListItem\",\"position\":2,\"name\":\"Slapukai\"}]},{\"@type\":\"WebSite\",\"@id\":\"https:\/\/beta.masko.lv\/#website\",\"url\":\"https:\/\/beta.masko.lv\/\",\"name\":\"Spilvendr\u0101nas | Sejas maskas | Tekstila preces\",\"description\":\"I\u0161 audinio gaminame \u012fvairi\u0173 r\u016b\u0161i\u0173 kaukes\",\"publisher\":{\"@id\":\"https:\/\/beta.masko.lv\/#organization\"},\"potentialAction\":[{\"@type\":\"SearchAction\",\"target\":{\"@type\":\"EntryPoint\",\"urlTemplate\":\"https:\/\/beta.masko.lv\/?s={search_term_string}\"},\"query-input\":\"required name=search_term_string\"}],\"inLanguage\":\"lt-LT\"},{\"@type\":\"Organization\",\"@id\":\"https:\/\/beta.masko.lv\/#organization\",\"name\":\"SIA Mix Max\",\"url\":\"https:\/\/beta.masko.lv\/\",\"logo\":{\"@type\":\"ImageObject\",\"inLanguage\":\"lt-LT\",\"@id\":\"https:\/\/beta.masko.lv\/#\/schema\/logo\/image\/\",\"url\":\"https:\/\/beta.masko.lv\/wp-content\/uploads\/2020\/04\/masko-favicon.png\",\"contentUrl\":\"https:\/\/beta.masko.lv\/wp-content\/uploads\/2020\/04\/masko-favicon.png\",\"width\":512,\"height\":512,\"caption\":\"SIA Mix Max\"},\"image\":{\"@id\":\"https:\/\/beta.masko.lv\/#\/schema\/logo\/image\/\"},\"sameAs\":[\"https:\/\/www.instagram.com\/masko.lv\/\",\"https:\/\/www.pinterest.com\/maskostudio\/\",\"https:\/\/www.facebook.com\/Masko-112631173864447\/\"]}]}<\/script>\n<!-- \/ Yoast SEO plugin. -->","yoast_head_json":{"title":"Slapukai - Veido kauk\u0117s Miegan\u010dios kauk\u0117s Sportin\u0117s kauk\u0117s","robots":{"index":"noindex","follow":"follow","max-snippet":"max-snippet:-1","max-image-preview":"max-image-preview:large","max-video-preview":"max-video-preview:-1"},"og_locale":"lt_LT","og_type":"article","og_title":"Slapukai - Veido kauk\u0117s Miegan\u010dios kauk\u0117s Sportin\u0117s kauk\u0117s","og_description":"Slapuk\u0173 naudojimas Norime prane\u0161ti, kad, siekiant pagerinti nar\u0161ymo m\u016bs\u0173 interneto svetain\u0117je patirt\u012f ir svetain\u0117s funkcionalum\u0105 bei u\u017etikrinti jos veikim\u0105, \u0161ioje interneto svetain\u0117je naudojami slapukai. Daugiau informacijos apie m\u016bs\u0173 svetain\u0117je naudojamus slapukus pateikta toliau. Kas yra slapukai? Slapukai yra ma\u017ei tekstiniai failai, kuriuos interneto nar\u0161ykl\u0117 (pvz., \u201eInternet Explorer\u201c, \u201eFirefox\u201c, \u201eSafari\u201c ir kt.) saugo j\u016bs\u0173 \u012frenginyje (kompiuteryje,...","og_url":"https:\/\/beta.masko.lv\/lt\/slapukai\/","og_site_name":"Veido kauk\u0117s Miegan\u010dios kauk\u0117s Sportin\u0117s kauk\u0117s","article_publisher":"https:\/\/www.facebook.com\/Masko-112631173864447\/","article_modified_time":"2020-06-15T07:24:53+00:00","twitter_card":"summary_large_image","twitter_misc":{"Est. reading time":"2 minut\u0117s"},"schema":{"@context":"https:\/\/schema.org","@graph":[{"@type":"WebPage","@id":"https:\/\/beta.masko.lv\/lt\/slapukai\/","url":"https:\/\/beta.masko.lv\/lt\/slapukai\/","name":"Slapukai - Veido kauk\u0117s Miegan\u010dios kauk\u0117s Sportin\u0117s kauk\u0117s","isPartOf":{"@id":"https:\/\/beta.masko.lv\/#website"},"datePublished":"2020-04-02T09:53:27+00:00","dateModified":"2020-06-15T07:24:53+00:00","breadcrumb":{"@id":"https:\/\/beta.masko.lv\/lt\/slapukai\/#breadcrumb"},"inLanguage":"lt-LT","potentialAction":[{"@type":"ReadAction","target":["https:\/\/beta.masko.lv\/lt\/slapukai\/"]}]},{"@type":"BreadcrumbList","@id":"https:\/\/beta.masko.lv\/lt\/slapukai\/#breadcrumb","itemListElement":[{"@type":"ListItem","position":1,"name":"Home","item":"https:\/\/beta.masko.lv\/lt\/"},{"@type":"ListItem","position":2,"name":"Slapukai"}]},{"@type":"WebSite","@id":"https:\/\/beta.masko.lv\/#website","url":"https:\/\/beta.masko.lv\/","name":"Spilvendr\u0101nas | Sejas maskas | Tekstila preces","description":"I\u0161 audinio gaminame \u012fvairi\u0173 r\u016b\u0161i\u0173 kaukes","publisher":{"@id":"https:\/\/beta.masko.lv\/#organization"},"potentialAction":[{"@type":"SearchAction","target":{"@type":"EntryPoint","urlTemplate":"https:\/\/beta.masko.lv\/?s={search_term_string}"},"query-input":"required name=search_term_string"}],"inLanguage":"lt-LT"},{"@type":"Organization","@id":"https:\/\/beta.masko.lv\/#organization","name":"SIA Mix Max","url":"https:\/\/beta.masko.lv\/","logo":{"@type":"ImageObject","inLanguage":"lt-LT","@id":"https:\/\/beta.masko.lv\/#\/schema\/logo\/image\/","url":"https:\/\/beta.masko.lv\/wp-content\/uploads\/2020\/04\/masko-favicon.png","contentUrl":"https:\/\/beta.masko.lv\/wp-content\/uploads\/2020\/04\/masko-favicon.png","width":512,"height":512,"caption":"SIA Mix Max"},"image":{"@id":"https:\/\/beta.masko.lv\/#\/schema\/logo\/image\/"},"sameAs":["https:\/\/www.instagram.com\/masko.lv\/","https:\/\/www.pinterest.com\/maskostudio\/","https:\/\/www.facebook.com\/Masko-112631173864447\/"]}]}},"_links":{"self":[{"href":"https:\/\/beta.masko.lv\/lt\/wp-json\/wp\/v2\/pages\/2978"}],"collection":[{"href":"https:\/\/beta.masko.lv\/lt\/wp-json\/wp\/v2\/pages"}],"about":[{"href":"https:\/\/beta.masko.lv\/lt\/wp-json\/wp\/v2\/types\/page"}],"author":[{"embeddable":true,"href":"https:\/\/beta.masko.lv\/lt\/wp-json\/wp\/v2\/users\/1"}],"replies":[{"embeddable":true,"href":"https:\/\/beta.masko.lv\/lt\/wp-json\/wp\/v2\/comments?post=2978"}],"version-history":[{"count":2,"href":"https:\/\/beta.masko.lv\/lt\/wp-json\/wp\/v2\/pages\/2978\/revisions"}],"predecessor-version":[{"id":7481,"href":"https:\/\/beta.masko.lv\/lt\/wp-json\/wp\/v2\/pages\/2978\/revisions\/7481"}],"wp:attachment":[{"href":"https:\/\/beta.masko.lv\/lt\/wp-json\/wp\/v2\/media?parent=2978"}],"curies":[{"name":"wp","href":"https:\/\/api.w.org\/{rel}","templated":true}]}}