{"id":2982,"date":"2020-04-02T12:52:39","date_gmt":"2020-04-02T09:52:39","guid":{"rendered":"https:\/\/beta.masko.lv\/privatuma-politika-un-noteikumi\/"},"modified":"2021-05-29T17:25:12","modified_gmt":"2021-05-29T14:25:12","slug":"privatumo-politika-ir-salygos","status":"publish","type":"page","link":"https:\/\/beta.masko.lv\/lt\/privatumo-politika-ir-salygos\/","title":{"rendered":"Privatumo politika ir s\u0105lygos"},"content":{"rendered":"<h3>Privatumo politika<\/h3>\n<p>Privatumo politika yra skirta informuoti klientus apie tai, koki\u0105 informacij\u0105 apie juos ir kokiais tikslais galime rinkti, kai klientai naudojasi m\u016bs\u0173 interneto svetaine \u2013 www.masko.lv, ir kaip \u0161i informacija yra tvarkoma.<\/p>\n<p>Interneto svetain\u0117s www.masko.lv savininkas ir tvarkytojas yra \u201eMixMax, SIA\u201c (registracijos numeris \u2013 LV40103263078, adresas \u2013 Zemit\u0101na 9, R\u012bga, LV-1012).<br \/>\n\u201eMix Max, SIA\u201c interneto svetain\u0117je www.masko.lv pateikti duomenys naudojami abipusio bendravimo tikslais, teikiant j\u016bs\u0173 u\u017esakomas paslaugas. \u201eMix Max, SIA\u201c klient\u0173 duomenys, kuriuos jie pateikia interneto svetain\u0117je www.masko.lv, yra tvarkomi ir saugomi pagal Europos S\u0105jungos asmens duomen\u0173 apsaugos normini\u0173 akt\u0173 reikalavimus.<\/p>\n<p>Pateikdamas duomenis, asmuo sutinka, kad duomenys b\u016bt\u0173 tvarkomi ir saugomi iki vis\u0173 sutartini\u0173 \u012fsipareigojim\u0173 \u012fvykdymo, taip pat, norminiuose teis\u0117s aktuose nurodytais atvejais, tiek laiko, kiek b\u016btina po pirminio duomen\u0173 tvarkymo.<\/p>\n<p>Pateikti duomenys nebus perduoti tretiesiems asmenims, i\u0161skyrus atvejus, kai toki\u0105 prievol\u0119 nustato teis\u0117s aktai. Visi klientai turi teis\u0119 bet kuriuo metu reikalauti atnaujinti duomenis, gauti informacij\u0105 apie asmens duomen\u0173 naudojim\u0105, taip pat reikalauti i\u0161trinti duomenis.<\/p>\n<p>Pateikdamas asmenin\u0119 kontaktin\u0119 informacij\u0105, klientas sutinka, kad \u0161ie duomenys b\u016bt\u0173 naudojami tokiais tikslais: gauti \u201eMix Max, SIA\u201c bendrov\u0117s paslaugas, informacij\u0105 apie paslaugas ir u\u017emegzti ry\u0161ius su bendrove.<\/p>\n<p>Asmens duomenys bus saugomi trejus metus nuo toki\u0173 duomen\u0173 gavimo dienos. Duomen\u0173 subjektas turi teis\u0119 b\u016bti pamir\u0161tas \u2013 tai padaryti galima pateikus pra\u0161ym\u0105 i\u0161trinti asmens duomenis el. pa\u0161to adresu masko@masko.lv<\/p>\n<p>&nbsp;<\/p>\n<h3><strong>S\u0105lygos<\/strong><\/h3>\n<p><strong>Preki\u0173 pristatymas<\/strong><br \/>\nInterneto svetain\u0117je esan\u010di\u0173 preki\u0173 pristatymo terminas gali skirtis. Pristatymo termino trukm\u0117 \u2013 nuo 1 iki 5 darbo dien\u0173. Pateikus u\u017esakym\u0105, m\u016bs\u0173 specialistas susisieks su klientu. Klientas gali pasirinkti pristatymo b\u016bd\u0105 pateikdamas u\u017esakym\u0105.<\/p>\n<p><strong>Pristatymo kaina<\/strong><br \/>\nPristatymo kaina priklauso nuo pasirinkto pristatymo b\u016bdo. Galimi pristatymo b\u016bdai: \u201eOmniva\u201c siunt\u0173 terminalas arba kurjeris.<\/p>\n<p><strong>U\u017esakymo pateikimas<\/strong><br \/>\nNor\u0117dami pateikti u\u017esakym\u0105, tur\u0117tum\u0117te pasirinkti prekes m\u016bs\u0173 interneto svetain\u0117je. Kiekvienas produktas gali b\u016bti \u012fvairi\u0173 modifikacij\u0173 ir dyd\u017ei\u0173. Prie\u0161 pateikdami u\u017esakym\u0105 b\u016btinai nurodykite reikiam\u0105 dyd\u012f ir pageidaujamas modifikacijas.<\/p>\n<p><strong>Garantija<\/strong><br \/>\nVisoms m\u016bs\u0173 svetain\u0117je \u012fsigytoms prek\u0117ms taikoma 6 m\u0117nesi\u0173 garantija. Siekiant, kad garantija \u012fsigytai prekei galiot\u0173, b\u016btina i\u0161saugoti u\u017esakymo s\u0105skait\u0105 fakt\u016br\u0105 el. lai\u0161ke, kuris buvo nurodytas pirmin\u0117je u\u017esakymo formoje. Gr\u0105\u017einimo atveju, pirkinys turi b\u016bti pristatytas \u012f \u201eMixMax, SIA\u201c biur\u0105, esant\u012f Zemit\u0101nu g. 9, kad b\u016bt\u0173 galima tiesiogiai ap\u017ei\u016br\u0117ti prek\u0117s tr\u016bkumus ir \u012fvertinti prek\u0117s gr\u0105\u017einimo prie\u017east\u012f. Jei defektas yra pramoninis, klientui bus pasi\u016blyta pataisyti gamin\u012f arba pakeisti j\u012f pana\u0161iu. Kiekvienas atvejis, kai gaminys n\u0117ra sugadintas arba buvo sugadintas d\u0117l kliento kalt\u0117s, bus vertinamas atskirai. Gaminio garantinis taisymas arba naujo produkto gamyba gali u\u017etrukti iki 5 darbo dien\u0173.<\/p>\n","protected":false},"excerpt":{"rendered":"<p>Privatumo politika Privatumo politika yra skirta informuoti klientus apie tai, koki\u0105 informacij\u0105 apie juos ir kokiais tikslais galime rinkti, kai klientai naudojasi m\u016bs\u0173 interneto svetaine \u2013 www.masko.lv, ir kaip \u0161i informacija yra tvarkoma. Interneto svetain\u0117s www.masko.lv savininkas ir tvarkytojas yra \u201eMixMax, SIA\u201c (registracijos numeris \u2013 LV40103263078, adresas \u2013 Zemit\u0101na 9, R\u012bga, LV-1012). \u201eMix Max, SIA\u201c&#8230;<\/p>\n","protected":false},"author":1,"featured_media":0,"parent":0,"menu_order":0,"comment_status":"closed","ping_status":"closed","template":"","meta":[],"acf":[],"yoast_head":"<!-- This site is optimized with the Yoast SEO plugin v19.11 - https:\/\/yoast.com\/wordpress\/plugins\/seo\/ -->\n<title>Privatumo politika ir s\u0105lygos - Veido kauk\u0117s Miegan\u010dios kauk\u0117s Sportin\u0117s kauk\u0117s<\/title>\n<meta name=\"robots\" content=\"noindex, follow, max-snippet:-1, max-image-preview:large, max-video-preview:-1\" \/>\n<meta property=\"og:locale\" content=\"lt_LT\" \/>\n<meta property=\"og:type\" content=\"article\" \/>\n<meta property=\"og:title\" content=\"Privatumo politika ir s\u0105lygos - Veido kauk\u0117s Miegan\u010dios kauk\u0117s Sportin\u0117s kauk\u0117s\" \/>\n<meta property=\"og:description\" content=\"Privatumo politika Privatumo politika yra skirta informuoti klientus apie tai, koki\u0105 informacij\u0105 apie juos ir kokiais tikslais galime rinkti, kai klientai naudojasi m\u016bs\u0173 interneto svetaine \u2013 www.masko.lv, ir kaip \u0161i informacija yra tvarkoma. Interneto svetain\u0117s www.masko.lv savininkas ir tvarkytojas yra \u201eMixMax, SIA\u201c (registracijos numeris \u2013 LV40103263078, adresas \u2013 Zemit\u0101na 9, R\u012bga, LV-1012). \u201eMix Max, SIA\u201c...\" \/>\n<meta property=\"og:url\" content=\"https:\/\/beta.masko.lv\/lt\/privatumo-politika-ir-salygos\/\" \/>\n<meta property=\"og:site_name\" content=\"Veido kauk\u0117s Miegan\u010dios kauk\u0117s Sportin\u0117s kauk\u0117s\" \/>\n<meta property=\"article:publisher\" content=\"https:\/\/www.facebook.com\/Masko-112631173864447\/\" \/>\n<meta property=\"article:modified_time\" content=\"2021-05-29T14:25:12+00:00\" \/>\n<meta name=\"twitter:card\" content=\"summary_large_image\" \/>\n<meta name=\"twitter:label1\" content=\"Est. reading time\" \/>\n\t<meta name=\"twitter:data1\" content=\"2 minut\u0117s\" \/>\n<script type=\"application\/ld+json\" class=\"yoast-schema-graph\">{\"@context\":\"https:\/\/schema.org\",\"@graph\":[{\"@type\":\"WebPage\",\"@id\":\"https:\/\/beta.masko.lv\/lt\/privatumo-politika-ir-salygos\/\",\"url\":\"https:\/\/beta.masko.lv\/lt\/privatumo-politika-ir-salygos\/\",\"name\":\"Privatumo politika ir s\u0105lygos - Veido kauk\u0117s Miegan\u010dios kauk\u0117s Sportin\u0117s kauk\u0117s\",\"isPartOf\":{\"@id\":\"https:\/\/beta.masko.lv\/#website\"},\"datePublished\":\"2020-04-02T09:52:39+00:00\",\"dateModified\":\"2021-05-29T14:25:12+00:00\",\"breadcrumb\":{\"@id\":\"https:\/\/beta.masko.lv\/lt\/privatumo-politika-ir-salygos\/#breadcrumb\"},\"inLanguage\":\"lt-LT\",\"potentialAction\":[{\"@type\":\"ReadAction\",\"target\":[\"https:\/\/beta.masko.lv\/lt\/privatumo-politika-ir-salygos\/\"]}]},{\"@type\":\"BreadcrumbList\",\"@id\":\"https:\/\/beta.masko.lv\/lt\/privatumo-politika-ir-salygos\/#breadcrumb\",\"itemListElement\":[{\"@type\":\"ListItem\",\"position\":1,\"name\":\"Home\",\"item\":\"https:\/\/beta.masko.lv\/lt\/\"},{\"@type\":\"ListItem\",\"position\":2,\"name\":\"Privatumo politika ir s\u0105lygos\"}]},{\"@type\":\"WebSite\",\"@id\":\"https:\/\/beta.masko.lv\/#website\",\"url\":\"https:\/\/beta.masko.lv\/\",\"name\":\"Spilvendr\u0101nas | Sejas maskas | Tekstila preces\",\"description\":\"I\u0161 audinio gaminame \u012fvairi\u0173 r\u016b\u0161i\u0173 kaukes\",\"publisher\":{\"@id\":\"https:\/\/beta.masko.lv\/#organization\"},\"potentialAction\":[{\"@type\":\"SearchAction\",\"target\":{\"@type\":\"EntryPoint\",\"urlTemplate\":\"https:\/\/beta.masko.lv\/?s={search_term_string}\"},\"query-input\":\"required name=search_term_string\"}],\"inLanguage\":\"lt-LT\"},{\"@type\":\"Organization\",\"@id\":\"https:\/\/beta.masko.lv\/#organization\",\"name\":\"SIA Mix Max\",\"url\":\"https:\/\/beta.masko.lv\/\",\"logo\":{\"@type\":\"ImageObject\",\"inLanguage\":\"lt-LT\",\"@id\":\"https:\/\/beta.masko.lv\/#\/schema\/logo\/image\/\",\"url\":\"https:\/\/beta.masko.lv\/wp-content\/uploads\/2020\/04\/masko-favicon.png\",\"contentUrl\":\"https:\/\/beta.masko.lv\/wp-content\/uploads\/2020\/04\/masko-favicon.png\",\"width\":512,\"height\":512,\"caption\":\"SIA Mix Max\"},\"image\":{\"@id\":\"https:\/\/beta.masko.lv\/#\/schema\/logo\/image\/\"},\"sameAs\":[\"https:\/\/www.instagram.com\/masko.lv\/\",\"https:\/\/www.pinterest.com\/maskostudio\/\",\"https:\/\/www.facebook.com\/Masko-112631173864447\/\"]}]}<\/script>\n<!-- \/ Yoast SEO plugin. -->","yoast_head_json":{"title":"Privatumo politika ir s\u0105lygos - Veido kauk\u0117s Miegan\u010dios kauk\u0117s Sportin\u0117s kauk\u0117s","robots":{"index":"noindex","follow":"follow","max-snippet":"max-snippet:-1","max-image-preview":"max-image-preview:large","max-video-preview":"max-video-preview:-1"},"og_locale":"lt_LT","og_type":"article","og_title":"Privatumo politika ir s\u0105lygos - Veido kauk\u0117s Miegan\u010dios kauk\u0117s Sportin\u0117s kauk\u0117s","og_description":"Privatumo politika Privatumo politika yra skirta informuoti klientus apie tai, koki\u0105 informacij\u0105 apie juos ir kokiais tikslais galime rinkti, kai klientai naudojasi m\u016bs\u0173 interneto svetaine \u2013 www.masko.lv, ir kaip \u0161i informacija yra tvarkoma. Interneto svetain\u0117s www.masko.lv savininkas ir tvarkytojas yra \u201eMixMax, SIA\u201c (registracijos numeris \u2013 LV40103263078, adresas \u2013 Zemit\u0101na 9, R\u012bga, LV-1012). \u201eMix Max, SIA\u201c...","og_url":"https:\/\/beta.masko.lv\/lt\/privatumo-politika-ir-salygos\/","og_site_name":"Veido kauk\u0117s Miegan\u010dios kauk\u0117s Sportin\u0117s kauk\u0117s","article_publisher":"https:\/\/www.facebook.com\/Masko-112631173864447\/","article_modified_time":"2021-05-29T14:25:12+00:00","twitter_card":"summary_large_image","twitter_misc":{"Est. reading time":"2 minut\u0117s"},"schema":{"@context":"https:\/\/schema.org","@graph":[{"@type":"WebPage","@id":"https:\/\/beta.masko.lv\/lt\/privatumo-politika-ir-salygos\/","url":"https:\/\/beta.masko.lv\/lt\/privatumo-politika-ir-salygos\/","name":"Privatumo politika ir s\u0105lygos - Veido kauk\u0117s Miegan\u010dios kauk\u0117s Sportin\u0117s kauk\u0117s","isPartOf":{"@id":"https:\/\/beta.masko.lv\/#website"},"datePublished":"2020-04-02T09:52:39+00:00","dateModified":"2021-05-29T14:25:12+00:00","breadcrumb":{"@id":"https:\/\/beta.masko.lv\/lt\/privatumo-politika-ir-salygos\/#breadcrumb"},"inLanguage":"lt-LT","potentialAction":[{"@type":"ReadAction","target":["https:\/\/beta.masko.lv\/lt\/privatumo-politika-ir-salygos\/"]}]},{"@type":"BreadcrumbList","@id":"https:\/\/beta.masko.lv\/lt\/privatumo-politika-ir-salygos\/#breadcrumb","itemListElement":[{"@type":"ListItem","position":1,"name":"Home","item":"https:\/\/beta.masko.lv\/lt\/"},{"@type":"ListItem","position":2,"name":"Privatumo politika ir s\u0105lygos"}]},{"@type":"WebSite","@id":"https:\/\/beta.masko.lv\/#website","url":"https:\/\/beta.masko.lv\/","name":"Spilvendr\u0101nas | Sejas maskas | Tekstila preces","description":"I\u0161 audinio gaminame \u012fvairi\u0173 r\u016b\u0161i\u0173 kaukes","publisher":{"@id":"https:\/\/beta.masko.lv\/#organization"},"potentialAction":[{"@type":"SearchAction","target":{"@type":"EntryPoint","urlTemplate":"https:\/\/beta.masko.lv\/?s={search_term_string}"},"query-input":"required name=search_term_string"}],"inLanguage":"lt-LT"},{"@type":"Organization","@id":"https:\/\/beta.masko.lv\/#organization","name":"SIA Mix Max","url":"https:\/\/beta.masko.lv\/","logo":{"@type":"ImageObject","inLanguage":"lt-LT","@id":"https:\/\/beta.masko.lv\/#\/schema\/logo\/image\/","url":"https:\/\/beta.masko.lv\/wp-content\/uploads\/2020\/04\/masko-favicon.png","contentUrl":"https:\/\/beta.masko.lv\/wp-content\/uploads\/2020\/04\/masko-favicon.png","width":512,"height":512,"caption":"SIA Mix Max"},"image":{"@id":"https:\/\/beta.masko.lv\/#\/schema\/logo\/image\/"},"sameAs":["https:\/\/www.instagram.com\/masko.lv\/","https:\/\/www.pinterest.com\/maskostudio\/","https:\/\/www.facebook.com\/Masko-112631173864447\/"]}]}},"_links":{"self":[{"href":"https:\/\/beta.masko.lv\/lt\/wp-json\/wp\/v2\/pages\/2982"}],"collection":[{"href":"https:\/\/beta.masko.lv\/lt\/wp-json\/wp\/v2\/pages"}],"about":[{"href":"https:\/\/beta.masko.lv\/lt\/wp-json\/wp\/v2\/types\/page"}],"author":[{"embeddable":true,"href":"https:\/\/beta.masko.lv\/lt\/wp-json\/wp\/v2\/users\/1"}],"replies":[{"embeddable":true,"href":"https:\/\/beta.masko.lv\/lt\/wp-json\/wp\/v2\/comments?post=2982"}],"version-history":[{"count":5,"href":"https:\/\/beta.masko.lv\/lt\/wp-json\/wp\/v2\/pages\/2982\/revisions"}],"predecessor-version":[{"id":16927,"href":"https:\/\/beta.masko.lv\/lt\/wp-json\/wp\/v2\/pages\/2982\/revisions\/16927"}],"wp:attachment":[{"href":"https:\/\/beta.masko.lv\/lt\/wp-json\/wp\/v2\/media?parent=2982"}],"curies":[{"name":"wp","href":"https:\/\/api.w.org\/{rel}","templated":true}]}}