{"id":30855,"date":"2020-07-21T06:00:33","date_gmt":"2020-07-21T03:00:33","guid":{"rendered":"https:\/\/beta.masko.lv\/spilvendranu-izgatavosana\/"},"modified":"2022-01-12T15:58:32","modified_gmt":"2022-01-12T13:58:32","slug":"spilvendranu-izgatavosana","status":"publish","type":"page","link":"https:\/\/beta.masko.lv\/lt\/individualus-dizainai\/spilvendranu-izgatavosana\/","title":{"rendered":"Individualaus dizaino pagalvi\u0173 u\u017evalkalai"},"content":{"rendered":"<p>Mes si\u016blome puiki\u0105 galimyb\u0119 i\u0161reik\u0161ti save. Jei norite \u012fsigyti individualaus dizaino pagalvi\u0173 u\u017evalkalus, apsilank\u0117te tinkamoje vietoje. Mes pagaminsime vien\u0105 ar daugiau pagalvi\u0173 u\u017evalkal\u0173, kurie atitiks j\u016bs\u0173 norus, j\u016bs\u0173 verslo ar progos tem\u0105. Nor\u0117dami atlikti u\u017esakym\u0105, susipa\u017einkite su \u017eemiau pateikta informacija<\/p>\n<div class=\"wysiwyg-gallery d-flex flex-wrap\">\n            <div class=\"single-gallery-element position-relative overflow-hidden transition-default\">\n            <a href=\"\" data-toggle=\"modal\" data-target=\"#galleryImages0\" data-counter=\"0\" class=\"slider-image-link\">\n                <img src=\"https:\/\/beta.masko.lv\/wp-content\/uploads\/2021\/09\/29_spilvens_50x50-1-768x820.jpg\" class=\"gallery-image position-absolute w-100 h-100\" alt=\"\">\n                            <\/a>\n        <\/div>\n                <div class=\"single-gallery-element position-relative overflow-hidden transition-default\">\n            <a href=\"\" data-toggle=\"modal\" data-target=\"#galleryImages0\" data-counter=\"1\" class=\"slider-image-link\">\n                <img src=\"https:\/\/beta.masko.lv\/wp-content\/uploads\/2021\/09\/34_spilvens_50x50-1-768x820.jpg\" class=\"gallery-image position-absolute w-100 h-100\" alt=\"\">\n                            <\/a>\n        <\/div>\n                <div class=\"single-gallery-element position-relative overflow-hidden transition-default\">\n            <a href=\"\" data-toggle=\"modal\" data-target=\"#galleryImages0\" data-counter=\"2\" class=\"slider-image-link\">\n                <img src=\"https:\/\/beta.masko.lv\/wp-content\/uploads\/2021\/09\/45_spilvens_50x50-1-768x820.jpg\" class=\"gallery-image position-absolute w-100 h-100\" alt=\"\">\n                                    <div class=\"darkness-effect position-absolute w-100 h-100\"><\/div>\n                    <div class=\"number-additional position-absolute\">+9<\/div>\n                            <\/a>\n        <\/div>\n        <\/div>\n<div class=\"image-modal-window\">\n    <div class=\"modal\" id=\"galleryImages0\" tabindex=\"-1\">\n        <div class=\"modal-dialog d-inline-block w-100\">\n            <div class=\"modal-content d-block\">\n                <div id=\"imagesSlider0\" class=\"carousel slide\" data-ride=\"carousel\" data-interval=\"false\">\n                    <div class=\"carousel-inner\">\n                                                    <div class=\"carousel-item active\" data-counter=\"0\">\n                                <div class=\"align-modal-helper d-flex flex-wrap align-items-center justify-content-center\">\n                                    <img src=\"https:\/\/beta.masko.lv\/wp-content\/uploads\/2021\/09\/29_spilvens_50x50-1-937x1000.jpg\" class=\"slide-image\"  alt=\"\">\n                                                                    <\/div>\n                            <\/div>\n                                                        <div class=\"carousel-item \" data-counter=\"1\">\n                                <div class=\"align-modal-helper d-flex flex-wrap align-items-center justify-content-center\">\n                                    <img src=\"https:\/\/beta.masko.lv\/wp-content\/uploads\/2021\/09\/34_spilvens_50x50-1-937x1000.jpg\" class=\"slide-image\"  alt=\"\">\n                                                                    <\/div>\n                            <\/div>\n                                                        <div class=\"carousel-item \" data-counter=\"2\">\n                                <div class=\"align-modal-helper d-flex flex-wrap align-items-center justify-content-center\">\n                                    <img src=\"https:\/\/beta.masko.lv\/wp-content\/uploads\/2021\/09\/45_spilvens_50x50-1-937x1000.jpg\" class=\"slide-image\"  alt=\"\">\n                                                                    <\/div>\n                            <\/div>\n                                                        <div class=\"carousel-item \" data-counter=\"3\">\n                                <div class=\"align-modal-helper d-flex flex-wrap align-items-center justify-content-center\">\n                                    <img src=\"https:\/\/beta.masko.lv\/wp-content\/uploads\/2021\/09\/6_papagaili_50x50-1-937x1000.jpg\" class=\"slide-image\"  alt=\"\">\n                                                                    <\/div>\n                            <\/div>\n                                                        <div class=\"carousel-item \" data-counter=\"4\">\n                                <div class=\"align-modal-helper d-flex flex-wrap align-items-center justify-content-center\">\n                                    <img src=\"https:\/\/beta.masko.lv\/wp-content\/uploads\/2021\/09\/14_mona_liza_50x50-1-937x1000.jpg\" class=\"slide-image\"  alt=\"\">\n                                                                    <\/div>\n                            <\/div>\n                                                        <div class=\"carousel-item \" data-counter=\"5\">\n                                <div class=\"align-modal-helper d-flex flex-wrap align-items-center justify-content-center\">\n                                    <img src=\"https:\/\/beta.masko.lv\/wp-content\/uploads\/2021\/09\/41_spilvens_50x50-1-937x1000.jpg\" class=\"slide-image\"  alt=\"\">\n                                                                    <\/div>\n                            <\/div>\n                                                        <div class=\"carousel-item \" data-counter=\"6\">\n                                <div class=\"align-modal-helper d-flex flex-wrap align-items-center justify-content-center\">\n                                    <img src=\"https:\/\/beta.masko.lv\/wp-content\/uploads\/2021\/09\/1klimts-1-937x1000.jpg\" class=\"slide-image\"  alt=\"\">\n                                                                    <\/div>\n                            <\/div>\n                                                        <div class=\"carousel-item \" data-counter=\"7\">\n                                <div class=\"align-modal-helper d-flex flex-wrap align-items-center justify-content-center\">\n                                    <img src=\"https:\/\/beta.masko.lv\/wp-content\/uploads\/2021\/09\/24_spilvens_50x50-1-937x1000.jpg\" class=\"slide-image\"  alt=\"\">\n                                                                    <\/div>\n                            <\/div>\n                                                        <div class=\"carousel-item \" data-counter=\"8\">\n                                <div class=\"align-modal-helper d-flex flex-wrap align-items-center justify-content-center\">\n                                    <img src=\"https:\/\/beta.masko.lv\/wp-content\/uploads\/2021\/09\/7_50x50-1-937x1000.jpg\" class=\"slide-image\"  alt=\"\">\n                                                                    <\/div>\n                            <\/div>\n                                                        <div class=\"carousel-item \" data-counter=\"9\">\n                                <div class=\"align-modal-helper d-flex flex-wrap align-items-center justify-content-center\">\n                                    <img src=\"https:\/\/beta.masko.lv\/wp-content\/uploads\/2021\/09\/8_50x50-1-937x1000.jpg\" class=\"slide-image\"  alt=\"\">\n                                                                    <\/div>\n                            <\/div>\n                                                        <div class=\"carousel-item \" data-counter=\"10\">\n                                <div class=\"align-modal-helper d-flex flex-wrap align-items-center justify-content-center\">\n                                    <img src=\"https:\/\/beta.masko.lv\/wp-content\/uploads\/2021\/09\/22_spilvens_50x50-1-937x1000.jpg\" class=\"slide-image\"  alt=\"\">\n                                                                    <\/div>\n                            <\/div>\n                                                        <div class=\"carousel-item \" data-counter=\"11\">\n                                <div class=\"align-modal-helper d-flex flex-wrap align-items-center justify-content-center\">\n                                    <img src=\"https:\/\/beta.masko.lv\/wp-content\/uploads\/2021\/09\/23_spilvens_50x50-1-937x1000.jpg\" class=\"slide-image\"  alt=\"\">\n                                                                    <\/div>\n                            <\/div>\n                                                <\/div>\n                <\/div>\n            <\/div>\n        <\/div>\n                    <a class=\"carousel-control-prev position-absolute\" href=\"#imagesSlider0\" role=\"button\" data-slide=\"prev\">\n                <img src=\"https:\/\/beta.masko.lv\/wp-content\/themes\/Masko\/images\/arrow-left-white.svg\">\n            <\/a>\n            <a class=\"carousel-control-next position-absolute\" href=\"#imagesSlider0\" role=\"button\" data-slide=\"next\">\n                <img src=\"https:\/\/beta.masko.lv\/wp-content\/themes\/Masko\/images\/arrow-right-white.svg\">\n            <\/a>\n                <button class=\"modal-cross position-absolute\" data-dismiss=\"modal\">\n            <img src=\"https:\/\/beta.masko.lv\/wp-content\/themes\/Masko\/images\/cross.svg\">\n        <\/button>\n    <\/div>\n<\/div>\n<h2>Kokios informacijos ir fail\u0173 mums reikia?<\/h2>\n<ul>\n<li>Suraskite nuotrauk\u0105 ar tekst\u0105, kuriuo norite papuo\u0161ti pagalvi\u0173 u\u017evalkal\u0105<\/li>\n<li>\u012esitikinkite, kad nuotraukos skiriamoji skiriamoji rai\u0161ka\u00a0yra pakankamai auk\u0161ta, o plotis yra ma\u017eiausiai 4000px (pikseli\u0173)<\/li>\n<li>Jei pasirinkote internete esan\u010di\u0105 nuotrauk\u0105, atsisi\u0173skite j\u0105 ir i\u0161saugokite savo kompiuteryje ar kitame prietaise<\/li>\n<\/ul>\n<h2>Kam atsi\u0173sti turim\u0105 informacij\u0105?<\/h2>\n<p>Atsi\u0173skite vis\u0105 reikiam\u0105 informacij\u0105, \u012fskaitant pasirinkt\u0105 nuotrauk\u0105, tekst\u0105 ar net kitus su produkto gamyba susijusius pasteb\u0117jimus\u00a0el. pa\u0161tu masko@masko.lv, ir mes su umis susieksime kaip \u012fmanoma grei\u010diau.<\/p>\n<h2>Norite \u012fsigyti pagalvi\u0173 u\u017evalkalus su jau sukurtu dizainu?<\/h2>\n    <a class=\"default-link\" target=\"_blank\" href=\"https:\/\/beta.masko.lv\/lt\/katalogas\/\">\u012e katalog\u0105<\/a>\n    \n","protected":false},"excerpt":{"rendered":"<p>Mes si\u016blome puiki\u0105 galimyb\u0119 i\u0161reik\u0161ti save. Jei norite \u012fsigyti individualaus dizaino pagalvi\u0173 u\u017evalkalus, apsilank\u0117te tinkamoje vietoje. Mes pagaminsime vien\u0105 ar daugiau pagalvi\u0173 u\u017evalkal\u0173, kurie atitiks j\u016bs\u0173 norus, j\u016bs\u0173 verslo ar progos tem\u0105. Nor\u0117dami atlikti u\u017esakym\u0105, susipa\u017einkite su \u017eemiau pateikta informacija Kokios informacijos ir fail\u0173 mums reikia? Suraskite nuotrauk\u0105 ar tekst\u0105, kuriuo norite papuo\u0161ti pagalvi\u0173 u\u017evalkal\u0105&#8230;<\/p>\n","protected":false},"author":2,"featured_media":30870,"parent":5367,"menu_order":0,"comment_status":"closed","ping_status":"closed","template":"individual.php","meta":[],"acf":[],"yoast_head":"<!-- This site is optimized with the Yoast SEO plugin v19.11 - https:\/\/yoast.com\/wordpress\/plugins\/seo\/ -->\n<title>Individualaus dizaino pagalvi\u0173 u\u017evalkalai - Veido kauk\u0117s Miegan\u010dios kauk\u0117s Sportin\u0117s kauk\u0117s<\/title>\n<meta name=\"robots\" content=\"noindex, follow, max-snippet:-1, max-image-preview:large, max-video-preview:-1\" \/>\n<meta property=\"og:locale\" content=\"lt_LT\" \/>\n<meta property=\"og:type\" content=\"article\" \/>\n<meta property=\"og:title\" content=\"Individualaus dizaino pagalvi\u0173 u\u017evalkalai - Veido kauk\u0117s Miegan\u010dios kauk\u0117s Sportin\u0117s kauk\u0117s\" \/>\n<meta property=\"og:description\" content=\"Mes si\u016blome puiki\u0105 galimyb\u0119 i\u0161reik\u0161ti save. Jei norite \u012fsigyti individualaus dizaino pagalvi\u0173 u\u017evalkalus, apsilank\u0117te tinkamoje vietoje. Mes pagaminsime vien\u0105 ar daugiau pagalvi\u0173 u\u017evalkal\u0173, kurie atitiks j\u016bs\u0173 norus, j\u016bs\u0173 verslo ar progos tem\u0105. Nor\u0117dami atlikti u\u017esakym\u0105, susipa\u017einkite su \u017eemiau pateikta informacija Kokios informacijos ir fail\u0173 mums reikia? Suraskite nuotrauk\u0105 ar tekst\u0105, kuriuo norite papuo\u0161ti pagalvi\u0173 u\u017evalkal\u0105...\" \/>\n<meta property=\"og:url\" content=\"https:\/\/beta.masko.lv\/lt\/individualus-dizainai\/spilvendranu-izgatavosana\/\" \/>\n<meta property=\"og:site_name\" content=\"Veido kauk\u0117s Miegan\u010dios kauk\u0117s Sportin\u0117s kauk\u0117s\" \/>\n<meta property=\"article:publisher\" content=\"https:\/\/www.facebook.com\/Masko-112631173864447\/\" \/>\n<meta property=\"article:modified_time\" content=\"2022-01-12T13:58:32+00:00\" \/>\n<meta property=\"og:image\" content=\"https:\/\/beta.masko.lv\/wp-content\/uploads\/2021\/09\/29_spilvens_50x50-1.jpg\" \/>\n\t<meta property=\"og:image:width\" content=\"950\" \/>\n\t<meta property=\"og:image:height\" content=\"1014\" \/>\n\t<meta property=\"og:image:type\" content=\"image\/jpeg\" \/>\n<meta name=\"twitter:card\" content=\"summary_large_image\" \/>\n<meta name=\"twitter:label1\" content=\"Est. reading time\" \/>\n\t<meta name=\"twitter:data1\" content=\"1 minut\u0117\" \/>\n<script type=\"application\/ld+json\" class=\"yoast-schema-graph\">{\"@context\":\"https:\/\/schema.org\",\"@graph\":[{\"@type\":\"WebPage\",\"@id\":\"https:\/\/beta.masko.lv\/lt\/individualus-dizainai\/spilvendranu-izgatavosana\/\",\"url\":\"https:\/\/beta.masko.lv\/lt\/individualus-dizainai\/spilvendranu-izgatavosana\/\",\"name\":\"Individualaus dizaino pagalvi\u0173 u\u017evalkalai - Veido kauk\u0117s Miegan\u010dios kauk\u0117s Sportin\u0117s kauk\u0117s\",\"isPartOf\":{\"@id\":\"https:\/\/beta.masko.lv\/#website\"},\"datePublished\":\"2020-07-21T03:00:33+00:00\",\"dateModified\":\"2022-01-12T13:58:32+00:00\",\"breadcrumb\":{\"@id\":\"https:\/\/beta.masko.lv\/lt\/individualus-dizainai\/spilvendranu-izgatavosana\/#breadcrumb\"},\"inLanguage\":\"lt-LT\",\"potentialAction\":[{\"@type\":\"ReadAction\",\"target\":[\"https:\/\/beta.masko.lv\/lt\/individualus-dizainai\/spilvendranu-izgatavosana\/\"]}]},{\"@type\":\"BreadcrumbList\",\"@id\":\"https:\/\/beta.masko.lv\/lt\/individualus-dizainai\/spilvendranu-izgatavosana\/#breadcrumb\",\"itemListElement\":[{\"@type\":\"ListItem\",\"position\":1,\"name\":\"Home\",\"item\":\"https:\/\/beta.masko.lv\/lt\/\"},{\"@type\":\"ListItem\",\"position\":2,\"name\":\"Individual\u016bs dizainai\",\"item\":\"https:\/\/beta.masko.lv\/lt\/individualus-dizainai\/\"},{\"@type\":\"ListItem\",\"position\":3,\"name\":\"Individualaus dizaino pagalvi\u0173 u\u017evalkalai\"}]},{\"@type\":\"WebSite\",\"@id\":\"https:\/\/beta.masko.lv\/#website\",\"url\":\"https:\/\/beta.masko.lv\/\",\"name\":\"Spilvendr\u0101nas | Sejas maskas | Tekstila preces\",\"description\":\"I\u0161 audinio gaminame \u012fvairi\u0173 r\u016b\u0161i\u0173 kaukes\",\"publisher\":{\"@id\":\"https:\/\/beta.masko.lv\/#organization\"},\"potentialAction\":[{\"@type\":\"SearchAction\",\"target\":{\"@type\":\"EntryPoint\",\"urlTemplate\":\"https:\/\/beta.masko.lv\/?s={search_term_string}\"},\"query-input\":\"required name=search_term_string\"}],\"inLanguage\":\"lt-LT\"},{\"@type\":\"Organization\",\"@id\":\"https:\/\/beta.masko.lv\/#organization\",\"name\":\"SIA Mix Max\",\"url\":\"https:\/\/beta.masko.lv\/\",\"logo\":{\"@type\":\"ImageObject\",\"inLanguage\":\"lt-LT\",\"@id\":\"https:\/\/beta.masko.lv\/#\/schema\/logo\/image\/\",\"url\":\"https:\/\/beta.masko.lv\/wp-content\/uploads\/2020\/04\/masko-favicon.png\",\"contentUrl\":\"https:\/\/beta.masko.lv\/wp-content\/uploads\/2020\/04\/masko-favicon.png\",\"width\":512,\"height\":512,\"caption\":\"SIA Mix Max\"},\"image\":{\"@id\":\"https:\/\/beta.masko.lv\/#\/schema\/logo\/image\/\"},\"sameAs\":[\"https:\/\/www.instagram.com\/masko.lv\/\",\"https:\/\/www.pinterest.com\/maskostudio\/\",\"https:\/\/www.facebook.com\/Masko-112631173864447\/\"]}]}<\/script>\n<!-- \/ Yoast SEO plugin. -->","yoast_head_json":{"title":"Individualaus dizaino pagalvi\u0173 u\u017evalkalai - Veido kauk\u0117s Miegan\u010dios kauk\u0117s Sportin\u0117s kauk\u0117s","robots":{"index":"noindex","follow":"follow","max-snippet":"max-snippet:-1","max-image-preview":"max-image-preview:large","max-video-preview":"max-video-preview:-1"},"og_locale":"lt_LT","og_type":"article","og_title":"Individualaus dizaino pagalvi\u0173 u\u017evalkalai - Veido kauk\u0117s Miegan\u010dios kauk\u0117s Sportin\u0117s kauk\u0117s","og_description":"Mes si\u016blome puiki\u0105 galimyb\u0119 i\u0161reik\u0161ti save. Jei norite \u012fsigyti individualaus dizaino pagalvi\u0173 u\u017evalkalus, apsilank\u0117te tinkamoje vietoje. Mes pagaminsime vien\u0105 ar daugiau pagalvi\u0173 u\u017evalkal\u0173, kurie atitiks j\u016bs\u0173 norus, j\u016bs\u0173 verslo ar progos tem\u0105. Nor\u0117dami atlikti u\u017esakym\u0105, susipa\u017einkite su \u017eemiau pateikta informacija Kokios informacijos ir fail\u0173 mums reikia? Suraskite nuotrauk\u0105 ar tekst\u0105, kuriuo norite papuo\u0161ti pagalvi\u0173 u\u017evalkal\u0105...","og_url":"https:\/\/beta.masko.lv\/lt\/individualus-dizainai\/spilvendranu-izgatavosana\/","og_site_name":"Veido kauk\u0117s Miegan\u010dios kauk\u0117s Sportin\u0117s kauk\u0117s","article_publisher":"https:\/\/www.facebook.com\/Masko-112631173864447\/","article_modified_time":"2022-01-12T13:58:32+00:00","og_image":[{"width":950,"height":1014,"url":"https:\/\/beta.masko.lv\/wp-content\/uploads\/2021\/09\/29_spilvens_50x50-1.jpg","type":"image\/jpeg"}],"twitter_card":"summary_large_image","twitter_misc":{"Est. reading time":"1 minut\u0117"},"schema":{"@context":"https:\/\/schema.org","@graph":[{"@type":"WebPage","@id":"https:\/\/beta.masko.lv\/lt\/individualus-dizainai\/spilvendranu-izgatavosana\/","url":"https:\/\/beta.masko.lv\/lt\/individualus-dizainai\/spilvendranu-izgatavosana\/","name":"Individualaus dizaino pagalvi\u0173 u\u017evalkalai - Veido kauk\u0117s Miegan\u010dios kauk\u0117s Sportin\u0117s kauk\u0117s","isPartOf":{"@id":"https:\/\/beta.masko.lv\/#website"},"datePublished":"2020-07-21T03:00:33+00:00","dateModified":"2022-01-12T13:58:32+00:00","breadcrumb":{"@id":"https:\/\/beta.masko.lv\/lt\/individualus-dizainai\/spilvendranu-izgatavosana\/#breadcrumb"},"inLanguage":"lt-LT","potentialAction":[{"@type":"ReadAction","target":["https:\/\/beta.masko.lv\/lt\/individualus-dizainai\/spilvendranu-izgatavosana\/"]}]},{"@type":"BreadcrumbList","@id":"https:\/\/beta.masko.lv\/lt\/individualus-dizainai\/spilvendranu-izgatavosana\/#breadcrumb","itemListElement":[{"@type":"ListItem","position":1,"name":"Home","item":"https:\/\/beta.masko.lv\/lt\/"},{"@type":"ListItem","position":2,"name":"Individual\u016bs dizainai","item":"https:\/\/beta.masko.lv\/lt\/individualus-dizainai\/"},{"@type":"ListItem","position":3,"name":"Individualaus dizaino pagalvi\u0173 u\u017evalkalai"}]},{"@type":"WebSite","@id":"https:\/\/beta.masko.lv\/#website","url":"https:\/\/beta.masko.lv\/","name":"Spilvendr\u0101nas | Sejas maskas | Tekstila preces","description":"I\u0161 audinio gaminame \u012fvairi\u0173 r\u016b\u0161i\u0173 kaukes","publisher":{"@id":"https:\/\/beta.masko.lv\/#organization"},"potentialAction":[{"@type":"SearchAction","target":{"@type":"EntryPoint","urlTemplate":"https:\/\/beta.masko.lv\/?s={search_term_string}"},"query-input":"required name=search_term_string"}],"inLanguage":"lt-LT"},{"@type":"Organization","@id":"https:\/\/beta.masko.lv\/#organization","name":"SIA Mix Max","url":"https:\/\/beta.masko.lv\/","logo":{"@type":"ImageObject","inLanguage":"lt-LT","@id":"https:\/\/beta.masko.lv\/#\/schema\/logo\/image\/","url":"https:\/\/beta.masko.lv\/wp-content\/uploads\/2020\/04\/masko-favicon.png","contentUrl":"https:\/\/beta.masko.lv\/wp-content\/uploads\/2020\/04\/masko-favicon.png","width":512,"height":512,"caption":"SIA Mix Max"},"image":{"@id":"https:\/\/beta.masko.lv\/#\/schema\/logo\/image\/"},"sameAs":["https:\/\/www.instagram.com\/masko.lv\/","https:\/\/www.pinterest.com\/maskostudio\/","https:\/\/www.facebook.com\/Masko-112631173864447\/"]}]}},"_links":{"self":[{"href":"https:\/\/beta.masko.lv\/lt\/wp-json\/wp\/v2\/pages\/30855"}],"collection":[{"href":"https:\/\/beta.masko.lv\/lt\/wp-json\/wp\/v2\/pages"}],"about":[{"href":"https:\/\/beta.masko.lv\/lt\/wp-json\/wp\/v2\/types\/page"}],"author":[{"embeddable":true,"href":"https:\/\/beta.masko.lv\/lt\/wp-json\/wp\/v2\/users\/2"}],"replies":[{"embeddable":true,"href":"https:\/\/beta.masko.lv\/lt\/wp-json\/wp\/v2\/comments?post=30855"}],"version-history":[{"count":3,"href":"https:\/\/beta.masko.lv\/lt\/wp-json\/wp\/v2\/pages\/30855\/revisions"}],"predecessor-version":[{"id":34319,"href":"https:\/\/beta.masko.lv\/lt\/wp-json\/wp\/v2\/pages\/30855\/revisions\/34319"}],"up":[{"embeddable":true,"href":"https:\/\/beta.masko.lv\/lt\/wp-json\/wp\/v2\/pages\/5367"}],"wp:featuredmedia":[{"embeddable":true,"href":"https:\/\/beta.masko.lv\/lt\/wp-json\/wp\/v2\/media\/30870"}],"wp:attachment":[{"href":"https:\/\/beta.masko.lv\/lt\/wp-json\/wp\/v2\/media?parent=30855"}],"curies":[{"name":"wp","href":"https:\/\/api.w.org\/{rel}","templated":true}]}}