{"id":5367,"date":"2020-06-04T20:00:32","date_gmt":"2020-06-04T17:00:32","guid":{"rendered":"https:\/\/beta.masko.lv\/individuali-dizaini\/"},"modified":"2022-01-12T16:06:04","modified_gmt":"2022-01-12T14:06:04","slug":"individualus-dizainai","status":"publish","type":"page","link":"https:\/\/beta.masko.lv\/lt\/individualus-dizainai\/","title":{"rendered":"Individual\u016bs dizainai"},"content":{"rendered":"<h2>Individuali\u0173 preki\u0173 gamyba<\/h2>\n<p>Si\u016blome puiki\u0105 galimyb\u0119 i\u0161reik\u0161ti save. Jei norite sukurti individual\u0173 veido kauk\u0117s dizain\u0105, tuomet esate tinkamoje vietoje. Pagaminsime veido kauk\u0119 ar daugiau, kuri bus priderinta pagal J\u016bs\u0173 pageidavimus, renginio tem\u0105 ar verslo sektori\u0173. Individualaus dizaino suk\u016brimas vienai kaukei: 10 EUR (su modeliu ir pa\u010dia kauke)<\/p>\n<h2>Kokios informacijos ir fail\u0173 jums reikia?<\/h2>\n<ul>\n<li>Raskite bet kok\u012f norim\u0105 paveiksl\u0117l\u012f ar tekst\u0105 ant kauk\u0117s<\/li>\n<li>\u012esitikinkite, kad vaizdo skiriamoji geba yra didel\u0117 ir siekia bent 1200 pikseli\u0173 plot\u012f<\/li>\n<li>Jei pasirinkote vaizd\u0105 internete, atsisi\u0173skite j\u012f ir i\u0161saugokite j\u012f savo kompiuteryje ar kitame \u012frenginyje.<\/li>\n<li>Jei negalite atsisi\u0173sti vaizdo, nukopijuokite vaizdo nuorod\u0105<\/li>\n<li>Pasirinkite veido kauk\u0117s dyd\u012f. \u017di\u016br\u0117ti dyd\u017eius<\/li>\n<\/ul>\n<h2>Kur si\u0173sti vis\u0105 informacij\u0105?<\/h2>\n<p>Informacij\u0105 su pasirinktu vaizdu, tekstu ar net kitus pageidavimus si\u0173skite masko@masko.lv<\/p>\n<h2>Dyd\u017ei\u0173 lentel\u0117<\/h2>\n","protected":false},"excerpt":{"rendered":"<p>Individuali\u0173 preki\u0173 gamyba Si\u016blome puiki\u0105 galimyb\u0119 i\u0161reik\u0161ti save. Jei norite sukurti individual\u0173 veido kauk\u0117s dizain\u0105, tuomet esate tinkamoje vietoje. Pagaminsime veido kauk\u0119 ar daugiau, kuri bus priderinta pagal J\u016bs\u0173 pageidavimus, renginio tem\u0105 ar verslo sektori\u0173. Individualaus dizaino suk\u016brimas vienai kaukei: 10 EUR (su modeliu ir pa\u010dia kauke) Kokios informacijos ir fail\u0173 jums reikia? Raskite bet&#8230;<\/p>\n","protected":false},"author":1,"featured_media":0,"parent":0,"menu_order":0,"comment_status":"closed","ping_status":"closed","template":"individual.php","meta":[],"acf":[],"yoast_head":"<!-- This site is optimized with the Yoast SEO plugin v19.11 - https:\/\/yoast.com\/wordpress\/plugins\/seo\/ -->\n<title>Individual\u016bs dizainai - Veido kauk\u0117s Miegan\u010dios kauk\u0117s Sportin\u0117s kauk\u0117s<\/title>\n<meta name=\"robots\" content=\"noindex, follow, max-snippet:-1, max-image-preview:large, max-video-preview:-1\" \/>\n<meta property=\"og:locale\" content=\"lt_LT\" \/>\n<meta property=\"og:type\" content=\"article\" \/>\n<meta property=\"og:title\" content=\"Individual\u016bs dizainai - Veido kauk\u0117s Miegan\u010dios kauk\u0117s Sportin\u0117s kauk\u0117s\" \/>\n<meta property=\"og:description\" content=\"Individuali\u0173 preki\u0173 gamyba Si\u016blome puiki\u0105 galimyb\u0119 i\u0161reik\u0161ti save. Jei norite sukurti individual\u0173 veido kauk\u0117s dizain\u0105, tuomet esate tinkamoje vietoje. Pagaminsime veido kauk\u0119 ar daugiau, kuri bus priderinta pagal J\u016bs\u0173 pageidavimus, renginio tem\u0105 ar verslo sektori\u0173. Individualaus dizaino suk\u016brimas vienai kaukei: 10 EUR (su modeliu ir pa\u010dia kauke) Kokios informacijos ir fail\u0173 jums reikia? Raskite bet...\" \/>\n<meta property=\"og:url\" content=\"https:\/\/beta.masko.lv\/lt\/individualus-dizainai\/\" \/>\n<meta property=\"og:site_name\" content=\"Veido kauk\u0117s Miegan\u010dios kauk\u0117s Sportin\u0117s kauk\u0117s\" \/>\n<meta property=\"article:publisher\" content=\"https:\/\/www.facebook.com\/Masko-112631173864447\/\" \/>\n<meta property=\"article:modified_time\" content=\"2022-01-12T14:06:04+00:00\" \/>\n<meta name=\"twitter:card\" content=\"summary_large_image\" \/>\n<meta name=\"twitter:label1\" content=\"Est. reading time\" \/>\n\t<meta name=\"twitter:data1\" content=\"1 minut\u0117\" \/>\n<script type=\"application\/ld+json\" class=\"yoast-schema-graph\">{\"@context\":\"https:\/\/schema.org\",\"@graph\":[{\"@type\":\"WebPage\",\"@id\":\"https:\/\/beta.masko.lv\/lt\/individualus-dizainai\/\",\"url\":\"https:\/\/beta.masko.lv\/lt\/individualus-dizainai\/\",\"name\":\"Individual\u016bs dizainai - Veido kauk\u0117s Miegan\u010dios kauk\u0117s Sportin\u0117s kauk\u0117s\",\"isPartOf\":{\"@id\":\"https:\/\/beta.masko.lv\/#website\"},\"datePublished\":\"2020-06-04T17:00:32+00:00\",\"dateModified\":\"2022-01-12T14:06:04+00:00\",\"breadcrumb\":{\"@id\":\"https:\/\/beta.masko.lv\/lt\/individualus-dizainai\/#breadcrumb\"},\"inLanguage\":\"lt-LT\",\"potentialAction\":[{\"@type\":\"ReadAction\",\"target\":[\"https:\/\/beta.masko.lv\/lt\/individualus-dizainai\/\"]}]},{\"@type\":\"BreadcrumbList\",\"@id\":\"https:\/\/beta.masko.lv\/lt\/individualus-dizainai\/#breadcrumb\",\"itemListElement\":[{\"@type\":\"ListItem\",\"position\":1,\"name\":\"Home\",\"item\":\"https:\/\/beta.masko.lv\/lt\/\"},{\"@type\":\"ListItem\",\"position\":2,\"name\":\"Individual\u016bs dizainai\"}]},{\"@type\":\"WebSite\",\"@id\":\"https:\/\/beta.masko.lv\/#website\",\"url\":\"https:\/\/beta.masko.lv\/\",\"name\":\"Spilvendr\u0101nas | Sejas maskas | Tekstila preces\",\"description\":\"I\u0161 audinio gaminame \u012fvairi\u0173 r\u016b\u0161i\u0173 kaukes\",\"publisher\":{\"@id\":\"https:\/\/beta.masko.lv\/#organization\"},\"potentialAction\":[{\"@type\":\"SearchAction\",\"target\":{\"@type\":\"EntryPoint\",\"urlTemplate\":\"https:\/\/beta.masko.lv\/?s={search_term_string}\"},\"query-input\":\"required name=search_term_string\"}],\"inLanguage\":\"lt-LT\"},{\"@type\":\"Organization\",\"@id\":\"https:\/\/beta.masko.lv\/#organization\",\"name\":\"SIA Mix Max\",\"url\":\"https:\/\/beta.masko.lv\/\",\"logo\":{\"@type\":\"ImageObject\",\"inLanguage\":\"lt-LT\",\"@id\":\"https:\/\/beta.masko.lv\/#\/schema\/logo\/image\/\",\"url\":\"https:\/\/beta.masko.lv\/wp-content\/uploads\/2020\/04\/masko-favicon.png\",\"contentUrl\":\"https:\/\/beta.masko.lv\/wp-content\/uploads\/2020\/04\/masko-favicon.png\",\"width\":512,\"height\":512,\"caption\":\"SIA Mix Max\"},\"image\":{\"@id\":\"https:\/\/beta.masko.lv\/#\/schema\/logo\/image\/\"},\"sameAs\":[\"https:\/\/www.instagram.com\/masko.lv\/\",\"https:\/\/www.pinterest.com\/maskostudio\/\",\"https:\/\/www.facebook.com\/Masko-112631173864447\/\"]}]}<\/script>\n<!-- \/ Yoast SEO plugin. -->","yoast_head_json":{"title":"Individual\u016bs dizainai - Veido kauk\u0117s Miegan\u010dios kauk\u0117s Sportin\u0117s kauk\u0117s","robots":{"index":"noindex","follow":"follow","max-snippet":"max-snippet:-1","max-image-preview":"max-image-preview:large","max-video-preview":"max-video-preview:-1"},"og_locale":"lt_LT","og_type":"article","og_title":"Individual\u016bs dizainai - Veido kauk\u0117s Miegan\u010dios kauk\u0117s Sportin\u0117s kauk\u0117s","og_description":"Individuali\u0173 preki\u0173 gamyba Si\u016blome puiki\u0105 galimyb\u0119 i\u0161reik\u0161ti save. Jei norite sukurti individual\u0173 veido kauk\u0117s dizain\u0105, tuomet esate tinkamoje vietoje. Pagaminsime veido kauk\u0119 ar daugiau, kuri bus priderinta pagal J\u016bs\u0173 pageidavimus, renginio tem\u0105 ar verslo sektori\u0173. Individualaus dizaino suk\u016brimas vienai kaukei: 10 EUR (su modeliu ir pa\u010dia kauke) Kokios informacijos ir fail\u0173 jums reikia? Raskite bet...","og_url":"https:\/\/beta.masko.lv\/lt\/individualus-dizainai\/","og_site_name":"Veido kauk\u0117s Miegan\u010dios kauk\u0117s Sportin\u0117s kauk\u0117s","article_publisher":"https:\/\/www.facebook.com\/Masko-112631173864447\/","article_modified_time":"2022-01-12T14:06:04+00:00","twitter_card":"summary_large_image","twitter_misc":{"Est. reading time":"1 minut\u0117"},"schema":{"@context":"https:\/\/schema.org","@graph":[{"@type":"WebPage","@id":"https:\/\/beta.masko.lv\/lt\/individualus-dizainai\/","url":"https:\/\/beta.masko.lv\/lt\/individualus-dizainai\/","name":"Individual\u016bs dizainai - Veido kauk\u0117s Miegan\u010dios kauk\u0117s Sportin\u0117s kauk\u0117s","isPartOf":{"@id":"https:\/\/beta.masko.lv\/#website"},"datePublished":"2020-06-04T17:00:32+00:00","dateModified":"2022-01-12T14:06:04+00:00","breadcrumb":{"@id":"https:\/\/beta.masko.lv\/lt\/individualus-dizainai\/#breadcrumb"},"inLanguage":"lt-LT","potentialAction":[{"@type":"ReadAction","target":["https:\/\/beta.masko.lv\/lt\/individualus-dizainai\/"]}]},{"@type":"BreadcrumbList","@id":"https:\/\/beta.masko.lv\/lt\/individualus-dizainai\/#breadcrumb","itemListElement":[{"@type":"ListItem","position":1,"name":"Home","item":"https:\/\/beta.masko.lv\/lt\/"},{"@type":"ListItem","position":2,"name":"Individual\u016bs dizainai"}]},{"@type":"WebSite","@id":"https:\/\/beta.masko.lv\/#website","url":"https:\/\/beta.masko.lv\/","name":"Spilvendr\u0101nas | Sejas maskas | Tekstila preces","description":"I\u0161 audinio gaminame \u012fvairi\u0173 r\u016b\u0161i\u0173 kaukes","publisher":{"@id":"https:\/\/beta.masko.lv\/#organization"},"potentialAction":[{"@type":"SearchAction","target":{"@type":"EntryPoint","urlTemplate":"https:\/\/beta.masko.lv\/?s={search_term_string}"},"query-input":"required name=search_term_string"}],"inLanguage":"lt-LT"},{"@type":"Organization","@id":"https:\/\/beta.masko.lv\/#organization","name":"SIA Mix Max","url":"https:\/\/beta.masko.lv\/","logo":{"@type":"ImageObject","inLanguage":"lt-LT","@id":"https:\/\/beta.masko.lv\/#\/schema\/logo\/image\/","url":"https:\/\/beta.masko.lv\/wp-content\/uploads\/2020\/04\/masko-favicon.png","contentUrl":"https:\/\/beta.masko.lv\/wp-content\/uploads\/2020\/04\/masko-favicon.png","width":512,"height":512,"caption":"SIA Mix Max"},"image":{"@id":"https:\/\/beta.masko.lv\/#\/schema\/logo\/image\/"},"sameAs":["https:\/\/www.instagram.com\/masko.lv\/","https:\/\/www.pinterest.com\/maskostudio\/","https:\/\/www.facebook.com\/Masko-112631173864447\/"]}]}},"_links":{"self":[{"href":"https:\/\/beta.masko.lv\/lt\/wp-json\/wp\/v2\/pages\/5367"}],"collection":[{"href":"https:\/\/beta.masko.lv\/lt\/wp-json\/wp\/v2\/pages"}],"about":[{"href":"https:\/\/beta.masko.lv\/lt\/wp-json\/wp\/v2\/types\/page"}],"author":[{"embeddable":true,"href":"https:\/\/beta.masko.lv\/lt\/wp-json\/wp\/v2\/users\/1"}],"replies":[{"embeddable":true,"href":"https:\/\/beta.masko.lv\/lt\/wp-json\/wp\/v2\/comments?post=5367"}],"version-history":[{"count":9,"href":"https:\/\/beta.masko.lv\/lt\/wp-json\/wp\/v2\/pages\/5367\/revisions"}],"predecessor-version":[{"id":34323,"href":"https:\/\/beta.masko.lv\/lt\/wp-json\/wp\/v2\/pages\/5367\/revisions\/34323"}],"wp:attachment":[{"href":"https:\/\/beta.masko.lv\/lt\/wp-json\/wp\/v2\/media?parent=5367"}],"curies":[{"name":"wp","href":"https:\/\/api.w.org\/{rel}","templated":true}]}}